{"id":439333,"date":"2025-09-18T12:47:13","date_gmt":"2025-09-18T12:47:13","guid":{"rendered":"https:\/\/stylingagenten.com\/sv\/produkt\/giftset-calvin-klein-defy-edp-50ml-shower-gel-100ml\/"},"modified":"2026-04-12T15:08:24","modified_gmt":"2026-04-12T15:08:24","slug":"giftset-calvin-klein-defy-edp-50ml-shower-gel-100ml","status":"publish","type":"product","link":"https:\/\/stylingagenten.com\/sv\/produkt\/giftset-calvin-klein-defy-edp-50ml-shower-gel-100ml\/","title":{"rendered":"Giftset Calvin Klein Defy Edp 50ml + Shower Gel 100ml"},"content":{"rendered":"<p>Fr\u00e4sch. Maskulin. Beroendeframkallande. Calvin Klein Defy herr parfym \u00e4r en dj\u00e4rv kontrast av uppfriskande friskhet och kraftfulla tr\u00e4slag: en Eau de Toilette f\u00f6r m\u00e4n som v\u00e5gar t\u00e4nja p\u00e5 gr\u00e4nserna och ta riskerna.<\/p>\n<p>Denna energifyllda och fr\u00e4scha Calvin Klein-parfym \u00f6ppnar med en sp\u00e4nnande citrusblandning av krispig bergamott och uppfriskande lavendel absolute. I hj\u00e4rtat finns etiskt framst\u00e4lld vetiver fr\u00e5n Haiti, som f\u00f6rst\u00e4rker doftens maskulina k\u00e4nsla och i basen finns sensuell, lockande amber som tillf\u00f6r en h\u00e4rlig v\u00e4rme. Den moderna, stilrena flaskan speglar Calvin Kleins ikoniska k\u00e4nnetecken &#8211; jeansbl\u00e5tt och minimalism med en sensuell touch.<\/p>\n<p>Giftsetet inneh\u00e5ller:<br \/>Calvin Klein Defy Edp 50ml<br \/>Calvin Klein Defy Shower Gel 100ml<\/p>\n","protected":false},"excerpt":{"rendered":"<p>Fr\u00e4sch. Maskulin. Beroendeframkallande. Calvin Klein Defy herr parfym \u00e4r en dj\u00e4rv kontrast av uppfriskande friskhet och kraftfulla tr\u00e4slag: en Eau de Toilette f\u00f6r m\u00e4n som v\u00e5gar t\u00e4nja p\u00e5 gr\u00e4nserna och ta riskerna. Denna energifyllda och fr\u00e4scha Calvin Klein-parfym \u00f6ppnar med en sp\u00e4nnande citrusblandning av krispig bergamott och uppfriskande lavendel absolute. I hj\u00e4rtat finns etiskt framst\u00e4lld [&hellip;]<\/p>\n","protected":false},"featured_media":439331,"comment_status":"open","ping_status":"closed","template":"","meta":{"_trash_the_other_posts":false},"product_brand":[],"product_cat":[548],"product_tag":[],"berocket_brand":[1014],"class_list":{"0":"post-439333","1":"product","2":"type-product","3":"status-publish","4":"has-post-thumbnail","6":"product_cat-giftset-parfym-herr","7":"pa_brand-calvin-klein","8":"berocket_brand-calvin-klein","10":"first","11":"instock","12":"sale","13":"taxable","14":"shipping-taxable","15":"purchasable","16":"product-type-simple"},"_links":{"self":[{"href":"https:\/\/stylingagenten.com\/sv\/wp-json\/wp\/v2\/product\/439333","targetHints":{"allow":["GET"]}}],"collection":[{"href":"https:\/\/stylingagenten.com\/sv\/wp-json\/wp\/v2\/product"}],"about":[{"href":"https:\/\/stylingagenten.com\/sv\/wp-json\/wp\/v2\/types\/product"}],"replies":[{"embeddable":true,"href":"https:\/\/stylingagenten.com\/sv\/wp-json\/wp\/v2\/comments?post=439333"}],"version-history":[{"count":0,"href":"https:\/\/stylingagenten.com\/sv\/wp-json\/wp\/v2\/product\/439333\/revisions"}],"wp:featuredmedia":[{"embeddable":true,"href":"https:\/\/stylingagenten.com\/sv\/wp-json\/wp\/v2\/media\/439331"}],"wp:attachment":[{"href":"https:\/\/stylingagenten.com\/sv\/wp-json\/wp\/v2\/media?parent=439333"}],"wp:term":[{"taxonomy":"product_brand","embeddable":true,"href":"https:\/\/stylingagenten.com\/sv\/wp-json\/wp\/v2\/product_brand?post=439333"},{"taxonomy":"product_cat","embeddable":true,"href":"https:\/\/stylingagenten.com\/sv\/wp-json\/wp\/v2\/product_cat?post=439333"},{"taxonomy":"product_tag","embeddable":true,"href":"https:\/\/stylingagenten.com\/sv\/wp-json\/wp\/v2\/product_tag?post=439333"},{"taxonomy":"berocket_brand","embeddable":true,"href":"https:\/\/stylingagenten.com\/sv\/wp-json\/wp\/v2\/berocket_brand?post=439333"}],"curies":[{"name":"wp","href":"https:\/\/api.w.org\/{rel}","templated":true}]}}