{"id":439233,"date":"2025-09-18T08:55:26","date_gmt":"2025-09-18T08:55:26","guid":{"rendered":"https:\/\/stylingagenten.com\/sv\/produkt\/juicy-couture-viva-la-petals-please-edp-100ml\/"},"modified":"2026-04-08T15:31:22","modified_gmt":"2026-04-08T15:31:22","slug":"juicy-couture-viva-la-petals-please-edp-100ml","status":"publish","type":"product","link":"https:\/\/stylingagenten.com\/sv\/produkt\/juicy-couture-viva-la-petals-please-edp-100ml\/","title":{"rendered":"Juicy Couture Viva La Petals Please Edp 100ml"},"content":{"rendered":"<p>Juicy Couture Viva La Petals Please Edp har en sprudlande och blommig blandning med noter av magnolia, liljekonvalj, jasmin och rosa freesia. Den f\u00e4rgglada kompositionen ger en beroendeframkallande doft och avslutas med karamelliserade tr\u00e4noter, gyllene amber och vanilj fr\u00e5n Madagaskar i basnoterna. V\u00e4lj gl\u00e4dje och l\u00e5t dig blomma ut av denna doft! Topp: Lilja, levande mullb\u00e4r och gl\u00f6dande magnolia Mitt: Varmrosa freesia, egyptisk jasmin, gardenia kronblad, ros. Bas: Kr\u00e4mig trenotes, gyllene amber, vanilj fr\u00e5n Madagaskar, salt karamell.<\/p>\n<p>100ml<\/p>\n","protected":false},"excerpt":{"rendered":"<p>Juicy Couture Viva La Petals Please Edp har en sprudlande och blommig blandning med noter av magnolia, liljekonvalj, jasmin och rosa freesia. Den f\u00e4rgglada kompositionen ger en beroendeframkallande doft och avslutas med karamelliserade tr\u00e4noter, gyllene amber och vanilj fr\u00e5n Madagaskar i basnoterna. V\u00e4lj gl\u00e4dje och l\u00e5t dig blomma ut av denna doft! Topp: Lilja, levande [&hellip;]<\/p>\n","protected":false},"featured_media":439228,"comment_status":"open","ping_status":"closed","template":"","meta":{"_trash_the_other_posts":false},"product_brand":[],"product_cat":[706],"product_tag":[],"berocket_brand":[1067],"class_list":{"0":"post-439233","1":"product","2":"type-product","3":"status-publish","4":"has-post-thumbnail","6":"product_cat-eau-de-parfum-dam","7":"pa_brand-juicy-couture","8":"berocket_brand-juicy-couture","10":"first","11":"instock","12":"sale","13":"taxable","14":"shipping-taxable","15":"purchasable","16":"product-type-simple"},"_links":{"self":[{"href":"https:\/\/stylingagenten.com\/sv\/wp-json\/wp\/v2\/product\/439233","targetHints":{"allow":["GET"]}}],"collection":[{"href":"https:\/\/stylingagenten.com\/sv\/wp-json\/wp\/v2\/product"}],"about":[{"href":"https:\/\/stylingagenten.com\/sv\/wp-json\/wp\/v2\/types\/product"}],"replies":[{"embeddable":true,"href":"https:\/\/stylingagenten.com\/sv\/wp-json\/wp\/v2\/comments?post=439233"}],"version-history":[{"count":0,"href":"https:\/\/stylingagenten.com\/sv\/wp-json\/wp\/v2\/product\/439233\/revisions"}],"wp:featuredmedia":[{"embeddable":true,"href":"https:\/\/stylingagenten.com\/sv\/wp-json\/wp\/v2\/media\/439228"}],"wp:attachment":[{"href":"https:\/\/stylingagenten.com\/sv\/wp-json\/wp\/v2\/media?parent=439233"}],"wp:term":[{"taxonomy":"product_brand","embeddable":true,"href":"https:\/\/stylingagenten.com\/sv\/wp-json\/wp\/v2\/product_brand?post=439233"},{"taxonomy":"product_cat","embeddable":true,"href":"https:\/\/stylingagenten.com\/sv\/wp-json\/wp\/v2\/product_cat?post=439233"},{"taxonomy":"product_tag","embeddable":true,"href":"https:\/\/stylingagenten.com\/sv\/wp-json\/wp\/v2\/product_tag?post=439233"},{"taxonomy":"berocket_brand","embeddable":true,"href":"https:\/\/stylingagenten.com\/sv\/wp-json\/wp\/v2\/berocket_brand?post=439233"}],"curies":[{"name":"wp","href":"https:\/\/api.w.org\/{rel}","templated":true}]}}