{"id":42710,"date":"2025-01-27T20:41:57","date_gmt":"2025-01-27T20:41:57","guid":{"rendered":"https:\/\/staging2.stylingagenten.com\/sv\/produkt\/beauty-uk-new-face-powder-compact-no-1\/"},"modified":"2026-03-30T03:28:25","modified_gmt":"2026-03-30T03:28:25","slug":"beauty-uk-new-face-powder-compact-no-1","status":"publish","type":"product","link":"https:\/\/stylingagenten.com\/sv\/produkt\/beauty-uk-new-face-powder-compact-no-1\/","title":{"rendered":"Beauty UK NEW Face Powder Compact No.1"},"content":{"rendered":"<p>Beauty UK NEW Face Powder Compact No.1 &#8211; Ett l\u00e4ttviktspuder som \u00e4r ett m\u00e5ste att ha i sin handv\u00e4ska. Ger en f\u00f6rb\u00e4ttrad t\u00e4ckning och underbart resultat. F\u00f6rpackas i ett vacker gl\u00e4nsande svart fodral med flip lock, stor spegel och en puff f\u00f6r applicering.<\/p>\n","protected":false},"excerpt":{"rendered":"<p>Beauty UK NEW Face Powder Compact No.1 &#8211; Ett l\u00e4ttviktspuder som \u00e4r ett m\u00e5ste att ha i sin handv\u00e4ska. Ger en f\u00f6rb\u00e4ttrad t\u00e4ckning och underbart resultat. F\u00f6rpackas i ett vacker gl\u00e4nsande svart fodral med flip lock, stor spegel och en puff f\u00f6r applicering.<\/p>\n","protected":false},"featured_media":42709,"comment_status":"open","ping_status":"closed","template":"","meta":{"_trash_the_other_posts":false},"product_brand":[],"product_cat":[606],"product_tag":[2518],"berocket_brand":[1059],"class_list":{"0":"post-42710","1":"product","2":"type-product","3":"status-publish","4":"has-post-thumbnail","6":"product_cat-puder","7":"product_tag-beauty-uk-new-face-powder-compact","8":"pa_brand-beautyuk","9":"pa_variant-no-1","10":"berocket_brand-beautyuk","12":"first","13":"instock","14":"sale","15":"taxable","16":"shipping-taxable","17":"purchasable","18":"product-type-simple"},"_links":{"self":[{"href":"https:\/\/stylingagenten.com\/sv\/wp-json\/wp\/v2\/product\/42710","targetHints":{"allow":["GET"]}}],"collection":[{"href":"https:\/\/stylingagenten.com\/sv\/wp-json\/wp\/v2\/product"}],"about":[{"href":"https:\/\/stylingagenten.com\/sv\/wp-json\/wp\/v2\/types\/product"}],"replies":[{"embeddable":true,"href":"https:\/\/stylingagenten.com\/sv\/wp-json\/wp\/v2\/comments?post=42710"}],"version-history":[{"count":0,"href":"https:\/\/stylingagenten.com\/sv\/wp-json\/wp\/v2\/product\/42710\/revisions"}],"wp:featuredmedia":[{"embeddable":true,"href":"https:\/\/stylingagenten.com\/sv\/wp-json\/wp\/v2\/media\/42709"}],"wp:attachment":[{"href":"https:\/\/stylingagenten.com\/sv\/wp-json\/wp\/v2\/media?parent=42710"}],"wp:term":[{"taxonomy":"product_brand","embeddable":true,"href":"https:\/\/stylingagenten.com\/sv\/wp-json\/wp\/v2\/product_brand?post=42710"},{"taxonomy":"product_cat","embeddable":true,"href":"https:\/\/stylingagenten.com\/sv\/wp-json\/wp\/v2\/product_cat?post=42710"},{"taxonomy":"product_tag","embeddable":true,"href":"https:\/\/stylingagenten.com\/sv\/wp-json\/wp\/v2\/product_tag?post=42710"},{"taxonomy":"berocket_brand","embeddable":true,"href":"https:\/\/stylingagenten.com\/sv\/wp-json\/wp\/v2\/berocket_brand?post=42710"}],"curies":[{"name":"wp","href":"https:\/\/api.w.org\/{rel}","templated":true}]}}