{"id":42624,"date":"2025-01-27T20:41:34","date_gmt":"2025-01-27T20:41:34","guid":{"rendered":"https:\/\/staging2.stylingagenten.com\/sv\/produkt\/loreal-paris-volume-million-lashes-mascara-extra-black-9ml\/"},"modified":"2026-04-11T15:28:24","modified_gmt":"2026-04-11T15:28:24","slug":"loreal-paris-volume-million-lashes-mascara-extra-black-9ml","status":"publish","type":"product","link":"https:\/\/stylingagenten.com\/sv\/produkt\/loreal-paris-volume-million-lashes-mascara-extra-black-9ml\/","title":{"rendered":"L&#8217;Or\u00e9al Paris Volume Million Lashes Mascara Extra Black 9ml"},"content":{"rendered":"<p>L&#8217;Or\u00e9al Paris Volume Million Lashes Mascara ger dina fransar mer \u00e4n volym. Den miljoniserande borsten har extra m\u00e5nga mjuka piggar som kommer \u00e5t varje frans. Den nya smarta beh\u00e5llaren g\u00f6r att du f\u00e5r exakt r\u00e4tt m\u00e4ngd mascara p\u00e5 borsten, f\u00f6r ett 100% klumpfritt resultat.  F\u00e4rg:  Extra Svart <\/p>\n","protected":false},"excerpt":{"rendered":"<p>L&#8217;Or\u00e9al Paris Volume Million Lashes Mascara ger dina fransar mer \u00e4n volym. Den miljoniserande borsten har extra m\u00e5nga mjuka piggar som kommer \u00e5t varje frans. Den nya smarta beh\u00e5llaren g\u00f6r att du f\u00e5r exakt r\u00e4tt m\u00e4ngd mascara p\u00e5 borsten, f\u00f6r ett 100% klumpfritt resultat. F\u00e4rg: Extra Svart<\/p>\n","protected":false},"featured_media":42622,"comment_status":"open","ping_status":"closed","template":"","meta":{"_trash_the_other_posts":false},"product_brand":[],"product_cat":[618],"product_tag":[],"berocket_brand":[1019],"class_list":{"0":"post-42624","1":"product","2":"type-product","3":"status-publish","4":"has-post-thumbnail","6":"product_cat-mascara","7":"pa_brand-loreal-paris-2","8":"berocket_brand-loreal","10":"first","11":"outofstock","12":"sale","13":"taxable","14":"shipping-taxable","15":"purchasable","16":"product-type-simple"},"_links":{"self":[{"href":"https:\/\/stylingagenten.com\/sv\/wp-json\/wp\/v2\/product\/42624","targetHints":{"allow":["GET"]}}],"collection":[{"href":"https:\/\/stylingagenten.com\/sv\/wp-json\/wp\/v2\/product"}],"about":[{"href":"https:\/\/stylingagenten.com\/sv\/wp-json\/wp\/v2\/types\/product"}],"replies":[{"embeddable":true,"href":"https:\/\/stylingagenten.com\/sv\/wp-json\/wp\/v2\/comments?post=42624"}],"version-history":[{"count":0,"href":"https:\/\/stylingagenten.com\/sv\/wp-json\/wp\/v2\/product\/42624\/revisions"}],"wp:featuredmedia":[{"embeddable":true,"href":"https:\/\/stylingagenten.com\/sv\/wp-json\/wp\/v2\/media\/42622"}],"wp:attachment":[{"href":"https:\/\/stylingagenten.com\/sv\/wp-json\/wp\/v2\/media?parent=42624"}],"wp:term":[{"taxonomy":"product_brand","embeddable":true,"href":"https:\/\/stylingagenten.com\/sv\/wp-json\/wp\/v2\/product_brand?post=42624"},{"taxonomy":"product_cat","embeddable":true,"href":"https:\/\/stylingagenten.com\/sv\/wp-json\/wp\/v2\/product_cat?post=42624"},{"taxonomy":"product_tag","embeddable":true,"href":"https:\/\/stylingagenten.com\/sv\/wp-json\/wp\/v2\/product_tag?post=42624"},{"taxonomy":"berocket_brand","embeddable":true,"href":"https:\/\/stylingagenten.com\/sv\/wp-json\/wp\/v2\/berocket_brand?post=42624"}],"curies":[{"name":"wp","href":"https:\/\/api.w.org\/{rel}","templated":true}]}}