{"id":42428,"date":"2025-01-27T20:40:51","date_gmt":"2025-01-27T20:40:51","guid":{"rendered":"https:\/\/staging2.stylingagenten.com\/sv\/produkt\/diesel-fuel-for-life-for-him-edt-50ml\/"},"modified":"2026-04-14T10:48:39","modified_gmt":"2026-04-14T10:48:39","slug":"diesel-fuel-for-life-for-him-edt-50ml","status":"publish","type":"product","link":"https:\/\/stylingagenten.com\/sv\/produkt\/diesel-fuel-for-life-for-him-edt-50ml\/","title":{"rendered":"Diesel Fuel For Life For Him Edt 50ml"},"content":{"rendered":"<p>Diesel Fuel For Life For Him \u00e4r en modern och aromatisk doft med toner av bland annat stj\u00e4rnanis, grapefrukt och tr\u00e4. Tillsammans bildar ingredienserna en manlig och karakt\u00e4ristisk sammans\u00e4ttning.<\/p>\n<p><strong>Doftnoter:<\/strong> stj\u00e4rnanis, grapefrukt, lavendel, hallon, heliotop, hagtorn, vanilj, vetiver &amp; cedertr\u00e4.<\/p>\n","protected":false},"excerpt":{"rendered":"<p>Diesel Fuel For Life For Him \u00e4r en modern och aromatisk doft med toner av bland annat stj\u00e4rnanis, grapefrukt och tr\u00e4. Tillsammans bildar ingredienserna en manlig och karakt\u00e4ristisk sammans\u00e4ttning. Doftnoter: stj\u00e4rnanis, grapefrukt, lavendel, hallon, heliotop, hagtorn, vanilj, vetiver &amp; cedertr\u00e4.<\/p>\n","protected":false},"featured_media":42424,"comment_status":"open","ping_status":"closed","template":"","meta":{"_trash_the_other_posts":false},"product_brand":[],"product_cat":[709,735,1000,1006,1003],"product_tag":[2829],"berocket_brand":[1288],"class_list":{"0":"post-42428","1":"product","2":"type-product","3":"status-publish","4":"has-post-thumbnail","6":"product_cat-eau-de-toilette-herr","7":"product_cat-kampanj","8":"product_cat-kampanj-for-honom","9":"product_cat-kampanjpris","10":"product_cat-toppsaljare","11":"product_tag-diesel-fuel-for-life-for-him-edt","12":"pa_brand-diesel","13":"pa_variant-50ml","14":"berocket_brand-diesel","16":"first","17":"instock","18":"sale","19":"taxable","20":"shipping-taxable","21":"purchasable","22":"product-type-simple"},"_links":{"self":[{"href":"https:\/\/stylingagenten.com\/sv\/wp-json\/wp\/v2\/product\/42428","targetHints":{"allow":["GET"]}}],"collection":[{"href":"https:\/\/stylingagenten.com\/sv\/wp-json\/wp\/v2\/product"}],"about":[{"href":"https:\/\/stylingagenten.com\/sv\/wp-json\/wp\/v2\/types\/product"}],"replies":[{"embeddable":true,"href":"https:\/\/stylingagenten.com\/sv\/wp-json\/wp\/v2\/comments?post=42428"}],"version-history":[{"count":0,"href":"https:\/\/stylingagenten.com\/sv\/wp-json\/wp\/v2\/product\/42428\/revisions"}],"wp:featuredmedia":[{"embeddable":true,"href":"https:\/\/stylingagenten.com\/sv\/wp-json\/wp\/v2\/media\/42424"}],"wp:attachment":[{"href":"https:\/\/stylingagenten.com\/sv\/wp-json\/wp\/v2\/media?parent=42428"}],"wp:term":[{"taxonomy":"product_brand","embeddable":true,"href":"https:\/\/stylingagenten.com\/sv\/wp-json\/wp\/v2\/product_brand?post=42428"},{"taxonomy":"product_cat","embeddable":true,"href":"https:\/\/stylingagenten.com\/sv\/wp-json\/wp\/v2\/product_cat?post=42428"},{"taxonomy":"product_tag","embeddable":true,"href":"https:\/\/stylingagenten.com\/sv\/wp-json\/wp\/v2\/product_tag?post=42428"},{"taxonomy":"berocket_brand","embeddable":true,"href":"https:\/\/stylingagenten.com\/sv\/wp-json\/wp\/v2\/berocket_brand?post=42428"}],"curies":[{"name":"wp","href":"https:\/\/api.w.org\/{rel}","templated":true}]}}