{"id":42309,"date":"2025-01-27T20:40:25","date_gmt":"2025-01-27T20:40:25","guid":{"rendered":"https:\/\/staging2.stylingagenten.com\/sv\/produkt\/cerruti-1881-femme-edt-30ml\/"},"modified":"2026-04-06T20:28:33","modified_gmt":"2026-04-06T20:28:33","slug":"cerruti-1881-femme-edt-30ml","status":"publish","type":"product","link":"https:\/\/stylingagenten.com\/sv\/produkt\/cerruti-1881-femme-edt-30ml\/","title":{"rendered":"Cerruti 1881 Femme Edt 30ml"},"content":{"rendered":"<p>Cerruti 1881 Femme \u00e4r en frisk och blommig doft som passar b\u00e5de till den \u00e4ldre damen som den yngre kvinnan.<\/p>\n<p><strong>Doftnoter: <\/strong>rosor, mimosa, jasmin, fresia, apelsinblomma, kamomill &amp; linblomma.<\/p>\n","protected":false},"excerpt":{"rendered":"<p>Cerruti 1881 Femme \u00e4r en frisk och blommig doft som passar b\u00e5de till den \u00e4ldre damen som den yngre kvinnan. Doftnoter: rosor, mimosa, jasmin, fresia, apelsinblomma, kamomill &amp; linblomma.<\/p>\n","protected":false},"featured_media":42303,"comment_status":"open","ping_status":"closed","template":"","meta":{"_trash_the_other_posts":false},"product_brand":[],"product_cat":[707,735,999],"product_tag":[2696],"berocket_brand":[1075],"class_list":{"0":"post-42309","1":"product","2":"type-product","3":"status-publish","4":"has-post-thumbnail","6":"product_cat-eau-de-toilette-dam","7":"product_cat-kampanj","8":"product_cat-kampanj-for-henne","9":"product_tag-cerruti-1881-femme-edt","10":"pa_brand-cerruti","11":"pa_variant-30ml","12":"berocket_brand-cerruti","14":"first","15":"outofstock","16":"sale","17":"taxable","18":"shipping-taxable","19":"purchasable","20":"product-type-simple"},"_links":{"self":[{"href":"https:\/\/stylingagenten.com\/sv\/wp-json\/wp\/v2\/product\/42309","targetHints":{"allow":["GET"]}}],"collection":[{"href":"https:\/\/stylingagenten.com\/sv\/wp-json\/wp\/v2\/product"}],"about":[{"href":"https:\/\/stylingagenten.com\/sv\/wp-json\/wp\/v2\/types\/product"}],"replies":[{"embeddable":true,"href":"https:\/\/stylingagenten.com\/sv\/wp-json\/wp\/v2\/comments?post=42309"}],"version-history":[{"count":0,"href":"https:\/\/stylingagenten.com\/sv\/wp-json\/wp\/v2\/product\/42309\/revisions"}],"wp:featuredmedia":[{"embeddable":true,"href":"https:\/\/stylingagenten.com\/sv\/wp-json\/wp\/v2\/media\/42303"}],"wp:attachment":[{"href":"https:\/\/stylingagenten.com\/sv\/wp-json\/wp\/v2\/media?parent=42309"}],"wp:term":[{"taxonomy":"product_brand","embeddable":true,"href":"https:\/\/stylingagenten.com\/sv\/wp-json\/wp\/v2\/product_brand?post=42309"},{"taxonomy":"product_cat","embeddable":true,"href":"https:\/\/stylingagenten.com\/sv\/wp-json\/wp\/v2\/product_cat?post=42309"},{"taxonomy":"product_tag","embeddable":true,"href":"https:\/\/stylingagenten.com\/sv\/wp-json\/wp\/v2\/product_tag?post=42309"},{"taxonomy":"berocket_brand","embeddable":true,"href":"https:\/\/stylingagenten.com\/sv\/wp-json\/wp\/v2\/berocket_brand?post=42309"}],"curies":[{"name":"wp","href":"https:\/\/api.w.org\/{rel}","templated":true}]}}