{"id":422599,"date":"2025-08-25T10:58:47","date_gmt":"2025-08-25T10:58:47","guid":{"rendered":"https:\/\/staging2.stylingagenten.com\/sv\/produkt\/elizabeth-arden-white-tea-lilac-edt-100ml\/"},"modified":"2026-03-13T10:27:29","modified_gmt":"2026-03-13T10:27:29","slug":"elizabeth-arden-white-tea-lilac-edt-100ml","status":"publish","type":"product","link":"https:\/\/stylingagenten.com\/sv\/produkt\/elizabeth-arden-white-tea-lilac-edt-100ml\/","title":{"rendered":"Elizabeth Arden White Tea Lilac Edt 100ml"},"content":{"rendered":"<p>Elizabeth Arden White Tea Lilac Edt \u00e4r en blommig doft som blandar den delikata charmen hos lila syren med vitt te f\u00f6r att f\u00e5nga essensen av lugn och elegans. Doften \u00f6ppnar med uppfriskande italiensk mandarin och delikat jasmin sambac. Den utvecklas med den romantiska blandningen av lila fransk syren och sydlig bl\u00e5regn. Slutligen l\u00e4mnar den ett best\u00e5ende intryck med de varma, lugnande noterna av vitt tr\u00e4, tonkab\u00f6na och mysk. Idealisk f\u00f6r dem som uppskattar tidl\u00f6sa, lugna dofter.<\/p>\n<p>100ml<\/p>\n","protected":false},"excerpt":{"rendered":"<p>Elizabeth Arden White Tea Lilac Edt \u00e4r en blommig doft som blandar den delikata charmen hos lila syren med vitt te f\u00f6r att f\u00e5nga essensen av lugn och elegans. Doften \u00f6ppnar med uppfriskande italiensk mandarin och delikat jasmin sambac. Den utvecklas med den romantiska blandningen av lila fransk syren och sydlig bl\u00e5regn. Slutligen l\u00e4mnar den [&hellip;]<\/p>\n","protected":false},"featured_media":422594,"comment_status":"open","ping_status":"closed","template":"","meta":{"_trash_the_other_posts":false},"product_brand":[],"product_cat":[707,735,999],"product_tag":[],"berocket_brand":[1303],"class_list":{"0":"post-422599","1":"product","2":"type-product","3":"status-publish","4":"has-post-thumbnail","6":"product_cat-eau-de-toilette-dam","7":"product_cat-kampanj","8":"product_cat-kampanj-for-henne","9":"pa_brand-elizabeth-arden","10":"berocket_brand-elizabeth-arden","12":"first","13":"instock","14":"sale","15":"taxable","16":"shipping-taxable","17":"purchasable","18":"product-type-simple"},"_links":{"self":[{"href":"https:\/\/stylingagenten.com\/sv\/wp-json\/wp\/v2\/product\/422599","targetHints":{"allow":["GET"]}}],"collection":[{"href":"https:\/\/stylingagenten.com\/sv\/wp-json\/wp\/v2\/product"}],"about":[{"href":"https:\/\/stylingagenten.com\/sv\/wp-json\/wp\/v2\/types\/product"}],"replies":[{"embeddable":true,"href":"https:\/\/stylingagenten.com\/sv\/wp-json\/wp\/v2\/comments?post=422599"}],"version-history":[{"count":0,"href":"https:\/\/stylingagenten.com\/sv\/wp-json\/wp\/v2\/product\/422599\/revisions"}],"wp:featuredmedia":[{"embeddable":true,"href":"https:\/\/stylingagenten.com\/sv\/wp-json\/wp\/v2\/media\/422594"}],"wp:attachment":[{"href":"https:\/\/stylingagenten.com\/sv\/wp-json\/wp\/v2\/media?parent=422599"}],"wp:term":[{"taxonomy":"product_brand","embeddable":true,"href":"https:\/\/stylingagenten.com\/sv\/wp-json\/wp\/v2\/product_brand?post=422599"},{"taxonomy":"product_cat","embeddable":true,"href":"https:\/\/stylingagenten.com\/sv\/wp-json\/wp\/v2\/product_cat?post=422599"},{"taxonomy":"product_tag","embeddable":true,"href":"https:\/\/stylingagenten.com\/sv\/wp-json\/wp\/v2\/product_tag?post=422599"},{"taxonomy":"berocket_brand","embeddable":true,"href":"https:\/\/stylingagenten.com\/sv\/wp-json\/wp\/v2\/berocket_brand?post=422599"}],"curies":[{"name":"wp","href":"https:\/\/api.w.org\/{rel}","templated":true}]}}