{"id":422551,"date":"2025-08-25T10:58:36","date_gmt":"2025-08-25T10:58:36","guid":{"rendered":"https:\/\/staging2.stylingagenten.com\/sv\/produkt\/david-beckham-instinct-edp-75ml\/"},"modified":"2026-04-14T09:49:24","modified_gmt":"2026-04-14T09:49:24","slug":"david-beckham-instinct-edp-75ml","status":"publish","type":"product","link":"https:\/\/stylingagenten.com\/sv\/produkt\/david-beckham-instinct-edp-75ml\/","title":{"rendered":"David Beckham Instinct Edp 75ml"},"content":{"rendered":"<p>David Beckham Fragrances presenterar Instinct, en kraftfull och l\u00e5ngvarig Eau de Parfum f\u00f6r den energiska mannen som v\u00e5gar f\u00f6lja sin intuition. Den h\u00e4r f\u00e4ngslande maskulina citrusparfymen \u00e4r inspirerad av Davids karismatiska personlighet och f\u00f6rmedlar en intensiv, dynamisk k\u00e4nsla.<\/p>\n<p>Den livfulla doften \u00f6ppnar med en pigg friskhet tack vare en ljus ton av bergamott. I hj\u00e4rtat finner vi kryddig kardemumma som ger en rik v\u00e4rme samt jordn\u00e4ra toner av patchouli. Med sin sofistikerande, rena design, utstr\u00e5lar Instinct-parfymflaskan diskret elegans.<\/p>\n<p>75ml<\/p>\n","protected":false},"excerpt":{"rendered":"<p>David Beckham Fragrances presenterar Instinct, en kraftfull och l\u00e5ngvarig Eau de Parfum f\u00f6r den energiska mannen som v\u00e5gar f\u00f6lja sin intuition. Den h\u00e4r f\u00e4ngslande maskulina citrusparfymen \u00e4r inspirerad av Davids karismatiska personlighet och f\u00f6rmedlar en intensiv, dynamisk k\u00e4nsla. Den livfulla doften \u00f6ppnar med en pigg friskhet tack vare en ljus ton av bergamott. I hj\u00e4rtat [&hellip;]<\/p>\n","protected":false},"featured_media":422541,"comment_status":"open","ping_status":"closed","template":"","meta":{"_trash_the_other_posts":false},"product_brand":[],"product_cat":[708],"product_tag":[],"berocket_brand":[1281],"class_list":{"0":"post-422551","1":"product","2":"type-product","3":"status-publish","4":"has-post-thumbnail","6":"product_cat-eau-de-parfum-herr","7":"pa_brand-david-beckham","8":"berocket_brand-david-beckham","10":"first","11":"instock","12":"sale","13":"taxable","14":"shipping-taxable","15":"purchasable","16":"product-type-simple"},"_links":{"self":[{"href":"https:\/\/stylingagenten.com\/sv\/wp-json\/wp\/v2\/product\/422551","targetHints":{"allow":["GET"]}}],"collection":[{"href":"https:\/\/stylingagenten.com\/sv\/wp-json\/wp\/v2\/product"}],"about":[{"href":"https:\/\/stylingagenten.com\/sv\/wp-json\/wp\/v2\/types\/product"}],"replies":[{"embeddable":true,"href":"https:\/\/stylingagenten.com\/sv\/wp-json\/wp\/v2\/comments?post=422551"}],"version-history":[{"count":0,"href":"https:\/\/stylingagenten.com\/sv\/wp-json\/wp\/v2\/product\/422551\/revisions"}],"wp:featuredmedia":[{"embeddable":true,"href":"https:\/\/stylingagenten.com\/sv\/wp-json\/wp\/v2\/media\/422541"}],"wp:attachment":[{"href":"https:\/\/stylingagenten.com\/sv\/wp-json\/wp\/v2\/media?parent=422551"}],"wp:term":[{"taxonomy":"product_brand","embeddable":true,"href":"https:\/\/stylingagenten.com\/sv\/wp-json\/wp\/v2\/product_brand?post=422551"},{"taxonomy":"product_cat","embeddable":true,"href":"https:\/\/stylingagenten.com\/sv\/wp-json\/wp\/v2\/product_cat?post=422551"},{"taxonomy":"product_tag","embeddable":true,"href":"https:\/\/stylingagenten.com\/sv\/wp-json\/wp\/v2\/product_tag?post=422551"},{"taxonomy":"berocket_brand","embeddable":true,"href":"https:\/\/stylingagenten.com\/sv\/wp-json\/wp\/v2\/berocket_brand?post=422551"}],"curies":[{"name":"wp","href":"https:\/\/api.w.org\/{rel}","templated":true}]}}