{"id":422523,"date":"2025-08-25T10:58:28","date_gmt":"2025-08-25T10:58:28","guid":{"rendered":"https:\/\/staging2.stylingagenten.com\/sv\/produkt\/calvin-klein-euphoria-edp-10ml\/"},"modified":"2026-04-10T07:48:24","modified_gmt":"2026-04-10T07:48:24","slug":"calvin-klein-euphoria-edp-10ml","status":"publish","type":"product","link":"https:\/\/stylingagenten.com\/sv\/produkt\/calvin-klein-euphoria-edp-10ml\/","title":{"rendered":"Calvin Klein Euphoria Edp 10ml"},"content":{"rendered":"<p>Calvin Klein Euphoria Edp \u00e4r en orientalisk och blommig doft. Doften \u00e4r enigmatisk med toner av mystik som f\u00f6rf\u00f6r och trollbinder sin omgivning.<\/p>\n<p>Toppnoter \u2013 Granat\u00e4pple<br \/>\n<br \/>Mellannoter \u2013 Lotus och svart orkid\u00e9<br \/>\n<br \/>Basnoter \u2013 Viol, ambra, mysk och mahogny<\/p>\n<p>10ml<\/p>\n","protected":false},"excerpt":{"rendered":"<p>Calvin Klein Euphoria Edp \u00e4r en orientalisk och blommig doft. Doften \u00e4r enigmatisk med toner av mystik som f\u00f6rf\u00f6r och trollbinder sin omgivning. Toppnoter \u2013 Granat\u00e4pple Mellannoter \u2013 Lotus och svart orkid\u00e9 Basnoter \u2013 Viol, ambra, mysk och mahogny 10ml<\/p>\n","protected":false},"featured_media":422518,"comment_status":"open","ping_status":"closed","template":"","meta":{"_trash_the_other_posts":false},"product_brand":[],"product_cat":[706],"product_tag":[],"berocket_brand":[1014],"class_list":{"0":"post-422523","1":"product","2":"type-product","3":"status-publish","4":"has-post-thumbnail","6":"product_cat-eau-de-parfum-dam","7":"pa_brand-calvin-klein","8":"pa_variant-10ml","9":"berocket_brand-calvin-klein","11":"first","12":"instock","13":"sale","14":"taxable","15":"shipping-taxable","16":"purchasable","17":"product-type-simple"},"_links":{"self":[{"href":"https:\/\/stylingagenten.com\/sv\/wp-json\/wp\/v2\/product\/422523","targetHints":{"allow":["GET"]}}],"collection":[{"href":"https:\/\/stylingagenten.com\/sv\/wp-json\/wp\/v2\/product"}],"about":[{"href":"https:\/\/stylingagenten.com\/sv\/wp-json\/wp\/v2\/types\/product"}],"replies":[{"embeddable":true,"href":"https:\/\/stylingagenten.com\/sv\/wp-json\/wp\/v2\/comments?post=422523"}],"version-history":[{"count":0,"href":"https:\/\/stylingagenten.com\/sv\/wp-json\/wp\/v2\/product\/422523\/revisions"}],"wp:featuredmedia":[{"embeddable":true,"href":"https:\/\/stylingagenten.com\/sv\/wp-json\/wp\/v2\/media\/422518"}],"wp:attachment":[{"href":"https:\/\/stylingagenten.com\/sv\/wp-json\/wp\/v2\/media?parent=422523"}],"wp:term":[{"taxonomy":"product_brand","embeddable":true,"href":"https:\/\/stylingagenten.com\/sv\/wp-json\/wp\/v2\/product_brand?post=422523"},{"taxonomy":"product_cat","embeddable":true,"href":"https:\/\/stylingagenten.com\/sv\/wp-json\/wp\/v2\/product_cat?post=422523"},{"taxonomy":"product_tag","embeddable":true,"href":"https:\/\/stylingagenten.com\/sv\/wp-json\/wp\/v2\/product_tag?post=422523"},{"taxonomy":"berocket_brand","embeddable":true,"href":"https:\/\/stylingagenten.com\/sv\/wp-json\/wp\/v2\/berocket_brand?post=422523"}],"curies":[{"name":"wp","href":"https:\/\/api.w.org\/{rel}","templated":true}]}}