{"id":422414,"date":"2025-08-25T10:57:50","date_gmt":"2025-08-25T10:57:50","guid":{"rendered":"https:\/\/staging2.stylingagenten.com\/sv\/produkt\/maybelline-lash-sensational-firework-mascara-electro-black\/"},"modified":"2026-04-01T18:48:45","modified_gmt":"2026-04-01T18:48:45","slug":"maybelline-lash-sensational-firework-mascara-electro-black","status":"publish","type":"product","link":"https:\/\/stylingagenten.com\/sv\/produkt\/maybelline-lash-sensational-firework-mascara-electro-black\/","title":{"rendered":"Maybelline Lash Sensational Firework Mascara Electro Black"},"content":{"rendered":"<p>Firework Electro Black Mascara fr\u00e5n Maybelline New York ger \u00f6gonfransarna glans och en intensivt svart f\u00e4rg utan att klumpa sig. \u00d6gonfransarna ser l\u00e4ngre, mer definierade och mycket volumin\u00f6sa ut.<\/p>\n","protected":false},"excerpt":{"rendered":"<p>Firework Electro Black Mascara fr\u00e5n Maybelline New York ger \u00f6gonfransarna glans och en intensivt svart f\u00e4rg utan att klumpa sig. \u00d6gonfransarna ser l\u00e4ngre, mer definierade och mycket volumin\u00f6sa ut.<\/p>\n","protected":false},"featured_media":422406,"comment_status":"open","ping_status":"closed","template":"","meta":{"_trash_the_other_posts":false},"product_brand":[],"product_cat":[618],"product_tag":[],"berocket_brand":[1016],"class_list":{"0":"post-422414","1":"product","2":"type-product","3":"status-publish","4":"has-post-thumbnail","6":"product_cat-mascara","7":"pa_brand-maybelline","8":"pa_variant-electro-black","9":"berocket_brand-maybelline","11":"first","12":"instock","13":"sale","14":"taxable","15":"shipping-taxable","16":"purchasable","17":"product-type-simple"},"_links":{"self":[{"href":"https:\/\/stylingagenten.com\/sv\/wp-json\/wp\/v2\/product\/422414","targetHints":{"allow":["GET"]}}],"collection":[{"href":"https:\/\/stylingagenten.com\/sv\/wp-json\/wp\/v2\/product"}],"about":[{"href":"https:\/\/stylingagenten.com\/sv\/wp-json\/wp\/v2\/types\/product"}],"replies":[{"embeddable":true,"href":"https:\/\/stylingagenten.com\/sv\/wp-json\/wp\/v2\/comments?post=422414"}],"version-history":[{"count":0,"href":"https:\/\/stylingagenten.com\/sv\/wp-json\/wp\/v2\/product\/422414\/revisions"}],"wp:featuredmedia":[{"embeddable":true,"href":"https:\/\/stylingagenten.com\/sv\/wp-json\/wp\/v2\/media\/422406"}],"wp:attachment":[{"href":"https:\/\/stylingagenten.com\/sv\/wp-json\/wp\/v2\/media?parent=422414"}],"wp:term":[{"taxonomy":"product_brand","embeddable":true,"href":"https:\/\/stylingagenten.com\/sv\/wp-json\/wp\/v2\/product_brand?post=422414"},{"taxonomy":"product_cat","embeddable":true,"href":"https:\/\/stylingagenten.com\/sv\/wp-json\/wp\/v2\/product_cat?post=422414"},{"taxonomy":"product_tag","embeddable":true,"href":"https:\/\/stylingagenten.com\/sv\/wp-json\/wp\/v2\/product_tag?post=422414"},{"taxonomy":"berocket_brand","embeddable":true,"href":"https:\/\/stylingagenten.com\/sv\/wp-json\/wp\/v2\/berocket_brand?post=422414"}],"curies":[{"name":"wp","href":"https:\/\/api.w.org\/{rel}","templated":true}]}}