{"id":422385,"date":"2025-08-25T10:57:38","date_gmt":"2025-08-25T10:57:38","guid":{"rendered":"https:\/\/staging2.stylingagenten.com\/sv\/produkt\/maybelline-lash-sensational-firework-mascara-very-black\/"},"modified":"2026-03-08T08:27:28","modified_gmt":"2026-03-08T08:27:28","slug":"maybelline-lash-sensational-firework-mascara-very-black","status":"publish","type":"product","link":"https:\/\/stylingagenten.com\/sv\/produkt\/maybelline-lash-sensational-firework-mascara-very-black\/","title":{"rendered":"Maybelline Lash Sensational Firework Mascara Very Black"},"content":{"rendered":"<p>Maybelline New York Lash Sensational Firework Mascara har 360 graders-effekt p\u00e5 fransarna och ger genast massor av volym. V\u00e5rdande formula med pro-vitamin B5 separerar fransarna utan klumpar medan borsten med b\u00e5de l\u00e5nga och korta str\u00e5n f\u00f6rl\u00e4nger fransarna upp\u00e5t och ut\u00e5t. L\u00e4tt formula som passar k\u00e4nsliga \u00f6gon och kontaktlinsb\u00e4rare.<\/p>\n<p>&#8211; Separerar fransarna f\u00f6r en klumpfri look<br \/>\n<br \/>&#8211; Framtr\u00e4dande frans-look och intensiv f\u00e4rg<br \/>\n<br \/>&#8211; V\u00e5rdande formula med pro-vitamin B5<br \/>\n<br \/>&#8211; Unik borste som tar tag i fransarna och skickar dem ut\u00e5t och upp\u00e5t som fyrverkeri<br \/>\n<br \/>&#8211; Passar k\u00e4nsliga \u00f6gon och kontaktlinsb\u00e4rare<\/p>\n","protected":false},"excerpt":{"rendered":"<p>Maybelline New York Lash Sensational Firework Mascara har 360 graders-effekt p\u00e5 fransarna och ger genast massor av volym. V\u00e5rdande formula med pro-vitamin B5 separerar fransarna utan klumpar medan borsten med b\u00e5de l\u00e5nga och korta str\u00e5n f\u00f6rl\u00e4nger fransarna upp\u00e5t och ut\u00e5t. L\u00e4tt formula som passar k\u00e4nsliga \u00f6gon och kontaktlinsb\u00e4rare. &#8211; Separerar fransarna f\u00f6r en klumpfri look [&hellip;]<\/p>\n","protected":false},"featured_media":422373,"comment_status":"open","ping_status":"closed","template":"","meta":{"_trash_the_other_posts":false},"product_brand":[],"product_cat":[618],"product_tag":[],"berocket_brand":[1016],"class_list":{"0":"post-422385","1":"product","2":"type-product","3":"status-publish","4":"has-post-thumbnail","6":"product_cat-mascara","7":"pa_brand-maybelline","8":"pa_variant-very-black","9":"berocket_brand-maybelline","11":"first","12":"instock","13":"sale","14":"taxable","15":"shipping-taxable","16":"purchasable","17":"product-type-simple"},"_links":{"self":[{"href":"https:\/\/stylingagenten.com\/sv\/wp-json\/wp\/v2\/product\/422385","targetHints":{"allow":["GET"]}}],"collection":[{"href":"https:\/\/stylingagenten.com\/sv\/wp-json\/wp\/v2\/product"}],"about":[{"href":"https:\/\/stylingagenten.com\/sv\/wp-json\/wp\/v2\/types\/product"}],"replies":[{"embeddable":true,"href":"https:\/\/stylingagenten.com\/sv\/wp-json\/wp\/v2\/comments?post=422385"}],"version-history":[{"count":0,"href":"https:\/\/stylingagenten.com\/sv\/wp-json\/wp\/v2\/product\/422385\/revisions"}],"wp:featuredmedia":[{"embeddable":true,"href":"https:\/\/stylingagenten.com\/sv\/wp-json\/wp\/v2\/media\/422373"}],"wp:attachment":[{"href":"https:\/\/stylingagenten.com\/sv\/wp-json\/wp\/v2\/media?parent=422385"}],"wp:term":[{"taxonomy":"product_brand","embeddable":true,"href":"https:\/\/stylingagenten.com\/sv\/wp-json\/wp\/v2\/product_brand?post=422385"},{"taxonomy":"product_cat","embeddable":true,"href":"https:\/\/stylingagenten.com\/sv\/wp-json\/wp\/v2\/product_cat?post=422385"},{"taxonomy":"product_tag","embeddable":true,"href":"https:\/\/stylingagenten.com\/sv\/wp-json\/wp\/v2\/product_tag?post=422385"},{"taxonomy":"berocket_brand","embeddable":true,"href":"https:\/\/stylingagenten.com\/sv\/wp-json\/wp\/v2\/berocket_brand?post=422385"}],"curies":[{"name":"wp","href":"https:\/\/api.w.org\/{rel}","templated":true}]}}