{"id":422376,"date":"2025-08-25T10:57:36","date_gmt":"2025-08-25T10:57:36","guid":{"rendered":"https:\/\/staging2.stylingagenten.com\/sv\/produkt\/tom-ford-black-orchid-edp-100ml\/"},"modified":"2026-04-08T15:31:54","modified_gmt":"2026-04-08T15:31:54","slug":"tom-ford-black-orchid-edp-100ml","status":"publish","type":"product","link":"https:\/\/stylingagenten.com\/sv\/produkt\/tom-ford-black-orchid-edp-100ml\/","title":{"rendered":"Tom Ford Black Orchid Edp 100ml"},"content":{"rendered":"<p>Tom Ford Black Orchid Edp \u00e4r en luxu\u00f6s och sensuell doft med rika, m\u00f6rka ackord med svart orkid\u00e9 och kryddor, TOM FORDs Black Orchid \u00e4r b\u00e5de modern och tidl\u00f6s. I en svart glasflaska ger Black Orchid ett of\u00f6rgl\u00f6mligt intryck av en ikonisk stil och v\u00e4rldsomfattande glamour.<\/p>\n<p>Doftnoter: Svart tryffel, bergamott, svart orkid\u00e9, svart plommon, svart gourmandackord, patchouli<\/p>\n<p>100ml<\/p>\n","protected":false},"excerpt":{"rendered":"<p>Tom Ford Black Orchid Edp \u00e4r en luxu\u00f6s och sensuell doft med rika, m\u00f6rka ackord med svart orkid\u00e9 och kryddor, TOM FORDs Black Orchid \u00e4r b\u00e5de modern och tidl\u00f6s. I en svart glasflaska ger Black Orchid ett of\u00f6rgl\u00f6mligt intryck av en ikonisk stil och v\u00e4rldsomfattande glamour. Doftnoter: Svart tryffel, bergamott, svart orkid\u00e9, svart plommon, svart [&hellip;]<\/p>\n","protected":false},"featured_media":422369,"comment_status":"open","ping_status":"closed","template":"","meta":{"_trash_the_other_posts":false},"product_brand":[],"product_cat":[706,735,999],"product_tag":[],"berocket_brand":[1158],"class_list":{"0":"post-422376","1":"product","2":"type-product","3":"status-publish","4":"has-post-thumbnail","6":"product_cat-eau-de-parfum-dam","7":"product_cat-kampanj","8":"product_cat-kampanj-for-henne","9":"pa_brand-tom-ford","10":"pa_variant-100ml","11":"berocket_brand-tom-ford","13":"first","14":"instock","15":"sale","16":"taxable","17":"shipping-taxable","18":"purchasable","19":"product-type-simple"},"_links":{"self":[{"href":"https:\/\/stylingagenten.com\/sv\/wp-json\/wp\/v2\/product\/422376","targetHints":{"allow":["GET"]}}],"collection":[{"href":"https:\/\/stylingagenten.com\/sv\/wp-json\/wp\/v2\/product"}],"about":[{"href":"https:\/\/stylingagenten.com\/sv\/wp-json\/wp\/v2\/types\/product"}],"replies":[{"embeddable":true,"href":"https:\/\/stylingagenten.com\/sv\/wp-json\/wp\/v2\/comments?post=422376"}],"version-history":[{"count":0,"href":"https:\/\/stylingagenten.com\/sv\/wp-json\/wp\/v2\/product\/422376\/revisions"}],"wp:featuredmedia":[{"embeddable":true,"href":"https:\/\/stylingagenten.com\/sv\/wp-json\/wp\/v2\/media\/422369"}],"wp:attachment":[{"href":"https:\/\/stylingagenten.com\/sv\/wp-json\/wp\/v2\/media?parent=422376"}],"wp:term":[{"taxonomy":"product_brand","embeddable":true,"href":"https:\/\/stylingagenten.com\/sv\/wp-json\/wp\/v2\/product_brand?post=422376"},{"taxonomy":"product_cat","embeddable":true,"href":"https:\/\/stylingagenten.com\/sv\/wp-json\/wp\/v2\/product_cat?post=422376"},{"taxonomy":"product_tag","embeddable":true,"href":"https:\/\/stylingagenten.com\/sv\/wp-json\/wp\/v2\/product_tag?post=422376"},{"taxonomy":"berocket_brand","embeddable":true,"href":"https:\/\/stylingagenten.com\/sv\/wp-json\/wp\/v2\/berocket_brand?post=422376"}],"curies":[{"name":"wp","href":"https:\/\/api.w.org\/{rel}","templated":true}]}}