{"id":422368,"date":"2025-08-25T10:57:31","date_gmt":"2025-08-25T10:57:31","guid":{"rendered":"https:\/\/staging2.stylingagenten.com\/sv\/produkt\/brave-new-hair-curls-for-dummies-curl-potion-50ml\/"},"modified":"2026-03-11T22:04:11","modified_gmt":"2026-03-11T22:04:11","slug":"brave-new-hair-curls-for-dummies-curl-potion-50ml","status":"publish","type":"product","link":"https:\/\/stylingagenten.com\/sv\/produkt\/brave-new-hair-curls-for-dummies-curl-potion-50ml\/","title":{"rendered":"Brave. New. Hair. Curls For Dummies Curl Potion 50ml"},"content":{"rendered":"<p>Brave. New. Hair. Curls For Dummies Curl Potion \u00e4r en produkt med v\u00e4rmeskydd f\u00f6r att skapa lockar MED och UTAN v\u00e4rme.<\/p>\n<p>INNAN F\u00d6NING f\u00f6r v\u00e4rmeskydd: Applicera produkten j\u00e4mnt i h\u00e5rets l\u00e4ngder och toppar och f\u00f6na h\u00e5ret.<br \/>\n<br \/>LOCKA H\u00c5RET MED V\u00c4RME: Efter f\u00f6ning, applicera en liten m\u00e4ngd en g\u00e5ng till innan styling med ditt stylingverktyg f\u00f6r perfekta lockar och v\u00e4rmeskydd.<br \/>\n<br \/>LOCKA H\u00c5RET UTAN V\u00c4RME: Efter f\u00f6ning, applicera en liten m\u00e4ngd en g\u00e5ng till och locka h\u00e5ret p\u00e5 \u00f6nskat s\u00e4tt.<br \/>\n<br \/>DIN perfekta produkt f\u00f6r att skapa lockar. F\u00f6r totalt skydd, \u00e5terfuktning, glans och mjukhet.<br \/>\n<br \/>Passar alla h\u00e5rtyper. Sk\u00f6lj ej ur!<\/p>\n<p>F\u00f6r utv\u00e4rtes bruk. <\/p>\n<p>50ml<\/p>\n","protected":false},"excerpt":{"rendered":"<p>Brave. New. Hair. Curls For Dummies Curl Potion \u00e4r en produkt med v\u00e4rmeskydd f\u00f6r att skapa lockar MED och UTAN v\u00e4rme. INNAN F\u00d6NING f\u00f6r v\u00e4rmeskydd: Applicera produkten j\u00e4mnt i h\u00e5rets l\u00e4ngder och toppar och f\u00f6na h\u00e5ret. LOCKA H\u00c5RET MED V\u00c4RME: Efter f\u00f6ning, applicera en liten m\u00e4ngd en g\u00e5ng till innan styling med ditt stylingverktyg f\u00f6r [&hellip;]<\/p>\n","protected":false},"featured_media":422366,"comment_status":"open","ping_status":"closed","template":"","meta":{"_trash_the_other_posts":false},"product_brand":[],"product_cat":[615],"product_tag":[],"berocket_brand":[1211],"class_list":{"0":"post-422368","1":"product","2":"type-product","3":"status-publish","4":"has-post-thumbnail","6":"product_cat-harserum","7":"pa_brand-brave-new-hair","8":"berocket_brand-brave-new-hair","10":"first","11":"instock","12":"taxable","13":"shipping-taxable","14":"purchasable","15":"product-type-simple"},"_links":{"self":[{"href":"https:\/\/stylingagenten.com\/sv\/wp-json\/wp\/v2\/product\/422368","targetHints":{"allow":["GET"]}}],"collection":[{"href":"https:\/\/stylingagenten.com\/sv\/wp-json\/wp\/v2\/product"}],"about":[{"href":"https:\/\/stylingagenten.com\/sv\/wp-json\/wp\/v2\/types\/product"}],"replies":[{"embeddable":true,"href":"https:\/\/stylingagenten.com\/sv\/wp-json\/wp\/v2\/comments?post=422368"}],"version-history":[{"count":0,"href":"https:\/\/stylingagenten.com\/sv\/wp-json\/wp\/v2\/product\/422368\/revisions"}],"wp:featuredmedia":[{"embeddable":true,"href":"https:\/\/stylingagenten.com\/sv\/wp-json\/wp\/v2\/media\/422366"}],"wp:attachment":[{"href":"https:\/\/stylingagenten.com\/sv\/wp-json\/wp\/v2\/media?parent=422368"}],"wp:term":[{"taxonomy":"product_brand","embeddable":true,"href":"https:\/\/stylingagenten.com\/sv\/wp-json\/wp\/v2\/product_brand?post=422368"},{"taxonomy":"product_cat","embeddable":true,"href":"https:\/\/stylingagenten.com\/sv\/wp-json\/wp\/v2\/product_cat?post=422368"},{"taxonomy":"product_tag","embeddable":true,"href":"https:\/\/stylingagenten.com\/sv\/wp-json\/wp\/v2\/product_tag?post=422368"},{"taxonomy":"berocket_brand","embeddable":true,"href":"https:\/\/stylingagenten.com\/sv\/wp-json\/wp\/v2\/berocket_brand?post=422368"}],"curies":[{"name":"wp","href":"https:\/\/api.w.org\/{rel}","templated":true}]}}