{"id":422339,"date":"2025-08-25T10:57:18","date_gmt":"2025-08-25T10:57:18","guid":{"rendered":"https:\/\/staging2.stylingagenten.com\/sv\/produkt\/dkny-24-7-edp-100ml\/"},"modified":"2026-03-11T22:03:55","modified_gmt":"2026-03-11T22:03:55","slug":"dkny-24-7-edp-100ml","status":"publish","type":"product","link":"https:\/\/stylingagenten.com\/sv\/produkt\/dkny-24-7-edp-100ml\/","title":{"rendered":"DKNY 24\/7 Edp 100ml"},"content":{"rendered":"<p>DKNY 24\/7 Eau de Parfum \u00e4r en strukturerad blomdoft inspirerad av staden som aldrig sover. Kliv in i New Yorks pulserande rytm med 24\/7, en doft lika dynamisk som staden sj\u00e4lv. Denna unika blandning f\u00e5ngar den ostoppbara energin i metropolen d\u00e4r dr\u00f6mmar skapas fr\u00e5n morgon till kv\u00e4ll. Upplev den sp\u00e4nnande rushen p\u00e5 Times Square med en elektrisk explosion av ros\u00e9peppar. N\u00e4r doften utvecklas sl\u00e5r ett roshj\u00e4rta ut och speglar stadens m\u00e5ngfasetterade karakt\u00e4r. Och i den kvardr\u00f6jande omfamningen av cedertr\u00e4 och mysk levandeg\u00f6rs stadens best\u00e5ende sofistikering och styrka. DKNY 24\/7 \u00e4r mer \u00e4n en doft; det \u00e4r en hyllning till dem som lever livet utan gr\u00e4nser \u2013 alltid redo, alltid i r\u00f6relse och alltid p\u00e5.<\/p>\n<p>Denna parfym f\u00f6r kvinnor \u00e4r designad f\u00f6r dem som lever livet fullt ut, som inte \u00e4r r\u00e4dda f\u00f6r att dr\u00f6mma stort och som st\u00e4ndigt str\u00e4var efter att uppn\u00e5 sina m\u00e5l. DKNY 24\/7 Eau de Parfum \u00e4r din perfekta f\u00f6ljeslagare, oavsett om du navigerar dig fram genom en hektisk arbetsdag eller njuter av ett nattligt \u00e4ventyr. Med varje spraydusch av denna doft blir du p\u00e5mind om stadens o\u00e4ndliga m\u00f6jligheter och kraften i att alltid vara redo, alltid i r\u00f6relse och alltid p\u00e5.<\/p>\n<p>Doftnoter:<br \/>Toppnoter: elektrisk ros\u00e9peppar.<br \/>Hj\u00e4rtnoter: blommande ros.<br \/>Basnoter: cedertr\u00e4, mysk.<\/p>\n<p>100ml<\/p>\n","protected":false},"excerpt":{"rendered":"<p>DKNY 24\/7 Eau de Parfum \u00e4r en strukturerad blomdoft inspirerad av staden som aldrig sover. Kliv in i New Yorks pulserande rytm med 24\/7, en doft lika dynamisk som staden sj\u00e4lv. Denna unika blandning f\u00e5ngar den ostoppbara energin i metropolen d\u00e4r dr\u00f6mmar skapas fr\u00e5n morgon till kv\u00e4ll. Upplev den sp\u00e4nnande rushen p\u00e5 Times Square med [&hellip;]<\/p>\n","protected":false},"featured_media":422335,"comment_status":"open","ping_status":"closed","template":"","meta":{"_trash_the_other_posts":false},"product_brand":[],"product_cat":[706,735,999],"product_tag":[],"berocket_brand":[1291],"class_list":{"0":"post-422339","1":"product","2":"type-product","3":"status-publish","4":"has-post-thumbnail","6":"product_cat-eau-de-parfum-dam","7":"product_cat-kampanj","8":"product_cat-kampanj-for-henne","9":"pa_brand-dkny","10":"berocket_brand-dkny","12":"first","13":"instock","14":"sale","15":"taxable","16":"shipping-taxable","17":"purchasable","18":"product-type-simple"},"_links":{"self":[{"href":"https:\/\/stylingagenten.com\/sv\/wp-json\/wp\/v2\/product\/422339","targetHints":{"allow":["GET"]}}],"collection":[{"href":"https:\/\/stylingagenten.com\/sv\/wp-json\/wp\/v2\/product"}],"about":[{"href":"https:\/\/stylingagenten.com\/sv\/wp-json\/wp\/v2\/types\/product"}],"replies":[{"embeddable":true,"href":"https:\/\/stylingagenten.com\/sv\/wp-json\/wp\/v2\/comments?post=422339"}],"version-history":[{"count":0,"href":"https:\/\/stylingagenten.com\/sv\/wp-json\/wp\/v2\/product\/422339\/revisions"}],"wp:featuredmedia":[{"embeddable":true,"href":"https:\/\/stylingagenten.com\/sv\/wp-json\/wp\/v2\/media\/422335"}],"wp:attachment":[{"href":"https:\/\/stylingagenten.com\/sv\/wp-json\/wp\/v2\/media?parent=422339"}],"wp:term":[{"taxonomy":"product_brand","embeddable":true,"href":"https:\/\/stylingagenten.com\/sv\/wp-json\/wp\/v2\/product_brand?post=422339"},{"taxonomy":"product_cat","embeddable":true,"href":"https:\/\/stylingagenten.com\/sv\/wp-json\/wp\/v2\/product_cat?post=422339"},{"taxonomy":"product_tag","embeddable":true,"href":"https:\/\/stylingagenten.com\/sv\/wp-json\/wp\/v2\/product_tag?post=422339"},{"taxonomy":"berocket_brand","embeddable":true,"href":"https:\/\/stylingagenten.com\/sv\/wp-json\/wp\/v2\/berocket_brand?post=422339"}],"curies":[{"name":"wp","href":"https:\/\/api.w.org\/{rel}","templated":true}]}}