{"id":422301,"date":"2025-08-25T10:57:05","date_gmt":"2025-08-25T10:57:05","guid":{"rendered":"https:\/\/staging2.stylingagenten.com\/sv\/produkt\/piz-buin-moisturising-face-cream-spf50-50ml\/"},"modified":"2026-04-13T07:10:53","modified_gmt":"2026-04-13T07:10:53","slug":"piz-buin-moisturising-face-cream-spf50-50ml","status":"publish","type":"product","link":"https:\/\/stylingagenten.com\/sv\/produkt\/piz-buin-moisturising-face-cream-spf50-50ml\/","title":{"rendered":"Piz Buin Moisturising Face Cream SPF50+ 50ml"},"content":{"rendered":"<p>Piz Buin Moisturising Face Cream SPF50+ \u00e4r en solkr\u00e4m f\u00f6r ansiktet med h\u00f6gt skydd mot UVA- och UVB-str\u00e5lar. Den \u00e5terfuktande formulan ger huden en h\u00e4rligt silkeslen k\u00e4nsla.<\/p>\n<p>Anv\u00e4ndning:<br \/>Applicera rikligt i ansiktet innan du vistas i solen. \u00c5terapplicera ofta, s\u00e4rskilt efter bad eller om du har torkat dig med handduk. Otillr\u00e4cklig m\u00e4ngd solkr\u00e4m minskar skyddet.<\/p>\n<p>50ml<\/p>\n","protected":false},"excerpt":{"rendered":"<p>Piz Buin Moisturising Face Cream SPF50+ \u00e4r en solkr\u00e4m f\u00f6r ansiktet med h\u00f6gt skydd mot UVA- och UVB-str\u00e5lar. Den \u00e5terfuktande formulan ger huden en h\u00e4rligt silkeslen k\u00e4nsla. Anv\u00e4ndning:Applicera rikligt i ansiktet innan du vistas i solen. \u00c5terapplicera ofta, s\u00e4rskilt efter bad eller om du har torkat dig med handduk. Otillr\u00e4cklig m\u00e4ngd solkr\u00e4m minskar skyddet. 50ml<\/p>\n","protected":false},"featured_media":422299,"comment_status":"open","ping_status":"closed","template":"","meta":{"_trash_the_other_posts":false},"product_brand":[],"product_cat":[573],"product_tag":[],"berocket_brand":[1054],"class_list":{"0":"post-422301","1":"product","2":"type-product","3":"status-publish","4":"has-post-thumbnail","6":"product_cat-solskydd","7":"pa_brand-piz-buin","8":"berocket_brand-piz-buin","10":"first","11":"instock","12":"sale","13":"taxable","14":"shipping-taxable","15":"purchasable","16":"product-type-simple"},"_links":{"self":[{"href":"https:\/\/stylingagenten.com\/sv\/wp-json\/wp\/v2\/product\/422301","targetHints":{"allow":["GET"]}}],"collection":[{"href":"https:\/\/stylingagenten.com\/sv\/wp-json\/wp\/v2\/product"}],"about":[{"href":"https:\/\/stylingagenten.com\/sv\/wp-json\/wp\/v2\/types\/product"}],"replies":[{"embeddable":true,"href":"https:\/\/stylingagenten.com\/sv\/wp-json\/wp\/v2\/comments?post=422301"}],"version-history":[{"count":0,"href":"https:\/\/stylingagenten.com\/sv\/wp-json\/wp\/v2\/product\/422301\/revisions"}],"wp:featuredmedia":[{"embeddable":true,"href":"https:\/\/stylingagenten.com\/sv\/wp-json\/wp\/v2\/media\/422299"}],"wp:attachment":[{"href":"https:\/\/stylingagenten.com\/sv\/wp-json\/wp\/v2\/media?parent=422301"}],"wp:term":[{"taxonomy":"product_brand","embeddable":true,"href":"https:\/\/stylingagenten.com\/sv\/wp-json\/wp\/v2\/product_brand?post=422301"},{"taxonomy":"product_cat","embeddable":true,"href":"https:\/\/stylingagenten.com\/sv\/wp-json\/wp\/v2\/product_cat?post=422301"},{"taxonomy":"product_tag","embeddable":true,"href":"https:\/\/stylingagenten.com\/sv\/wp-json\/wp\/v2\/product_tag?post=422301"},{"taxonomy":"berocket_brand","embeddable":true,"href":"https:\/\/stylingagenten.com\/sv\/wp-json\/wp\/v2\/berocket_brand?post=422301"}],"curies":[{"name":"wp","href":"https:\/\/api.w.org\/{rel}","templated":true}]}}