{"id":422176,"date":"2025-08-25T10:56:24","date_gmt":"2025-08-25T10:56:24","guid":{"rendered":"https:\/\/staging2.stylingagenten.com\/sv\/produkt\/armaf-ventana-pour-homme-edp-100ml\/"},"modified":"2026-04-02T23:18:27","modified_gmt":"2026-04-02T23:18:27","slug":"armaf-ventana-pour-homme-edp-100ml","status":"publish","type":"product","link":"https:\/\/stylingagenten.com\/sv\/produkt\/armaf-ventana-pour-homme-edp-100ml\/","title":{"rendered":"Armaf Ventana Pour Homme Edp 100ml"},"content":{"rendered":"<p>Armaf Ventana Pour Homme Edp &#8211; En ny dag, nya m\u00f6jligheter. Eau de parfumen f\u00f6r m\u00e4n Armaf Ventana Pour Homme ger dig en fr\u00e4sch k\u00e4nsla och f\u00e5r dig att f\u00f6lja din instinkt. Se fram emot dagliga \u00e4ventyr.<\/p>\n<p>Toppnoter: Grapefrukt, Citron, Mandarin<br \/>Hj\u00e4rtnoter: Lavendel, Pelargon, Patchouli, Vetiver<br \/>Basnoter: Cedertr\u00e4, B\u00e4rnsten, \u00c4deltr\u00e4<\/p>\n<p>100ml<\/p>\n","protected":false},"excerpt":{"rendered":"<p>Armaf Ventana Pour Homme Edp &#8211; En ny dag, nya m\u00f6jligheter. Eau de parfumen f\u00f6r m\u00e4n Armaf Ventana Pour Homme ger dig en fr\u00e4sch k\u00e4nsla och f\u00e5r dig att f\u00f6lja din instinkt. Se fram emot dagliga \u00e4ventyr. Toppnoter: Grapefrukt, Citron, MandarinHj\u00e4rtnoter: Lavendel, Pelargon, Patchouli, VetiverBasnoter: Cedertr\u00e4, B\u00e4rnsten, \u00c4deltr\u00e4 100ml<\/p>\n","protected":false},"featured_media":422174,"comment_status":"open","ping_status":"closed","template":"","meta":{"_trash_the_other_posts":false},"product_brand":[],"product_cat":[708,735,1000],"product_tag":[],"berocket_brand":[1989],"class_list":{"0":"post-422176","1":"product","2":"type-product","3":"status-publish","4":"has-post-thumbnail","6":"product_cat-eau-de-parfum-herr","7":"product_cat-kampanj","8":"product_cat-kampanj-for-honom","9":"pa_brand-armaf","10":"berocket_brand-armaf","12":"first","13":"instock","14":"sale","15":"taxable","16":"shipping-taxable","17":"purchasable","18":"product-type-simple"},"_links":{"self":[{"href":"https:\/\/stylingagenten.com\/sv\/wp-json\/wp\/v2\/product\/422176","targetHints":{"allow":["GET"]}}],"collection":[{"href":"https:\/\/stylingagenten.com\/sv\/wp-json\/wp\/v2\/product"}],"about":[{"href":"https:\/\/stylingagenten.com\/sv\/wp-json\/wp\/v2\/types\/product"}],"replies":[{"embeddable":true,"href":"https:\/\/stylingagenten.com\/sv\/wp-json\/wp\/v2\/comments?post=422176"}],"version-history":[{"count":0,"href":"https:\/\/stylingagenten.com\/sv\/wp-json\/wp\/v2\/product\/422176\/revisions"}],"wp:featuredmedia":[{"embeddable":true,"href":"https:\/\/stylingagenten.com\/sv\/wp-json\/wp\/v2\/media\/422174"}],"wp:attachment":[{"href":"https:\/\/stylingagenten.com\/sv\/wp-json\/wp\/v2\/media?parent=422176"}],"wp:term":[{"taxonomy":"product_brand","embeddable":true,"href":"https:\/\/stylingagenten.com\/sv\/wp-json\/wp\/v2\/product_brand?post=422176"},{"taxonomy":"product_cat","embeddable":true,"href":"https:\/\/stylingagenten.com\/sv\/wp-json\/wp\/v2\/product_cat?post=422176"},{"taxonomy":"product_tag","embeddable":true,"href":"https:\/\/stylingagenten.com\/sv\/wp-json\/wp\/v2\/product_tag?post=422176"},{"taxonomy":"berocket_brand","embeddable":true,"href":"https:\/\/stylingagenten.com\/sv\/wp-json\/wp\/v2\/berocket_brand?post=422176"}],"curies":[{"name":"wp","href":"https:\/\/api.w.org\/{rel}","templated":true}]}}