{"id":422136,"date":"2025-08-25T10:56:00","date_gmt":"2025-08-25T10:56:00","guid":{"rendered":"https:\/\/staging2.stylingagenten.com\/sv\/produkt\/armaf-effects-of-uniq-edp-100ml\/"},"modified":"2026-03-11T22:00:42","modified_gmt":"2026-03-11T22:00:42","slug":"armaf-effects-of-uniq-edp-100ml","status":"publish","type":"product","link":"https:\/\/stylingagenten.com\/sv\/produkt\/armaf-effects-of-uniq-edp-100ml\/","title":{"rendered":"Armaf Effects of Uniq Edp 100ml"},"content":{"rendered":"<p>Armaf Effects of Uniq Edp &#8211; Ska du p\u00e5 dejt, p\u00e5 fest eller tr\u00e4ffa dina v\u00e4nner? Eau de parfum unisex Armaf Uniq Effects of Uniq \u00e4r det r\u00e4tta valet f\u00f6r varje situation. Uppt\u00e4ck en doft som perfekt kommer att komplettera din unika karisma.<\/p>\n<p>Toppnoter: P\u00e4ron, mandarin<br \/>Hj\u00e4rtnoter: Vanilj, Apelsinblomma<br \/>Basnoter: Kaffe, Kola, Cedertr\u00e4, Patchouli, Vit mysk<\/p>\n<p>100ml<\/p>\n","protected":false},"excerpt":{"rendered":"<p>Armaf Effects of Uniq Edp &#8211; Ska du p\u00e5 dejt, p\u00e5 fest eller tr\u00e4ffa dina v\u00e4nner? Eau de parfum unisex Armaf Uniq Effects of Uniq \u00e4r det r\u00e4tta valet f\u00f6r varje situation. Uppt\u00e4ck en doft som perfekt kommer att komplettera din unika karisma. Toppnoter: P\u00e4ron, mandarinHj\u00e4rtnoter: Vanilj, ApelsinblommaBasnoter: Kaffe, Kola, Cedertr\u00e4, Patchouli, Vit mysk 100ml<\/p>\n","protected":false},"featured_media":422134,"comment_status":"open","ping_status":"closed","template":"","meta":{"_trash_the_other_posts":false},"product_brand":[],"product_cat":[729,735,1000],"product_tag":[],"berocket_brand":[1989],"class_list":{"0":"post-422136","1":"product","2":"type-product","3":"status-publish","4":"has-post-thumbnail","6":"product_cat-eau-de-parfum-unisex","7":"product_cat-kampanj","8":"product_cat-kampanj-for-honom","9":"pa_brand-armaf","10":"berocket_brand-armaf","12":"first","13":"instock","14":"sale","15":"taxable","16":"shipping-taxable","17":"purchasable","18":"product-type-simple"},"_links":{"self":[{"href":"https:\/\/stylingagenten.com\/sv\/wp-json\/wp\/v2\/product\/422136","targetHints":{"allow":["GET"]}}],"collection":[{"href":"https:\/\/stylingagenten.com\/sv\/wp-json\/wp\/v2\/product"}],"about":[{"href":"https:\/\/stylingagenten.com\/sv\/wp-json\/wp\/v2\/types\/product"}],"replies":[{"embeddable":true,"href":"https:\/\/stylingagenten.com\/sv\/wp-json\/wp\/v2\/comments?post=422136"}],"version-history":[{"count":0,"href":"https:\/\/stylingagenten.com\/sv\/wp-json\/wp\/v2\/product\/422136\/revisions"}],"wp:featuredmedia":[{"embeddable":true,"href":"https:\/\/stylingagenten.com\/sv\/wp-json\/wp\/v2\/media\/422134"}],"wp:attachment":[{"href":"https:\/\/stylingagenten.com\/sv\/wp-json\/wp\/v2\/media?parent=422136"}],"wp:term":[{"taxonomy":"product_brand","embeddable":true,"href":"https:\/\/stylingagenten.com\/sv\/wp-json\/wp\/v2\/product_brand?post=422136"},{"taxonomy":"product_cat","embeddable":true,"href":"https:\/\/stylingagenten.com\/sv\/wp-json\/wp\/v2\/product_cat?post=422136"},{"taxonomy":"product_tag","embeddable":true,"href":"https:\/\/stylingagenten.com\/sv\/wp-json\/wp\/v2\/product_tag?post=422136"},{"taxonomy":"berocket_brand","embeddable":true,"href":"https:\/\/stylingagenten.com\/sv\/wp-json\/wp\/v2\/berocket_brand?post=422136"}],"curies":[{"name":"wp","href":"https:\/\/api.w.org\/{rel}","templated":true}]}}