{"id":422130,"date":"2025-08-25T10:55:58","date_gmt":"2025-08-25T10:55:58","guid":{"rendered":"https:\/\/staging2.stylingagenten.com\/sv\/produkt\/armaf-caballo-men-edp-100ml\/"},"modified":"2026-03-20T09:18:34","modified_gmt":"2026-03-20T09:18:34","slug":"armaf-caballo-men-edp-100ml","status":"publish","type":"product","link":"https:\/\/stylingagenten.com\/sv\/produkt\/armaf-caballo-men-edp-100ml\/","title":{"rendered":"Armaf Caballo Men Edp 100ml"},"content":{"rendered":"<p>Armaf Caballo Men Edp \u00e4r l\u00e4tt, fr\u00e4sch och \u00e4nd\u00e5 distinkt. Eau de parfumen f\u00f6r m\u00e4n Armaf Caballo kommer att locka dig med sin milda, sofistikerade doftkomposition, som passar perfekt f\u00f6r varje dag.<\/p>\n<p>Toppnoter: Grapefrukt, Bergamott, Citron<br \/>Hj\u00e4rtnoter: Ingef\u00e4ra, Ambrette (myskmalva), Violett<br \/>Basnoter:  Ambroxan, Mysk, Vetiver, Patchouli<\/p>\n<p>100ml<\/p>\n","protected":false},"excerpt":{"rendered":"<p>Armaf Caballo Men Edp \u00e4r l\u00e4tt, fr\u00e4sch och \u00e4nd\u00e5 distinkt. Eau de parfumen f\u00f6r m\u00e4n Armaf Caballo kommer att locka dig med sin milda, sofistikerade doftkomposition, som passar perfekt f\u00f6r varje dag. Toppnoter: Grapefrukt, Bergamott, CitronHj\u00e4rtnoter: Ingef\u00e4ra, Ambrette (myskmalva), ViolettBasnoter: Ambroxan, Mysk, Vetiver, Patchouli 100ml<\/p>\n","protected":false},"featured_media":422128,"comment_status":"open","ping_status":"closed","template":"","meta":{"_trash_the_other_posts":false},"product_brand":[],"product_cat":[708,735,1000],"product_tag":[],"berocket_brand":[1989],"class_list":{"0":"post-422130","1":"product","2":"type-product","3":"status-publish","4":"has-post-thumbnail","6":"product_cat-eau-de-parfum-herr","7":"product_cat-kampanj","8":"product_cat-kampanj-for-honom","9":"pa_brand-armaf","10":"berocket_brand-armaf","12":"first","13":"instock","14":"sale","15":"taxable","16":"shipping-taxable","17":"purchasable","18":"product-type-simple"},"_links":{"self":[{"href":"https:\/\/stylingagenten.com\/sv\/wp-json\/wp\/v2\/product\/422130","targetHints":{"allow":["GET"]}}],"collection":[{"href":"https:\/\/stylingagenten.com\/sv\/wp-json\/wp\/v2\/product"}],"about":[{"href":"https:\/\/stylingagenten.com\/sv\/wp-json\/wp\/v2\/types\/product"}],"replies":[{"embeddable":true,"href":"https:\/\/stylingagenten.com\/sv\/wp-json\/wp\/v2\/comments?post=422130"}],"version-history":[{"count":0,"href":"https:\/\/stylingagenten.com\/sv\/wp-json\/wp\/v2\/product\/422130\/revisions"}],"wp:featuredmedia":[{"embeddable":true,"href":"https:\/\/stylingagenten.com\/sv\/wp-json\/wp\/v2\/media\/422128"}],"wp:attachment":[{"href":"https:\/\/stylingagenten.com\/sv\/wp-json\/wp\/v2\/media?parent=422130"}],"wp:term":[{"taxonomy":"product_brand","embeddable":true,"href":"https:\/\/stylingagenten.com\/sv\/wp-json\/wp\/v2\/product_brand?post=422130"},{"taxonomy":"product_cat","embeddable":true,"href":"https:\/\/stylingagenten.com\/sv\/wp-json\/wp\/v2\/product_cat?post=422130"},{"taxonomy":"product_tag","embeddable":true,"href":"https:\/\/stylingagenten.com\/sv\/wp-json\/wp\/v2\/product_tag?post=422130"},{"taxonomy":"berocket_brand","embeddable":true,"href":"https:\/\/stylingagenten.com\/sv\/wp-json\/wp\/v2\/berocket_brand?post=422130"}],"curies":[{"name":"wp","href":"https:\/\/api.w.org\/{rel}","templated":true}]}}