{"id":422121,"date":"2025-08-25T10:55:52","date_gmt":"2025-08-25T10:55:52","guid":{"rendered":"https:\/\/staging2.stylingagenten.com\/sv\/produkt\/armaf-tres-jour-edp-100ml\/"},"modified":"2026-03-31T05:17:24","modified_gmt":"2026-03-31T05:17:24","slug":"armaf-tres-jour-edp-100ml","status":"publish","type":"product","link":"https:\/\/stylingagenten.com\/sv\/produkt\/armaf-tres-jour-edp-100ml\/","title":{"rendered":"Armaf Tres Jour Edp 100ml"},"content":{"rendered":"<p>Armaf Tres Jour Edp som snabbt blir din nya passion och om\u00f6jlig att ge upp. Den kommer att f\u00f6rtrolla dig redan fr\u00e5n f\u00f6rsta stund, och \u00f6vertyga dig om att den definitivt f\u00f6rtj\u00e4nar sin plats p\u00e5 ditt toalettbord.<\/p>\n<p>Toppnoter: Neroli, Citron, Gr\u00f6nt te<br \/>Hj\u00e4rtnoter: Vita blommor<br \/>Basnoter: Vanilj, Patchouli, Cedertr\u00e4, Mysk<\/p>\n<p>100ml<\/p>\n","protected":false},"excerpt":{"rendered":"<p>Armaf Tres Jour Edp som snabbt blir din nya passion och om\u00f6jlig att ge upp. Den kommer att f\u00f6rtrolla dig redan fr\u00e5n f\u00f6rsta stund, och \u00f6vertyga dig om att den definitivt f\u00f6rtj\u00e4nar sin plats p\u00e5 ditt toalettbord. Toppnoter: Neroli, Citron, Gr\u00f6nt teHj\u00e4rtnoter: Vita blommorBasnoter: Vanilj, Patchouli, Cedertr\u00e4, Mysk 100ml<\/p>\n","protected":false},"featured_media":422119,"comment_status":"open","ping_status":"closed","template":"","meta":{"_trash_the_other_posts":false},"product_brand":[],"product_cat":[706,735,999],"product_tag":[],"berocket_brand":[1989],"class_list":{"0":"post-422121","1":"product","2":"type-product","3":"status-publish","4":"has-post-thumbnail","6":"product_cat-eau-de-parfum-dam","7":"product_cat-kampanj","8":"product_cat-kampanj-for-henne","9":"pa_brand-armaf","10":"berocket_brand-armaf","12":"first","13":"instock","14":"sale","15":"taxable","16":"shipping-taxable","17":"purchasable","18":"product-type-simple"},"_links":{"self":[{"href":"https:\/\/stylingagenten.com\/sv\/wp-json\/wp\/v2\/product\/422121","targetHints":{"allow":["GET"]}}],"collection":[{"href":"https:\/\/stylingagenten.com\/sv\/wp-json\/wp\/v2\/product"}],"about":[{"href":"https:\/\/stylingagenten.com\/sv\/wp-json\/wp\/v2\/types\/product"}],"replies":[{"embeddable":true,"href":"https:\/\/stylingagenten.com\/sv\/wp-json\/wp\/v2\/comments?post=422121"}],"version-history":[{"count":0,"href":"https:\/\/stylingagenten.com\/sv\/wp-json\/wp\/v2\/product\/422121\/revisions"}],"wp:featuredmedia":[{"embeddable":true,"href":"https:\/\/stylingagenten.com\/sv\/wp-json\/wp\/v2\/media\/422119"}],"wp:attachment":[{"href":"https:\/\/stylingagenten.com\/sv\/wp-json\/wp\/v2\/media?parent=422121"}],"wp:term":[{"taxonomy":"product_brand","embeddable":true,"href":"https:\/\/stylingagenten.com\/sv\/wp-json\/wp\/v2\/product_brand?post=422121"},{"taxonomy":"product_cat","embeddable":true,"href":"https:\/\/stylingagenten.com\/sv\/wp-json\/wp\/v2\/product_cat?post=422121"},{"taxonomy":"product_tag","embeddable":true,"href":"https:\/\/stylingagenten.com\/sv\/wp-json\/wp\/v2\/product_tag?post=422121"},{"taxonomy":"berocket_brand","embeddable":true,"href":"https:\/\/stylingagenten.com\/sv\/wp-json\/wp\/v2\/berocket_brand?post=422121"}],"curies":[{"name":"wp","href":"https:\/\/api.w.org\/{rel}","templated":true}]}}