{"id":42064,"date":"2025-01-27T20:39:24","date_gmt":"2025-01-27T20:39:24","guid":{"rendered":"https:\/\/staging2.stylingagenten.com\/sv\/produkt\/beauty-uk-line-define-eye-pencil-no-1-black\/"},"modified":"2026-03-25T08:19:18","modified_gmt":"2026-03-25T08:19:18","slug":"beauty-uk-line-define-eye-pencil-no-1-black","status":"publish","type":"product","link":"https:\/\/stylingagenten.com\/sv\/produkt\/beauty-uk-line-define-eye-pencil-no-1-black\/","title":{"rendered":"Beauty UK Line &amp; Define Eye Pencil No.1 &#8211; Black"},"content":{"rendered":"<p>Beauty UK Line &amp; Define Eye Pencil No.1 &#8211; Black. En mjuk \u00f6gonpenna som ger linjer, definierar och skuggar \u00f6gonen med rik f\u00e4rg och en silkeslen yta.<\/p>\n","protected":false},"excerpt":{"rendered":"<p>Beauty UK Line &amp; Define Eye Pencil No.1 &#8211; Black. En mjuk \u00f6gonpenna som ger linjer, definierar och skuggar \u00f6gonen med rik f\u00e4rg och en silkeslen yta.<\/p>\n","protected":false},"featured_media":42062,"comment_status":"open","ping_status":"closed","template":"","meta":{"_trash_the_other_posts":false},"product_brand":[],"product_cat":[568],"product_tag":[2501],"berocket_brand":[1059],"class_list":{"0":"post-42064","1":"product","2":"type-product","3":"status-publish","4":"has-post-thumbnail","6":"product_cat-eyeliner-kajal","7":"product_tag-beauty-uk-line-define-eye-pencil","8":"pa_brand-beautyuk","9":"pa_variant-no-1-black","10":"berocket_brand-beautyuk","12":"first","13":"instock","14":"sale","15":"taxable","16":"shipping-taxable","17":"purchasable","18":"product-type-simple"},"_links":{"self":[{"href":"https:\/\/stylingagenten.com\/sv\/wp-json\/wp\/v2\/product\/42064","targetHints":{"allow":["GET"]}}],"collection":[{"href":"https:\/\/stylingagenten.com\/sv\/wp-json\/wp\/v2\/product"}],"about":[{"href":"https:\/\/stylingagenten.com\/sv\/wp-json\/wp\/v2\/types\/product"}],"replies":[{"embeddable":true,"href":"https:\/\/stylingagenten.com\/sv\/wp-json\/wp\/v2\/comments?post=42064"}],"version-history":[{"count":0,"href":"https:\/\/stylingagenten.com\/sv\/wp-json\/wp\/v2\/product\/42064\/revisions"}],"wp:featuredmedia":[{"embeddable":true,"href":"https:\/\/stylingagenten.com\/sv\/wp-json\/wp\/v2\/media\/42062"}],"wp:attachment":[{"href":"https:\/\/stylingagenten.com\/sv\/wp-json\/wp\/v2\/media?parent=42064"}],"wp:term":[{"taxonomy":"product_brand","embeddable":true,"href":"https:\/\/stylingagenten.com\/sv\/wp-json\/wp\/v2\/product_brand?post=42064"},{"taxonomy":"product_cat","embeddable":true,"href":"https:\/\/stylingagenten.com\/sv\/wp-json\/wp\/v2\/product_cat?post=42064"},{"taxonomy":"product_tag","embeddable":true,"href":"https:\/\/stylingagenten.com\/sv\/wp-json\/wp\/v2\/product_tag?post=42064"},{"taxonomy":"berocket_brand","embeddable":true,"href":"https:\/\/stylingagenten.com\/sv\/wp-json\/wp\/v2\/berocket_brand?post=42064"}],"curies":[{"name":"wp","href":"https:\/\/api.w.org\/{rel}","templated":true}]}}