{"id":41896,"date":"2025-01-27T20:38:52","date_gmt":"2025-01-27T20:38:52","guid":{"rendered":"https:\/\/staging2.stylingagenten.com\/sv\/produkt\/britney-spears-believe-edp-30ml\/"},"modified":"2026-04-10T20:18:32","modified_gmt":"2026-04-10T20:18:32","slug":"britney-spears-believe-edp-30ml","status":"publish","type":"product","link":"https:\/\/stylingagenten.com\/sv\/produkt\/britney-spears-believe-edp-30ml\/","title":{"rendered":"Britney Spears Believe Edp 30ml"},"content":{"rendered":"<p>Britney Spears Believe \u00e4r en kvinnlig doft fylld med karakt\u00e4r med toner av exotiska frukter, mjuka blommor och f\u00f6rf\u00f6rande amber.<\/p>\n<p><strong>Doftnoter:<\/strong> guava, tangerin, kaprifol, lindblommor, patchouli, amber &amp; pralin ackord.<\/p>\n","protected":false},"excerpt":{"rendered":"<p>Britney Spears Believe \u00e4r en kvinnlig doft fylld med karakt\u00e4r med toner av exotiska frukter, mjuka blommor och f\u00f6rf\u00f6rande amber. Doftnoter: guava, tangerin, kaprifol, lindblommor, patchouli, amber &amp; pralin ackord.<\/p>\n","protected":false},"featured_media":41887,"comment_status":"open","ping_status":"closed","template":"","meta":{"_trash_the_other_posts":false},"product_brand":[],"product_cat":[770,706,735,999,1006],"product_tag":[2580],"berocket_brand":[1031],"class_list":{"0":"post-41896","1":"product","2":"type-product","3":"status-publish","4":"has-post-thumbnail","6":"product_cat-britney-spears-curious","7":"product_cat-eau-de-parfum-dam","8":"product_cat-kampanj","9":"product_cat-kampanj-for-henne","10":"product_cat-kampanjpris","11":"product_tag-britney-spears-believe-edp","12":"pa_brand-britney-spears","13":"pa_variant-30ml","14":"berocket_brand-britney-spears","16":"first","17":"instock","18":"sale","19":"taxable","20":"shipping-taxable","21":"purchasable","22":"product-type-simple"},"_links":{"self":[{"href":"https:\/\/stylingagenten.com\/sv\/wp-json\/wp\/v2\/product\/41896","targetHints":{"allow":["GET"]}}],"collection":[{"href":"https:\/\/stylingagenten.com\/sv\/wp-json\/wp\/v2\/product"}],"about":[{"href":"https:\/\/stylingagenten.com\/sv\/wp-json\/wp\/v2\/types\/product"}],"replies":[{"embeddable":true,"href":"https:\/\/stylingagenten.com\/sv\/wp-json\/wp\/v2\/comments?post=41896"}],"version-history":[{"count":0,"href":"https:\/\/stylingagenten.com\/sv\/wp-json\/wp\/v2\/product\/41896\/revisions"}],"wp:featuredmedia":[{"embeddable":true,"href":"https:\/\/stylingagenten.com\/sv\/wp-json\/wp\/v2\/media\/41887"}],"wp:attachment":[{"href":"https:\/\/stylingagenten.com\/sv\/wp-json\/wp\/v2\/media?parent=41896"}],"wp:term":[{"taxonomy":"product_brand","embeddable":true,"href":"https:\/\/stylingagenten.com\/sv\/wp-json\/wp\/v2\/product_brand?post=41896"},{"taxonomy":"product_cat","embeddable":true,"href":"https:\/\/stylingagenten.com\/sv\/wp-json\/wp\/v2\/product_cat?post=41896"},{"taxonomy":"product_tag","embeddable":true,"href":"https:\/\/stylingagenten.com\/sv\/wp-json\/wp\/v2\/product_tag?post=41896"},{"taxonomy":"berocket_brand","embeddable":true,"href":"https:\/\/stylingagenten.com\/sv\/wp-json\/wp\/v2\/berocket_brand?post=41896"}],"curies":[{"name":"wp","href":"https:\/\/api.w.org\/{rel}","templated":true}]}}