{"id":41880,"date":"2025-01-27T20:38:49","date_gmt":"2025-01-27T20:38:49","guid":{"rendered":"https:\/\/staging2.stylingagenten.com\/sv\/produkt\/elie-saab-le-parfum-edp-30ml\/"},"modified":"2026-04-09T19:48:41","modified_gmt":"2026-04-09T19:48:41","slug":"elie-saab-le-parfum-edp-30ml","status":"publish","type":"product","link":"https:\/\/stylingagenten.com\/sv\/produkt\/elie-saab-le-parfum-edp-30ml\/","title":{"rendered":"Elie Saab Le Parfum Edp 30ml"},"content":{"rendered":"<p>Elie Saab Le Parfum. Det \u00e4r en blommig, solig och tr\u00e4ig doft som f\u00e5r varje kvinna att k\u00e4nna sig uts\u00f6kt och exceptionell, precis som en prinsessa!<\/p>\n<p><strong>Doftnoter:<\/strong> apelsinblom, jasmin, patchouli, cederackord &amp; honungsros.<\/p>\n","protected":false},"excerpt":{"rendered":"<p>Elie Saab Le Parfum. Det \u00e4r en blommig, solig och tr\u00e4ig doft som f\u00e5r varje kvinna att k\u00e4nna sig uts\u00f6kt och exceptionell, precis som en prinsessa! Doftnoter: apelsinblom, jasmin, patchouli, cederackord &amp; honungsros.<\/p>\n","protected":false},"featured_media":41879,"comment_status":"open","ping_status":"closed","template":"","meta":{"_trash_the_other_posts":false},"product_brand":[],"product_cat":[706,735,999,1006],"product_tag":[2892],"berocket_brand":[1302],"class_list":{"0":"post-41880","1":"product","2":"type-product","3":"status-publish","4":"has-post-thumbnail","6":"product_cat-eau-de-parfum-dam","7":"product_cat-kampanj","8":"product_cat-kampanj-for-henne","9":"product_cat-kampanjpris","10":"product_tag-elie-saab-le-parfum-edp","11":"pa_brand-elie-saab","12":"pa_variant-30ml","13":"berocket_brand-elie-saab","15":"first","16":"outofstock","17":"sale","18":"taxable","19":"shipping-taxable","20":"purchasable","21":"product-type-simple"},"_links":{"self":[{"href":"https:\/\/stylingagenten.com\/sv\/wp-json\/wp\/v2\/product\/41880","targetHints":{"allow":["GET"]}}],"collection":[{"href":"https:\/\/stylingagenten.com\/sv\/wp-json\/wp\/v2\/product"}],"about":[{"href":"https:\/\/stylingagenten.com\/sv\/wp-json\/wp\/v2\/types\/product"}],"replies":[{"embeddable":true,"href":"https:\/\/stylingagenten.com\/sv\/wp-json\/wp\/v2\/comments?post=41880"}],"version-history":[{"count":0,"href":"https:\/\/stylingagenten.com\/sv\/wp-json\/wp\/v2\/product\/41880\/revisions"}],"wp:featuredmedia":[{"embeddable":true,"href":"https:\/\/stylingagenten.com\/sv\/wp-json\/wp\/v2\/media\/41879"}],"wp:attachment":[{"href":"https:\/\/stylingagenten.com\/sv\/wp-json\/wp\/v2\/media?parent=41880"}],"wp:term":[{"taxonomy":"product_brand","embeddable":true,"href":"https:\/\/stylingagenten.com\/sv\/wp-json\/wp\/v2\/product_brand?post=41880"},{"taxonomy":"product_cat","embeddable":true,"href":"https:\/\/stylingagenten.com\/sv\/wp-json\/wp\/v2\/product_cat?post=41880"},{"taxonomy":"product_tag","embeddable":true,"href":"https:\/\/stylingagenten.com\/sv\/wp-json\/wp\/v2\/product_tag?post=41880"},{"taxonomy":"berocket_brand","embeddable":true,"href":"https:\/\/stylingagenten.com\/sv\/wp-json\/wp\/v2\/berocket_brand?post=41880"}],"curies":[{"name":"wp","href":"https:\/\/api.w.org\/{rel}","templated":true}]}}