{"id":41712,"date":"2025-01-27T20:38:16","date_gmt":"2025-01-27T20:38:16","guid":{"rendered":"https:\/\/staging2.stylingagenten.com\/sv\/produkt\/beauty-uk-lipstick-no-7-in-the-buff\/"},"modified":"2025-12-18T21:35:14","modified_gmt":"2025-12-18T21:35:14","slug":"beauty-uk-lipstick-no-7-in-the-buff","status":"publish","type":"product","link":"https:\/\/stylingagenten.com\/sv\/produkt\/beauty-uk-lipstick-no-7-in-the-buff\/","title":{"rendered":"Beauty UK Lipstick no.7 &#8211; In The Buff"},"content":{"rendered":"<p>Beauty UK Lipstick no.7 &#8211; In The Buff . Ny kollektion av l\u00e4ppstift i &#8221;Wet&#8221; eller &#8221;Matte&#8221; textur och med en m\u00e4ngd nyanser. Den lyxigt mjukg\u00f6rande &#8221;Wet&#8221;- kollektionen l\u00e4mnar l\u00e4pparna l\u00e4ckra och blanka med l\u00e5ngvarig glans. Medans &#8221;Matte&#8221; formula ger en n\u00e4ringsgivande och l\u00e5ngvarig f\u00e4rgklick som imponerar!<\/p>\n<p>L\u00e4ppstift \u00e4r med en fr\u00e4sch och god mintsmak.<br \/>F\u00e4rg: M\u00f6rkrosa\/wet<\/p>\n","protected":false},"excerpt":{"rendered":"<p>Beauty UK Lipstick no.7 &#8211; In The Buff . Ny kollektion av l\u00e4ppstift i &#8221;Wet&#8221; eller &#8221;Matte&#8221; textur och med en m\u00e4ngd nyanser. Den lyxigt mjukg\u00f6rande &#8221;Wet&#8221;- kollektionen l\u00e4mnar l\u00e4pparna l\u00e4ckra och blanka med l\u00e5ngvarig glans. Medans &#8221;Matte&#8221; formula ger en n\u00e4ringsgivande och l\u00e5ngvarig f\u00e4rgklick som imponerar! L\u00e4ppstift \u00e4r med en fr\u00e4sch och god mintsmak.F\u00e4rg: [&hellip;]<\/p>\n","protected":false},"featured_media":41706,"comment_status":"open","ping_status":"closed","template":"","meta":{"_trash_the_other_posts":false},"product_brand":[],"product_cat":[607],"product_tag":[2511],"berocket_brand":[1059],"class_list":{"0":"post-41712","1":"product","2":"type-product","3":"status-publish","4":"has-post-thumbnail","6":"product_cat-lappstift","7":"product_tag-beauty-uk-lipstick","8":"pa_brand-beautyuk","9":"pa_variant-no-7-in-the-buff","10":"berocket_brand-beautyuk","12":"first","13":"instock","14":"sale","15":"taxable","16":"shipping-taxable","17":"purchasable","18":"product-type-simple"},"_links":{"self":[{"href":"https:\/\/stylingagenten.com\/sv\/wp-json\/wp\/v2\/product\/41712","targetHints":{"allow":["GET"]}}],"collection":[{"href":"https:\/\/stylingagenten.com\/sv\/wp-json\/wp\/v2\/product"}],"about":[{"href":"https:\/\/stylingagenten.com\/sv\/wp-json\/wp\/v2\/types\/product"}],"replies":[{"embeddable":true,"href":"https:\/\/stylingagenten.com\/sv\/wp-json\/wp\/v2\/comments?post=41712"}],"version-history":[{"count":0,"href":"https:\/\/stylingagenten.com\/sv\/wp-json\/wp\/v2\/product\/41712\/revisions"}],"wp:featuredmedia":[{"embeddable":true,"href":"https:\/\/stylingagenten.com\/sv\/wp-json\/wp\/v2\/media\/41706"}],"wp:attachment":[{"href":"https:\/\/stylingagenten.com\/sv\/wp-json\/wp\/v2\/media?parent=41712"}],"wp:term":[{"taxonomy":"product_brand","embeddable":true,"href":"https:\/\/stylingagenten.com\/sv\/wp-json\/wp\/v2\/product_brand?post=41712"},{"taxonomy":"product_cat","embeddable":true,"href":"https:\/\/stylingagenten.com\/sv\/wp-json\/wp\/v2\/product_cat?post=41712"},{"taxonomy":"product_tag","embeddable":true,"href":"https:\/\/stylingagenten.com\/sv\/wp-json\/wp\/v2\/product_tag?post=41712"},{"taxonomy":"berocket_brand","embeddable":true,"href":"https:\/\/stylingagenten.com\/sv\/wp-json\/wp\/v2\/berocket_brand?post=41712"}],"curies":[{"name":"wp","href":"https:\/\/api.w.org\/{rel}","templated":true}]}}