{"id":41693,"date":"2025-01-27T20:38:12","date_gmt":"2025-01-27T20:38:12","guid":{"rendered":"https:\/\/staging2.stylingagenten.com\/sv\/produkt\/lancome-tresor-midnight-rose-edp-30ml\/"},"modified":"2025-11-18T13:56:24","modified_gmt":"2025-11-18T13:56:24","slug":"lancome-tresor-midnight-rose-edp-30ml","status":"publish","type":"product","link":"https:\/\/stylingagenten.com\/sv\/produkt\/lancome-tresor-midnight-rose-edp-30ml\/","title":{"rendered":"Lancome Tresor Midnight Rose Edp 30ml"},"content":{"rendered":"<p>Lancome Tresor Midnight Rose \u00e4r en sprudlande, sensuell och f\u00f6rf\u00f6risk doft som representerar det spel som \u00e4ger rum i f\u00f6r\u00e4lskelsens f\u00f6rsta fas n\u00e4r k\u00e4rleken \u00e4nnu inte er\u00f6vrats.<\/p>\n<p><strong>Doftnoter:<\/strong> svarta vinb\u00e4r, hallon, ros, jasmin, vanilj, cedertr\u00e4 &amp; mysk.<\/p>\n","protected":false},"excerpt":{"rendered":"<p>Lancome Tresor Midnight Rose \u00e4r en sprudlande, sensuell och f\u00f6rf\u00f6risk doft som representerar det spel som \u00e4ger rum i f\u00f6r\u00e4lskelsens f\u00f6rsta fas n\u00e4r k\u00e4rleken \u00e4nnu inte er\u00f6vrats. Doftnoter: svarta vinb\u00e4r, hallon, ros, jasmin, vanilj, cedertr\u00e4 &amp; mysk.<\/p>\n","protected":false},"featured_media":41691,"comment_status":"open","ping_status":"closed","template":"","meta":{"_trash_the_other_posts":false},"product_brand":[],"product_cat":[706],"product_tag":[3283],"berocket_brand":[1128],"class_list":{"0":"post-41693","1":"product","2":"type-product","3":"status-publish","4":"has-post-thumbnail","6":"product_cat-eau-de-parfum-dam","7":"product_tag-lancome-tresor-midnight-rose-edp","8":"pa_brand-lancome","9":"pa_variant-30ml","10":"berocket_brand-lancome","12":"first","13":"outofstock","14":"sale","15":"taxable","16":"shipping-taxable","17":"purchasable","18":"product-type-simple"},"_links":{"self":[{"href":"https:\/\/stylingagenten.com\/sv\/wp-json\/wp\/v2\/product\/41693","targetHints":{"allow":["GET"]}}],"collection":[{"href":"https:\/\/stylingagenten.com\/sv\/wp-json\/wp\/v2\/product"}],"about":[{"href":"https:\/\/stylingagenten.com\/sv\/wp-json\/wp\/v2\/types\/product"}],"replies":[{"embeddable":true,"href":"https:\/\/stylingagenten.com\/sv\/wp-json\/wp\/v2\/comments?post=41693"}],"version-history":[{"count":0,"href":"https:\/\/stylingagenten.com\/sv\/wp-json\/wp\/v2\/product\/41693\/revisions"}],"wp:featuredmedia":[{"embeddable":true,"href":"https:\/\/stylingagenten.com\/sv\/wp-json\/wp\/v2\/media\/41691"}],"wp:attachment":[{"href":"https:\/\/stylingagenten.com\/sv\/wp-json\/wp\/v2\/media?parent=41693"}],"wp:term":[{"taxonomy":"product_brand","embeddable":true,"href":"https:\/\/stylingagenten.com\/sv\/wp-json\/wp\/v2\/product_brand?post=41693"},{"taxonomy":"product_cat","embeddable":true,"href":"https:\/\/stylingagenten.com\/sv\/wp-json\/wp\/v2\/product_cat?post=41693"},{"taxonomy":"product_tag","embeddable":true,"href":"https:\/\/stylingagenten.com\/sv\/wp-json\/wp\/v2\/product_tag?post=41693"},{"taxonomy":"berocket_brand","embeddable":true,"href":"https:\/\/stylingagenten.com\/sv\/wp-json\/wp\/v2\/berocket_brand?post=41693"}],"curies":[{"name":"wp","href":"https:\/\/api.w.org\/{rel}","templated":true}]}}