{"id":41347,"date":"2025-01-27T20:36:51","date_gmt":"2025-01-27T20:36:51","guid":{"rendered":"https:\/\/staging2.stylingagenten.com\/sv\/produkt\/dolce-gabbana-light-blue-edt-50ml\/"},"modified":"2026-04-12T18:18:26","modified_gmt":"2026-04-12T18:18:26","slug":"dolce-gabbana-light-blue-edt-50ml","status":"publish","type":"product","link":"https:\/\/stylingagenten.com\/sv\/produkt\/dolce-gabbana-light-blue-edt-50ml\/","title":{"rendered":"Dolce &amp; Gabbana Light Blue Edt 50ml"},"content":{"rendered":"<p>Dolce &amp; Gabbana Light Blue \u00e4r oemotst\u00e5ndlig med sin friska, l\u00e4tta ton av citrus, \u00e4pple och jasmin. En parfym som \u00e4r en riktig stors\u00e4ljare v\u00e4rlden \u00f6ver.<\/p>\n<p><strong>Doftnoter: <\/strong>siciliansk citron, granny smith \u00e4pple, jasmin, bambu, fresia, vit ros, cedertr\u00e4, mysk &amp; amber.<\/p>\n","protected":false},"excerpt":{"rendered":"<p>Dolce &amp; Gabbana Light Blue \u00e4r oemotst\u00e5ndlig med sin friska, l\u00e4tta ton av citrus, \u00e4pple och jasmin. En parfym som \u00e4r en riktig stors\u00e4ljare v\u00e4rlden \u00f6ver. Doftnoter: siciliansk citron, granny smith \u00e4pple, jasmin, bambu, fresia, vit ros, cedertr\u00e4, mysk &amp; amber.<\/p>\n","protected":false},"featured_media":41338,"comment_status":"open","ping_status":"closed","template":"","meta":{"_trash_the_other_posts":false},"product_brand":[],"product_cat":[832,707,735,999,1003],"product_tag":[2860],"berocket_brand":[1292],"class_list":{"0":"post-41347","1":"product","2":"type-product","3":"status-publish","4":"has-post-thumbnail","6":"product_cat-dolce-gabbana-light-blue-women","7":"product_cat-eau-de-toilette-dam","8":"product_cat-kampanj","9":"product_cat-kampanj-for-henne","10":"product_cat-toppsaljare","11":"product_tag-dolce-gabbana-light-blue-edt","12":"pa_brand-dolce-gabbana","13":"pa_variant-50ml","14":"berocket_brand-dolce-gabbana","16":"first","17":"instock","18":"sale","19":"taxable","20":"shipping-taxable","21":"purchasable","22":"product-type-simple"},"_links":{"self":[{"href":"https:\/\/stylingagenten.com\/sv\/wp-json\/wp\/v2\/product\/41347","targetHints":{"allow":["GET"]}}],"collection":[{"href":"https:\/\/stylingagenten.com\/sv\/wp-json\/wp\/v2\/product"}],"about":[{"href":"https:\/\/stylingagenten.com\/sv\/wp-json\/wp\/v2\/types\/product"}],"replies":[{"embeddable":true,"href":"https:\/\/stylingagenten.com\/sv\/wp-json\/wp\/v2\/comments?post=41347"}],"version-history":[{"count":0,"href":"https:\/\/stylingagenten.com\/sv\/wp-json\/wp\/v2\/product\/41347\/revisions"}],"wp:featuredmedia":[{"embeddable":true,"href":"https:\/\/stylingagenten.com\/sv\/wp-json\/wp\/v2\/media\/41338"}],"wp:attachment":[{"href":"https:\/\/stylingagenten.com\/sv\/wp-json\/wp\/v2\/media?parent=41347"}],"wp:term":[{"taxonomy":"product_brand","embeddable":true,"href":"https:\/\/stylingagenten.com\/sv\/wp-json\/wp\/v2\/product_brand?post=41347"},{"taxonomy":"product_cat","embeddable":true,"href":"https:\/\/stylingagenten.com\/sv\/wp-json\/wp\/v2\/product_cat?post=41347"},{"taxonomy":"product_tag","embeddable":true,"href":"https:\/\/stylingagenten.com\/sv\/wp-json\/wp\/v2\/product_tag?post=41347"},{"taxonomy":"berocket_brand","embeddable":true,"href":"https:\/\/stylingagenten.com\/sv\/wp-json\/wp\/v2\/berocket_brand?post=41347"}],"curies":[{"name":"wp","href":"https:\/\/api.w.org\/{rel}","templated":true}]}}