{"id":41286,"date":"2025-01-27T20:36:37","date_gmt":"2025-01-27T20:36:37","guid":{"rendered":"https:\/\/staging2.stylingagenten.com\/sv\/produkt\/marc-jacobs-dot-edp-100ml\/"},"modified":"2026-03-24T10:37:32","modified_gmt":"2026-03-24T10:37:32","slug":"marc-jacobs-dot-edp-100ml","status":"publish","type":"product","link":"https:\/\/stylingagenten.com\/sv\/produkt\/marc-jacobs-dot-edp-100ml\/","title":{"rendered":"Marc Jacobs Dot Edp 100ml"},"content":{"rendered":"<p>Marc Jacobs Dot lanserades 2012 och \u00e4r inspirerad av Jacobs k\u00e4rlek till prickigt. Den \u00e4r en gl\u00e4djefylld doft som \u00e4r blommigt fruktig med en h\u00e4rlig charm av r\u00f6da b\u00e4r, jasmin och mjuk vanilj.<\/p>\n<p><strong>Doftnoter:<\/strong> pitahaya, r\u00f6da b\u00e4r, kaprifol, kokos, apelsinblomma, jasmin, musk, vanilj &amp; drivved.<\/p>\n","protected":false},"excerpt":{"rendered":"<p>Marc Jacobs Dot lanserades 2012 och \u00e4r inspirerad av Jacobs k\u00e4rlek till prickigt. Den \u00e4r en gl\u00e4djefylld doft som \u00e4r blommigt fruktig med en h\u00e4rlig charm av r\u00f6da b\u00e4r, jasmin och mjuk vanilj. Doftnoter: pitahaya, r\u00f6da b\u00e4r, kaprifol, kokos, apelsinblomma, jasmin, musk, vanilj &amp; drivved.<\/p>\n","protected":false},"featured_media":74037,"comment_status":"open","ping_status":"closed","template":"","meta":{"_trash_the_other_posts":false},"product_brand":[],"product_cat":[706],"product_tag":[3494],"berocket_brand":[1069],"class_list":{"0":"post-41286","1":"product","2":"type-product","3":"status-publish","4":"has-post-thumbnail","6":"product_cat-eau-de-parfum-dam","7":"product_tag-marc-jacobs-dot-edp","8":"pa_brand-marc-jacobs","9":"pa_variant-100ml","10":"berocket_brand-marc-jacobs","12":"first","13":"outofstock","14":"sale","15":"taxable","16":"shipping-taxable","17":"purchasable","18":"product-type-simple"},"_links":{"self":[{"href":"https:\/\/stylingagenten.com\/sv\/wp-json\/wp\/v2\/product\/41286","targetHints":{"allow":["GET"]}}],"collection":[{"href":"https:\/\/stylingagenten.com\/sv\/wp-json\/wp\/v2\/product"}],"about":[{"href":"https:\/\/stylingagenten.com\/sv\/wp-json\/wp\/v2\/types\/product"}],"replies":[{"embeddable":true,"href":"https:\/\/stylingagenten.com\/sv\/wp-json\/wp\/v2\/comments?post=41286"}],"version-history":[{"count":0,"href":"https:\/\/stylingagenten.com\/sv\/wp-json\/wp\/v2\/product\/41286\/revisions"}],"wp:featuredmedia":[{"embeddable":true,"href":"https:\/\/stylingagenten.com\/sv\/wp-json\/wp\/v2\/media\/74037"}],"wp:attachment":[{"href":"https:\/\/stylingagenten.com\/sv\/wp-json\/wp\/v2\/media?parent=41286"}],"wp:term":[{"taxonomy":"product_brand","embeddable":true,"href":"https:\/\/stylingagenten.com\/sv\/wp-json\/wp\/v2\/product_brand?post=41286"},{"taxonomy":"product_cat","embeddable":true,"href":"https:\/\/stylingagenten.com\/sv\/wp-json\/wp\/v2\/product_cat?post=41286"},{"taxonomy":"product_tag","embeddable":true,"href":"https:\/\/stylingagenten.com\/sv\/wp-json\/wp\/v2\/product_tag?post=41286"},{"taxonomy":"berocket_brand","embeddable":true,"href":"https:\/\/stylingagenten.com\/sv\/wp-json\/wp\/v2\/berocket_brand?post=41286"}],"curies":[{"name":"wp","href":"https:\/\/api.w.org\/{rel}","templated":true}]}}