{"id":41237,"date":"2025-01-27T20:36:23","date_gmt":"2025-01-27T20:36:23","guid":{"rendered":"https:\/\/staging2.stylingagenten.com\/sv\/produkt\/clinique-happy-edp-50ml\/"},"modified":"2026-03-29T09:58:27","modified_gmt":"2026-03-29T09:58:27","slug":"clinique-happy-edp-50ml","status":"publish","type":"product","link":"https:\/\/stylingagenten.com\/sv\/produkt\/clinique-happy-edp-50ml\/","title":{"rendered":"Clinique Happy Edp 50ml"},"content":{"rendered":"<p>Clinique Happy \u00e4r en parfym som passar alla tillf\u00e4llen och alla kvinnor. Den \u00e4r fruktig och blommig med toner av citrus, kaprifol och boysenb\u00e4r.<\/p>\n<p><strong>Doftnoter: <\/strong>bergamott, boysenb\u00e4r, kaprifol, grapefrukt, mossa, fresia, citron &amp; exotiska blommor.<\/p>\n","protected":false},"excerpt":{"rendered":"<p>Clinique Happy \u00e4r en parfym som passar alla tillf\u00e4llen och alla kvinnor. Den \u00e4r fruktig och blommig med toner av citrus, kaprifol och boysenb\u00e4r. Doftnoter: bergamott, boysenb\u00e4r, kaprifol, grapefrukt, mossa, fresia, citron &amp; exotiska blommor.<\/p>\n","protected":false},"featured_media":41236,"comment_status":"open","ping_status":"closed","template":"","meta":{"_trash_the_other_posts":false},"product_brand":[],"product_cat":[812,706,735,999,1006],"product_tag":[2746],"berocket_brand":[1062],"class_list":{"0":"post-41237","1":"product","2":"type-product","3":"status-publish","4":"has-post-thumbnail","6":"product_cat-clinique-happy-woman","7":"product_cat-eau-de-parfum-dam","8":"product_cat-kampanj","9":"product_cat-kampanj-for-henne","10":"product_cat-kampanjpris","11":"product_tag-clinique-happy-edp","12":"pa_brand-clinique","13":"pa_variant-50ml","14":"berocket_brand-clinique","16":"first","17":"outofstock","18":"sale","19":"taxable","20":"shipping-taxable","21":"purchasable","22":"product-type-simple"},"_links":{"self":[{"href":"https:\/\/stylingagenten.com\/sv\/wp-json\/wp\/v2\/product\/41237","targetHints":{"allow":["GET"]}}],"collection":[{"href":"https:\/\/stylingagenten.com\/sv\/wp-json\/wp\/v2\/product"}],"about":[{"href":"https:\/\/stylingagenten.com\/sv\/wp-json\/wp\/v2\/types\/product"}],"replies":[{"embeddable":true,"href":"https:\/\/stylingagenten.com\/sv\/wp-json\/wp\/v2\/comments?post=41237"}],"version-history":[{"count":0,"href":"https:\/\/stylingagenten.com\/sv\/wp-json\/wp\/v2\/product\/41237\/revisions"}],"wp:featuredmedia":[{"embeddable":true,"href":"https:\/\/stylingagenten.com\/sv\/wp-json\/wp\/v2\/media\/41236"}],"wp:attachment":[{"href":"https:\/\/stylingagenten.com\/sv\/wp-json\/wp\/v2\/media?parent=41237"}],"wp:term":[{"taxonomy":"product_brand","embeddable":true,"href":"https:\/\/stylingagenten.com\/sv\/wp-json\/wp\/v2\/product_brand?post=41237"},{"taxonomy":"product_cat","embeddable":true,"href":"https:\/\/stylingagenten.com\/sv\/wp-json\/wp\/v2\/product_cat?post=41237"},{"taxonomy":"product_tag","embeddable":true,"href":"https:\/\/stylingagenten.com\/sv\/wp-json\/wp\/v2\/product_tag?post=41237"},{"taxonomy":"berocket_brand","embeddable":true,"href":"https:\/\/stylingagenten.com\/sv\/wp-json\/wp\/v2\/berocket_brand?post=41237"}],"curies":[{"name":"wp","href":"https:\/\/api.w.org\/{rel}","templated":true}]}}