{"id":41166,"date":"2025-01-27T20:36:00","date_gmt":"2025-01-27T20:36:00","guid":{"rendered":"https:\/\/staging2.stylingagenten.com\/sv\/produkt\/batiste-dry-shampoo-on-the-go-original-50ml\/"},"modified":"2026-04-14T07:09:15","modified_gmt":"2026-04-14T07:09:15","slug":"batiste-dry-shampoo-on-the-go-original-50ml","status":"publish","type":"product","link":"https:\/\/stylingagenten.com\/sv\/produkt\/batiste-dry-shampoo-on-the-go-original-50ml\/","title":{"rendered":"Batiste Dry Shampoo On The Go Original 50ml"},"content":{"rendered":"<p>Batiste torrschampo \u00e4r den perfekta produkten som omedelbart reng\u00f6r och fr\u00e4schar upp ditt h\u00e5r mellan tv\u00e4ttarna. Batiste torrschampo finns i flera olika sorter, \u00e4r l\u00e4tta att applicera och ger ditt h\u00e5r ett &#8221;nytv\u00e4ttat&#8221; utseende.<\/p>\n<p>Batiste Dry Shampoo Original har en klassiskt fr\u00e4sch doft.<\/p>\n","protected":false},"excerpt":{"rendered":"<p>Batiste torrschampo \u00e4r den perfekta produkten som omedelbart reng\u00f6r och fr\u00e4schar upp ditt h\u00e5r mellan tv\u00e4ttarna. Batiste torrschampo finns i flera olika sorter, \u00e4r l\u00e4tta att applicera och ger ditt h\u00e5r ett &#8221;nytv\u00e4ttat&#8221; utseende. Batiste Dry Shampoo Original har en klassiskt fr\u00e4sch doft.<\/p>\n","protected":false},"featured_media":41165,"comment_status":"open","ping_status":"closed","template":"","meta":{"_trash_the_other_posts":false},"product_brand":[],"product_cat":[575],"product_tag":[],"berocket_brand":[1136],"class_list":{"0":"post-41166","1":"product","2":"type-product","3":"status-publish","4":"has-post-thumbnail","6":"product_cat-torrschampo","7":"pa_brand-batiste","8":"berocket_brand-batiste","10":"first","11":"instock","12":"sale","13":"taxable","14":"shipping-taxable","15":"purchasable","16":"product-type-simple"},"_links":{"self":[{"href":"https:\/\/stylingagenten.com\/sv\/wp-json\/wp\/v2\/product\/41166","targetHints":{"allow":["GET"]}}],"collection":[{"href":"https:\/\/stylingagenten.com\/sv\/wp-json\/wp\/v2\/product"}],"about":[{"href":"https:\/\/stylingagenten.com\/sv\/wp-json\/wp\/v2\/types\/product"}],"replies":[{"embeddable":true,"href":"https:\/\/stylingagenten.com\/sv\/wp-json\/wp\/v2\/comments?post=41166"}],"version-history":[{"count":1,"href":"https:\/\/stylingagenten.com\/sv\/wp-json\/wp\/v2\/product\/41166\/revisions"}],"predecessor-version":[{"id":4456793141,"href":"https:\/\/stylingagenten.com\/sv\/wp-json\/wp\/v2\/product\/41166\/revisions\/4456793141"}],"wp:featuredmedia":[{"embeddable":true,"href":"https:\/\/stylingagenten.com\/sv\/wp-json\/wp\/v2\/media\/41165"}],"wp:attachment":[{"href":"https:\/\/stylingagenten.com\/sv\/wp-json\/wp\/v2\/media?parent=41166"}],"wp:term":[{"taxonomy":"product_brand","embeddable":true,"href":"https:\/\/stylingagenten.com\/sv\/wp-json\/wp\/v2\/product_brand?post=41166"},{"taxonomy":"product_cat","embeddable":true,"href":"https:\/\/stylingagenten.com\/sv\/wp-json\/wp\/v2\/product_cat?post=41166"},{"taxonomy":"product_tag","embeddable":true,"href":"https:\/\/stylingagenten.com\/sv\/wp-json\/wp\/v2\/product_tag?post=41166"},{"taxonomy":"berocket_brand","embeddable":true,"href":"https:\/\/stylingagenten.com\/sv\/wp-json\/wp\/v2\/berocket_brand?post=41166"}],"curies":[{"name":"wp","href":"https:\/\/api.w.org\/{rel}","templated":true}]}}