{"id":41135,"date":"2025-01-27T20:35:51","date_gmt":"2025-01-27T20:35:51","guid":{"rendered":"https:\/\/staging2.stylingagenten.com\/sv\/produkt\/loreal-paris-mega-volume-collagen-24h-mascara-extra-black-9ml\/"},"modified":"2026-04-14T07:08:55","modified_gmt":"2026-04-14T07:08:55","slug":"loreal-paris-mega-volume-collagen-24h-mascara-extra-black-9ml","status":"publish","type":"product","link":"https:\/\/stylingagenten.com\/sv\/produkt\/loreal-paris-mega-volume-collagen-24h-mascara-extra-black-9ml\/","title":{"rendered":"L&#8217;Or\u00e9al Paris Mega Volume Collagen 24h Mascara Extra Black 9ml"},"content":{"rendered":"<p>L&#8217;Or\u00e9al ParisMega Volume Collagen Mascara \u00e4r en smidig volymmascara som g\u00f6r dina fransar fylligare och extra svarta.<\/p>\n<p>F\u00e4rg:  Extra Svart <\/p>\n","protected":false},"excerpt":{"rendered":"<p>L&#8217;Or\u00e9al ParisMega Volume Collagen Mascara \u00e4r en smidig volymmascara som g\u00f6r dina fransar fylligare och extra svarta. F\u00e4rg: Extra Svart<\/p>\n","protected":false},"featured_media":41134,"comment_status":"open","ping_status":"closed","template":"","meta":{"_trash_the_other_posts":false},"product_brand":[],"product_cat":[618],"product_tag":[],"berocket_brand":[1019],"class_list":{"0":"post-41135","1":"product","2":"type-product","3":"status-publish","4":"has-post-thumbnail","6":"product_cat-mascara","7":"pa_brand-loreal-paris-2","8":"berocket_brand-loreal","10":"first","11":"instock","12":"sale","13":"taxable","14":"shipping-taxable","15":"purchasable","16":"product-type-simple"},"_links":{"self":[{"href":"https:\/\/stylingagenten.com\/sv\/wp-json\/wp\/v2\/product\/41135","targetHints":{"allow":["GET"]}}],"collection":[{"href":"https:\/\/stylingagenten.com\/sv\/wp-json\/wp\/v2\/product"}],"about":[{"href":"https:\/\/stylingagenten.com\/sv\/wp-json\/wp\/v2\/types\/product"}],"replies":[{"embeddable":true,"href":"https:\/\/stylingagenten.com\/sv\/wp-json\/wp\/v2\/comments?post=41135"}],"version-history":[{"count":1,"href":"https:\/\/stylingagenten.com\/sv\/wp-json\/wp\/v2\/product\/41135\/revisions"}],"predecessor-version":[{"id":4456793139,"href":"https:\/\/stylingagenten.com\/sv\/wp-json\/wp\/v2\/product\/41135\/revisions\/4456793139"}],"wp:featuredmedia":[{"embeddable":true,"href":"https:\/\/stylingagenten.com\/sv\/wp-json\/wp\/v2\/media\/41134"}],"wp:attachment":[{"href":"https:\/\/stylingagenten.com\/sv\/wp-json\/wp\/v2\/media?parent=41135"}],"wp:term":[{"taxonomy":"product_brand","embeddable":true,"href":"https:\/\/stylingagenten.com\/sv\/wp-json\/wp\/v2\/product_brand?post=41135"},{"taxonomy":"product_cat","embeddable":true,"href":"https:\/\/stylingagenten.com\/sv\/wp-json\/wp\/v2\/product_cat?post=41135"},{"taxonomy":"product_tag","embeddable":true,"href":"https:\/\/stylingagenten.com\/sv\/wp-json\/wp\/v2\/product_tag?post=41135"},{"taxonomy":"berocket_brand","embeddable":true,"href":"https:\/\/stylingagenten.com\/sv\/wp-json\/wp\/v2\/berocket_brand?post=41135"}],"curies":[{"name":"wp","href":"https:\/\/api.w.org\/{rel}","templated":true}]}}