{"id":41127,"date":"2025-01-27T20:35:48","date_gmt":"2025-01-27T20:35:48","guid":{"rendered":"https:\/\/staging2.stylingagenten.com\/sv\/produkt\/max-factor-lasting-performance-100-fair\/"},"modified":"2026-04-06T14:27:24","modified_gmt":"2026-04-06T14:27:24","slug":"max-factor-lasting-performance-100-fair","status":"publish","type":"product","link":"https:\/\/stylingagenten.com\/sv\/produkt\/max-factor-lasting-performance-100-fair\/","title":{"rendered":"Max Factor Lasting Performance 100 Fair"},"content":{"rendered":"<p>Foundation Max Factor Lasting Performance 100 Fair sitter hela dagen, h\u00e5llfast och ber\u00f6ringst\u00e5lig. Med ett perfekt resultat som h\u00e5ller i minst 8 timmar s\u00e5 kommer din hy att se och k\u00e4nnas fr\u00e4sch l\u00e4ngre. St\u00e5r emot ber\u00f6ring och till skillnad fr\u00e5n andra oljebaserade foundations s\u00e5 t\u00e4pper den inte till dina porer eller irriterar k\u00e4nslig hy.<\/p>\n<p>Tips! Om du f\u00f6redrar flytande foundation, ta d\u00e5 f\u00f6r vana att alltid skaka flaskan f\u00f6re applicering. F\u00e4rgpigment kan annars samlas &#8221;i ett h\u00f6rn&#8221; i f\u00f6rpackningen och ge en oj\u00e4mn f\u00f6rdelning.<\/p>\n<p>Oljefri, helt\u00e4ckande foundation som sitter hela dagen. Ger en halvmatt yta. Fettabsorberande. Oparfymerad. Passar alla hudtyper utom den extremt torra.<\/p>\n<p>Inneh\u00e5ll: 35 ml.<\/p>\n","protected":false},"excerpt":{"rendered":"<p>Foundation Max Factor Lasting Performance 100 Fair sitter hela dagen, h\u00e5llfast och ber\u00f6ringst\u00e5lig. Med ett perfekt resultat som h\u00e5ller i minst 8 timmar s\u00e5 kommer din hy att se och k\u00e4nnas fr\u00e4sch l\u00e4ngre. St\u00e5r emot ber\u00f6ring och till skillnad fr\u00e5n andra oljebaserade foundations s\u00e5 t\u00e4pper den inte till dina porer eller irriterar k\u00e4nslig hy. Tips! [&hellip;]<\/p>\n","protected":false},"featured_media":41125,"comment_status":"open","ping_status":"closed","template":"","meta":{"_trash_the_other_posts":false},"product_brand":[],"product_cat":[579],"product_tag":[3592],"berocket_brand":[1013],"class_list":{"0":"post-41127","1":"product","2":"type-product","3":"status-publish","4":"has-post-thumbnail","6":"product_cat-foundation","7":"product_tag-max-factor-lasting-performance","8":"pa_brand-max-factor","9":"pa_variant-100-fair","10":"berocket_brand-max-factor","12":"first","13":"instock","14":"sale","15":"taxable","16":"shipping-taxable","17":"purchasable","18":"product-type-simple"},"_links":{"self":[{"href":"https:\/\/stylingagenten.com\/sv\/wp-json\/wp\/v2\/product\/41127","targetHints":{"allow":["GET"]}}],"collection":[{"href":"https:\/\/stylingagenten.com\/sv\/wp-json\/wp\/v2\/product"}],"about":[{"href":"https:\/\/stylingagenten.com\/sv\/wp-json\/wp\/v2\/types\/product"}],"replies":[{"embeddable":true,"href":"https:\/\/stylingagenten.com\/sv\/wp-json\/wp\/v2\/comments?post=41127"}],"version-history":[{"count":0,"href":"https:\/\/stylingagenten.com\/sv\/wp-json\/wp\/v2\/product\/41127\/revisions"}],"wp:featuredmedia":[{"embeddable":true,"href":"https:\/\/stylingagenten.com\/sv\/wp-json\/wp\/v2\/media\/41125"}],"wp:attachment":[{"href":"https:\/\/stylingagenten.com\/sv\/wp-json\/wp\/v2\/media?parent=41127"}],"wp:term":[{"taxonomy":"product_brand","embeddable":true,"href":"https:\/\/stylingagenten.com\/sv\/wp-json\/wp\/v2\/product_brand?post=41127"},{"taxonomy":"product_cat","embeddable":true,"href":"https:\/\/stylingagenten.com\/sv\/wp-json\/wp\/v2\/product_cat?post=41127"},{"taxonomy":"product_tag","embeddable":true,"href":"https:\/\/stylingagenten.com\/sv\/wp-json\/wp\/v2\/product_tag?post=41127"},{"taxonomy":"berocket_brand","embeddable":true,"href":"https:\/\/stylingagenten.com\/sv\/wp-json\/wp\/v2\/berocket_brand?post=41127"}],"curies":[{"name":"wp","href":"https:\/\/api.w.org\/{rel}","templated":true}]}}