{"id":40983,"date":"2025-01-27T20:34:54","date_gmt":"2025-01-27T20:34:54","guid":{"rendered":"https:\/\/staging2.stylingagenten.com\/sv\/produkt\/loreal-paris-volume-million-lashes-so-couture-black-95ml\/"},"modified":"2026-03-21T19:17:31","modified_gmt":"2026-03-21T19:17:31","slug":"loreal-paris-volume-million-lashes-so-couture-black-95ml","status":"publish","type":"product","link":"https:\/\/stylingagenten.com\/sv\/produkt\/loreal-paris-volume-million-lashes-so-couture-black-95ml\/","title":{"rendered":"L&#8217;Or\u00e9al Paris Volume Million Lashes So Couture Black 9,5ml"},"content":{"rendered":"<p>L&#8217;Or\u00e9al Paris Volume Million Lashes So Couture Black  ger en separerande, naturlig look med hj\u00e4lp av mjuk gummiborste och korta piggar. Volume Million Lashes So Couture ger spektakul\u00e4r volym med sofistikerad precision. Borsten definierar och f\u00f6rst\u00e4rker varje frans s\u00e5 att du kan skr\u00e4ddarsy din look. Ett svep f\u00f6r naturliga fransar eller lager p\u00e5 lager f\u00f6r intensiv look. En ljuvlig mascara som ger en fantastisk couturevolym till dina fransar, samtidigt som den ger en intensiv nyans utan klumpar!  F\u00e4rg:  Svart <\/p>\n","protected":false},"excerpt":{"rendered":"<p>L&#8217;Or\u00e9al Paris Volume Million Lashes So Couture Black ger en separerande, naturlig look med hj\u00e4lp av mjuk gummiborste och korta piggar. Volume Million Lashes So Couture ger spektakul\u00e4r volym med sofistikerad precision. Borsten definierar och f\u00f6rst\u00e4rker varje frans s\u00e5 att du kan skr\u00e4ddarsy din look. Ett svep f\u00f6r naturliga fransar eller lager p\u00e5 lager f\u00f6r [&hellip;]<\/p>\n","protected":false},"featured_media":40982,"comment_status":"open","ping_status":"closed","template":"","meta":{"_trash_the_other_posts":false},"product_brand":[],"product_cat":[618],"product_tag":[],"berocket_brand":[1019],"class_list":{"0":"post-40983","1":"product","2":"type-product","3":"status-publish","4":"has-post-thumbnail","6":"product_cat-mascara","7":"pa_brand-loreal-paris-2","8":"berocket_brand-loreal","10":"first","11":"instock","12":"sale","13":"taxable","14":"shipping-taxable","15":"purchasable","16":"product-type-simple"},"_links":{"self":[{"href":"https:\/\/stylingagenten.com\/sv\/wp-json\/wp\/v2\/product\/40983","targetHints":{"allow":["GET"]}}],"collection":[{"href":"https:\/\/stylingagenten.com\/sv\/wp-json\/wp\/v2\/product"}],"about":[{"href":"https:\/\/stylingagenten.com\/sv\/wp-json\/wp\/v2\/types\/product"}],"replies":[{"embeddable":true,"href":"https:\/\/stylingagenten.com\/sv\/wp-json\/wp\/v2\/comments?post=40983"}],"version-history":[{"count":0,"href":"https:\/\/stylingagenten.com\/sv\/wp-json\/wp\/v2\/product\/40983\/revisions"}],"wp:featuredmedia":[{"embeddable":true,"href":"https:\/\/stylingagenten.com\/sv\/wp-json\/wp\/v2\/media\/40982"}],"wp:attachment":[{"href":"https:\/\/stylingagenten.com\/sv\/wp-json\/wp\/v2\/media?parent=40983"}],"wp:term":[{"taxonomy":"product_brand","embeddable":true,"href":"https:\/\/stylingagenten.com\/sv\/wp-json\/wp\/v2\/product_brand?post=40983"},{"taxonomy":"product_cat","embeddable":true,"href":"https:\/\/stylingagenten.com\/sv\/wp-json\/wp\/v2\/product_cat?post=40983"},{"taxonomy":"product_tag","embeddable":true,"href":"https:\/\/stylingagenten.com\/sv\/wp-json\/wp\/v2\/product_tag?post=40983"},{"taxonomy":"berocket_brand","embeddable":true,"href":"https:\/\/stylingagenten.com\/sv\/wp-json\/wp\/v2\/berocket_brand?post=40983"}],"curies":[{"name":"wp","href":"https:\/\/api.w.org\/{rel}","templated":true}]}}