{"id":40870,"date":"2025-01-27T20:33:57","date_gmt":"2025-01-27T20:33:57","guid":{"rendered":"https:\/\/staging2.stylingagenten.com\/sv\/produkt\/loreal-paris-volume-million-lashes-mascara-waterproof-black-9ml\/"},"modified":"2026-03-29T01:08:55","modified_gmt":"2026-03-29T01:08:55","slug":"loreal-paris-volume-million-lashes-mascara-waterproof-black-9ml","status":"publish","type":"product","link":"https:\/\/stylingagenten.com\/sv\/produkt\/loreal-paris-volume-million-lashes-mascara-waterproof-black-9ml\/","title":{"rendered":"L&#8217;Or\u00e9al Paris Volume Million Lashes Mascara Waterproof Black 9ml"},"content":{"rendered":"<p>L&#8217;Or\u00e9al Paris Volume Million Lashes Mascara Waterproof Black L&acute;Oreal Paris Volume Million Lashes Mascara Waterproof ger dina fransar mer \u00e4n volym. Den miljoniserande borsten har extra m\u00e5nga mjuka piggar som kommer \u00e5t varje frans. Den nya smarta beh\u00e5llaren g\u00f6r att du f\u00e5r exakt r\u00e4tt m\u00e4ngd mascara p\u00e5 borsten, f\u00f6r ett 100% klumpfritt resultat. Observera att mascaran \u00e4r vattenfast och du beh\u00f6ver remover f\u00f6r vattenfast \u00f6gonmakeup. F\u00e4rg: Svart <\/p>\n","protected":false},"excerpt":{"rendered":"<p>L&#8217;Or\u00e9al Paris Volume Million Lashes Mascara Waterproof Black L&acute;Oreal Paris Volume Million Lashes Mascara Waterproof ger dina fransar mer \u00e4n volym. Den miljoniserande borsten har extra m\u00e5nga mjuka piggar som kommer \u00e5t varje frans. Den nya smarta beh\u00e5llaren g\u00f6r att du f\u00e5r exakt r\u00e4tt m\u00e4ngd mascara p\u00e5 borsten, f\u00f6r ett 100% klumpfritt resultat. Observera att [&hellip;]<\/p>\n","protected":false},"featured_media":40869,"comment_status":"open","ping_status":"closed","template":"","meta":{"_trash_the_other_posts":false},"product_brand":[],"product_cat":[618],"product_tag":[],"berocket_brand":[1019],"class_list":{"0":"post-40870","1":"product","2":"type-product","3":"status-publish","4":"has-post-thumbnail","6":"product_cat-mascara","7":"pa_brand-loreal-paris-2","8":"berocket_brand-loreal","10":"first","11":"instock","12":"sale","13":"taxable","14":"shipping-taxable","15":"purchasable","16":"product-type-simple"},"_links":{"self":[{"href":"https:\/\/stylingagenten.com\/sv\/wp-json\/wp\/v2\/product\/40870","targetHints":{"allow":["GET"]}}],"collection":[{"href":"https:\/\/stylingagenten.com\/sv\/wp-json\/wp\/v2\/product"}],"about":[{"href":"https:\/\/stylingagenten.com\/sv\/wp-json\/wp\/v2\/types\/product"}],"replies":[{"embeddable":true,"href":"https:\/\/stylingagenten.com\/sv\/wp-json\/wp\/v2\/comments?post=40870"}],"version-history":[{"count":0,"href":"https:\/\/stylingagenten.com\/sv\/wp-json\/wp\/v2\/product\/40870\/revisions"}],"wp:featuredmedia":[{"embeddable":true,"href":"https:\/\/stylingagenten.com\/sv\/wp-json\/wp\/v2\/media\/40869"}],"wp:attachment":[{"href":"https:\/\/stylingagenten.com\/sv\/wp-json\/wp\/v2\/media?parent=40870"}],"wp:term":[{"taxonomy":"product_brand","embeddable":true,"href":"https:\/\/stylingagenten.com\/sv\/wp-json\/wp\/v2\/product_brand?post=40870"},{"taxonomy":"product_cat","embeddable":true,"href":"https:\/\/stylingagenten.com\/sv\/wp-json\/wp\/v2\/product_cat?post=40870"},{"taxonomy":"product_tag","embeddable":true,"href":"https:\/\/stylingagenten.com\/sv\/wp-json\/wp\/v2\/product_tag?post=40870"},{"taxonomy":"berocket_brand","embeddable":true,"href":"https:\/\/stylingagenten.com\/sv\/wp-json\/wp\/v2\/berocket_brand?post=40870"}],"curies":[{"name":"wp","href":"https:\/\/api.w.org\/{rel}","templated":true}]}}