{"id":38507,"date":"2025-01-27T20:26:40","date_gmt":"2025-01-27T20:26:40","guid":{"rendered":"https:\/\/staging2.stylingagenten.com\/sv\/produkt\/loreal-hair-touch-up-spray-black-75ml\/"},"modified":"2026-03-11T21:53:23","modified_gmt":"2026-03-11T21:53:23","slug":"loreal-hair-touch-up-spray-black-75ml","status":"publish","type":"product","link":"https:\/\/stylingagenten.com\/sv\/produkt\/loreal-hair-touch-up-spray-black-75ml\/","title":{"rendered":"L&#8217;Or\u00e9al Hair Touch Up Spray Black 75ml"},"content":{"rendered":"<p>Minska synliga r\u00f6tter och bek\u00e4mpa gr\u00e5a h\u00e5r mellan f\u00e4rgningarna med L&#8217;Or\u00e9al Professionnel Hair Touch Up . Denna l\u00e4tta spray inneh\u00e5ller pigment som diskret blandar sig med h\u00e5ret f\u00f6r att t\u00e4cka o\u00f6nskade gr\u00e5a h\u00e5r eller utv\u00e4xt mellan dina salongsbes\u00f6k, s\u00e5 att du kan k\u00e4nna dig p\u00e5 topp hela dagen. Sprayen \u00e4r l\u00e4mplig f\u00f6r alla h\u00e5rtyper och Freeze Dry-teknologin garanterar att den avancerade sprayen torkar omedelbart utan att kladda, medan det fina munstycket g\u00f6r den l\u00e4tt att applicera precis d\u00e4r du vill ha den. L\u00e4tt att sk\u00f6lja ur med schampo. <\/p>\n","protected":false},"excerpt":{"rendered":"<p>Minska synliga r\u00f6tter och bek\u00e4mpa gr\u00e5a h\u00e5r mellan f\u00e4rgningarna med L&#8217;Or\u00e9al Professionnel Hair Touch Up . Denna l\u00e4tta spray inneh\u00e5ller pigment som diskret blandar sig med h\u00e5ret f\u00f6r att t\u00e4cka o\u00f6nskade gr\u00e5a h\u00e5r eller utv\u00e4xt mellan dina salongsbes\u00f6k, s\u00e5 att du kan k\u00e4nna dig p\u00e5 topp hela dagen. Sprayen \u00e4r l\u00e4mplig f\u00f6r alla h\u00e5rtyper och [&hellip;]<\/p>\n","protected":false},"featured_media":38506,"comment_status":"open","ping_status":"closed","template":"","meta":{"_trash_the_other_posts":false},"product_brand":[],"product_cat":[640],"product_tag":[3330],"berocket_brand":[1019],"class_list":{"0":"post-38507","1":"product","2":"type-product","3":"status-publish","4":"has-post-thumbnail","6":"product_cat-root-cover","7":"product_tag-loreal-hair-touch-up-spray-75ml","8":"pa_brand-loreal-paris-2","9":"pa_variant-black","10":"berocket_brand-loreal","12":"first","13":"instock","14":"sale","15":"taxable","16":"shipping-taxable","17":"purchasable","18":"product-type-simple"},"_links":{"self":[{"href":"https:\/\/stylingagenten.com\/sv\/wp-json\/wp\/v2\/product\/38507","targetHints":{"allow":["GET"]}}],"collection":[{"href":"https:\/\/stylingagenten.com\/sv\/wp-json\/wp\/v2\/product"}],"about":[{"href":"https:\/\/stylingagenten.com\/sv\/wp-json\/wp\/v2\/types\/product"}],"replies":[{"embeddable":true,"href":"https:\/\/stylingagenten.com\/sv\/wp-json\/wp\/v2\/comments?post=38507"}],"version-history":[{"count":0,"href":"https:\/\/stylingagenten.com\/sv\/wp-json\/wp\/v2\/product\/38507\/revisions"}],"wp:featuredmedia":[{"embeddable":true,"href":"https:\/\/stylingagenten.com\/sv\/wp-json\/wp\/v2\/media\/38506"}],"wp:attachment":[{"href":"https:\/\/stylingagenten.com\/sv\/wp-json\/wp\/v2\/media?parent=38507"}],"wp:term":[{"taxonomy":"product_brand","embeddable":true,"href":"https:\/\/stylingagenten.com\/sv\/wp-json\/wp\/v2\/product_brand?post=38507"},{"taxonomy":"product_cat","embeddable":true,"href":"https:\/\/stylingagenten.com\/sv\/wp-json\/wp\/v2\/product_cat?post=38507"},{"taxonomy":"product_tag","embeddable":true,"href":"https:\/\/stylingagenten.com\/sv\/wp-json\/wp\/v2\/product_tag?post=38507"},{"taxonomy":"berocket_brand","embeddable":true,"href":"https:\/\/stylingagenten.com\/sv\/wp-json\/wp\/v2\/berocket_brand?post=38507"}],"curies":[{"name":"wp","href":"https:\/\/api.w.org\/{rel}","templated":true}]}}