{"id":38085,"date":"2025-01-27T20:24:40","date_gmt":"2025-01-27T20:24:40","guid":{"rendered":"https:\/\/staging2.stylingagenten.com\/sv\/produkt\/loreal-paris-paradise-extatic-black-mascara-waterproof\/"},"modified":"2026-03-29T01:08:43","modified_gmt":"2026-03-29T01:08:43","slug":"loreal-paris-paradise-extatic-black-mascara-waterproof","status":"publish","type":"product","link":"https:\/\/stylingagenten.com\/sv\/produkt\/loreal-paris-paradise-extatic-black-mascara-waterproof\/","title":{"rendered":"L&#8217;Or\u00e9al Paris Paradise Extatic Black Mascara Waterproof"},"content":{"rendered":"<p>Ta dina fransar till paradiset med Paradise Extatic Mascara Waterproof! Den mjuka och l\u00e4tt v\u00e5gformade borsten tar till sig maximalt med formula och f\u00e5ngar upp varje frans f\u00f6r en dramatisk volumin\u00f6s effekt. Mascaran ger fransarna l\u00e4ngd och en byggbar och fyllig volym. 6.4ml <\/p>\n","protected":false},"excerpt":{"rendered":"<p>Ta dina fransar till paradiset med Paradise Extatic Mascara Waterproof! Den mjuka och l\u00e4tt v\u00e5gformade borsten tar till sig maximalt med formula och f\u00e5ngar upp varje frans f\u00f6r en dramatisk volumin\u00f6s effekt. Mascaran ger fransarna l\u00e4ngd och en byggbar och fyllig volym. 6.4ml<\/p>\n","protected":false},"featured_media":38079,"comment_status":"open","ping_status":"closed","template":"","meta":{"_trash_the_other_posts":false},"product_brand":[],"product_cat":[618],"product_tag":[],"berocket_brand":[1019],"class_list":{"0":"post-38085","1":"product","2":"type-product","3":"status-publish","4":"has-post-thumbnail","6":"product_cat-mascara","7":"pa_brand-loreal-paris-2","8":"berocket_brand-loreal","10":"first","11":"instock","12":"sale","13":"taxable","14":"shipping-taxable","15":"purchasable","16":"product-type-simple"},"_links":{"self":[{"href":"https:\/\/stylingagenten.com\/sv\/wp-json\/wp\/v2\/product\/38085","targetHints":{"allow":["GET"]}}],"collection":[{"href":"https:\/\/stylingagenten.com\/sv\/wp-json\/wp\/v2\/product"}],"about":[{"href":"https:\/\/stylingagenten.com\/sv\/wp-json\/wp\/v2\/types\/product"}],"replies":[{"embeddable":true,"href":"https:\/\/stylingagenten.com\/sv\/wp-json\/wp\/v2\/comments?post=38085"}],"version-history":[{"count":0,"href":"https:\/\/stylingagenten.com\/sv\/wp-json\/wp\/v2\/product\/38085\/revisions"}],"wp:featuredmedia":[{"embeddable":true,"href":"https:\/\/stylingagenten.com\/sv\/wp-json\/wp\/v2\/media\/38079"}],"wp:attachment":[{"href":"https:\/\/stylingagenten.com\/sv\/wp-json\/wp\/v2\/media?parent=38085"}],"wp:term":[{"taxonomy":"product_brand","embeddable":true,"href":"https:\/\/stylingagenten.com\/sv\/wp-json\/wp\/v2\/product_brand?post=38085"},{"taxonomy":"product_cat","embeddable":true,"href":"https:\/\/stylingagenten.com\/sv\/wp-json\/wp\/v2\/product_cat?post=38085"},{"taxonomy":"product_tag","embeddable":true,"href":"https:\/\/stylingagenten.com\/sv\/wp-json\/wp\/v2\/product_tag?post=38085"},{"taxonomy":"berocket_brand","embeddable":true,"href":"https:\/\/stylingagenten.com\/sv\/wp-json\/wp\/v2\/berocket_brand?post=38085"}],"curies":[{"name":"wp","href":"https:\/\/api.w.org\/{rel}","templated":true}]}}