{"id":38044,"date":"2025-01-27T20:24:26","date_gmt":"2025-01-27T20:24:26","guid":{"rendered":"https:\/\/staging2.stylingagenten.com\/sv\/produkt\/loreal-paris-infallible-32h-fresh-wear-125-natural-beige-30ml\/"},"modified":"2026-04-01T13:57:53","modified_gmt":"2026-04-01T13:57:53","slug":"loreal-paris-infallible-32h-fresh-wear-125-natural-beige-30ml","status":"publish","type":"product","link":"https:\/\/stylingagenten.com\/sv\/produkt\/loreal-paris-infallible-32h-fresh-wear-125-natural-beige-30ml\/","title":{"rendered":"L&#8217;Or\u00e9al Paris Infallible 32H Fresh Wear 125 Natural Beige 30ml"},"content":{"rendered":"<p>L&#8217;Or\u00e9al Infallible Foundation 32H levererar full, naturlig t\u00e4ckning som h\u00e5ller hela dagen. Den d\u00f6ljer tecken p\u00e5 tr\u00f6tthet och med en formula av mineraler och vitaminer tillf\u00f6r den \u00e4ven huden energi och n\u00e4ring. Denna foundation \u00e4r perfekt f\u00f6r att d\u00f6lja blemmor ringar under \u00f6gonen eller andra skavanker som huden kan t\u00e4nkas ha. Passar alla hudtyper.<\/p>\n","protected":false},"excerpt":{"rendered":"<p>L&#8217;Or\u00e9al Infallible Foundation 32H levererar full, naturlig t\u00e4ckning som h\u00e5ller hela dagen. Den d\u00f6ljer tecken p\u00e5 tr\u00f6tthet och med en formula av mineraler och vitaminer tillf\u00f6r den \u00e4ven huden energi och n\u00e4ring. Denna foundation \u00e4r perfekt f\u00f6r att d\u00f6lja blemmor ringar under \u00f6gonen eller andra skavanker som huden kan t\u00e4nkas ha. Passar alla hudtyper.<\/p>\n","protected":false},"featured_media":38039,"comment_status":"open","ping_status":"closed","template":"","meta":{"_trash_the_other_posts":false},"product_brand":[],"product_cat":[579,717],"product_tag":[3340],"berocket_brand":[1019],"class_list":{"0":"post-38044","1":"product","2":"type-product","3":"status-publish","4":"has-post-thumbnail","6":"product_cat-foundation","7":"product_cat-virala-produkter","8":"product_tag-loreal-paris-infallible-32h-fresh-wear-30ml","9":"pa_brand-loreal-paris-2","10":"pa_variant-125-natural-beige","11":"berocket_brand-loreal","13":"first","14":"instock","15":"sale","16":"taxable","17":"shipping-taxable","18":"purchasable","19":"product-type-simple"},"_links":{"self":[{"href":"https:\/\/stylingagenten.com\/sv\/wp-json\/wp\/v2\/product\/38044","targetHints":{"allow":["GET"]}}],"collection":[{"href":"https:\/\/stylingagenten.com\/sv\/wp-json\/wp\/v2\/product"}],"about":[{"href":"https:\/\/stylingagenten.com\/sv\/wp-json\/wp\/v2\/types\/product"}],"replies":[{"embeddable":true,"href":"https:\/\/stylingagenten.com\/sv\/wp-json\/wp\/v2\/comments?post=38044"}],"version-history":[{"count":0,"href":"https:\/\/stylingagenten.com\/sv\/wp-json\/wp\/v2\/product\/38044\/revisions"}],"wp:featuredmedia":[{"embeddable":true,"href":"https:\/\/stylingagenten.com\/sv\/wp-json\/wp\/v2\/media\/38039"}],"wp:attachment":[{"href":"https:\/\/stylingagenten.com\/sv\/wp-json\/wp\/v2\/media?parent=38044"}],"wp:term":[{"taxonomy":"product_brand","embeddable":true,"href":"https:\/\/stylingagenten.com\/sv\/wp-json\/wp\/v2\/product_brand?post=38044"},{"taxonomy":"product_cat","embeddable":true,"href":"https:\/\/stylingagenten.com\/sv\/wp-json\/wp\/v2\/product_cat?post=38044"},{"taxonomy":"product_tag","embeddable":true,"href":"https:\/\/stylingagenten.com\/sv\/wp-json\/wp\/v2\/product_tag?post=38044"},{"taxonomy":"berocket_brand","embeddable":true,"href":"https:\/\/stylingagenten.com\/sv\/wp-json\/wp\/v2\/berocket_brand?post=38044"}],"curies":[{"name":"wp","href":"https:\/\/api.w.org\/{rel}","templated":true}]}}