{"id":37408,"date":"2025-01-27T20:22:20","date_gmt":"2025-01-27T20:22:20","guid":{"rendered":"https:\/\/staging2.stylingagenten.com\/sv\/produkt\/loreal-tecni-art-full-volume-extra-mousse-250ml\/"},"modified":"2026-04-05T17:28:24","modified_gmt":"2026-04-05T17:28:24","slug":"loreal-tecni-art-full-volume-extra-mousse-250ml","status":"publish","type":"product","link":"https:\/\/stylingagenten.com\/sv\/produkt\/loreal-tecni-art-full-volume-extra-mousse-250ml\/","title":{"rendered":"L&#8217;Or\u00e9al Tecni.Art Full Volume Extra Mousse 250ml"},"content":{"rendered":"<p>L&#8217;Or\u00e9al Tecni.Art Full Volume Extra Hair Mousse 250ml  L&#8217;Or\u00e9al Tecniart Full Volume Extra Mousse (force 5) \u00e4r en volymmousse med extra kraftig stadga f\u00f6r den som kr\u00e4ver stor volym. Kr\u00e4mig och l\u00e4tt textur som \u00e4r l\u00e4tt att f\u00f6rdela \u00f6ver h\u00e5ret. Ger fyllighet och mjukhet till alla l\u00e4ngder med ett glansfullt resultat. Inneh\u00e5ller UV-filter som skyddar h\u00e5rstr\u00e5et.   <\/p>\n","protected":false},"excerpt":{"rendered":"<p>L&#8217;Or\u00e9al Tecni.Art Full Volume Extra Hair Mousse 250ml L&#8217;Or\u00e9al Tecniart Full Volume Extra Mousse (force 5) \u00e4r en volymmousse med extra kraftig stadga f\u00f6r den som kr\u00e4ver stor volym. Kr\u00e4mig och l\u00e4tt textur som \u00e4r l\u00e4tt att f\u00f6rdela \u00f6ver h\u00e5ret. Ger fyllighet och mjukhet till alla l\u00e4ngder med ett glansfullt resultat. Inneh\u00e5ller UV-filter som skyddar [&hellip;]<\/p>\n","protected":false},"featured_media":37403,"comment_status":"open","ping_status":"closed","template":"","meta":{"_trash_the_other_posts":false},"product_brand":[],"product_cat":[595],"product_tag":[],"berocket_brand":[1019],"class_list":{"0":"post-37408","1":"product","2":"type-product","3":"status-publish","4":"has-post-thumbnail","6":"product_cat-harmousse","7":"pa_brand-loreal-paris-2","8":"berocket_brand-loreal","10":"first","11":"instock","12":"sale","13":"taxable","14":"shipping-taxable","15":"purchasable","16":"product-type-simple"},"_links":{"self":[{"href":"https:\/\/stylingagenten.com\/sv\/wp-json\/wp\/v2\/product\/37408","targetHints":{"allow":["GET"]}}],"collection":[{"href":"https:\/\/stylingagenten.com\/sv\/wp-json\/wp\/v2\/product"}],"about":[{"href":"https:\/\/stylingagenten.com\/sv\/wp-json\/wp\/v2\/types\/product"}],"replies":[{"embeddable":true,"href":"https:\/\/stylingagenten.com\/sv\/wp-json\/wp\/v2\/comments?post=37408"}],"version-history":[{"count":0,"href":"https:\/\/stylingagenten.com\/sv\/wp-json\/wp\/v2\/product\/37408\/revisions"}],"wp:featuredmedia":[{"embeddable":true,"href":"https:\/\/stylingagenten.com\/sv\/wp-json\/wp\/v2\/media\/37403"}],"wp:attachment":[{"href":"https:\/\/stylingagenten.com\/sv\/wp-json\/wp\/v2\/media?parent=37408"}],"wp:term":[{"taxonomy":"product_brand","embeddable":true,"href":"https:\/\/stylingagenten.com\/sv\/wp-json\/wp\/v2\/product_brand?post=37408"},{"taxonomy":"product_cat","embeddable":true,"href":"https:\/\/stylingagenten.com\/sv\/wp-json\/wp\/v2\/product_cat?post=37408"},{"taxonomy":"product_tag","embeddable":true,"href":"https:\/\/stylingagenten.com\/sv\/wp-json\/wp\/v2\/product_tag?post=37408"},{"taxonomy":"berocket_brand","embeddable":true,"href":"https:\/\/stylingagenten.com\/sv\/wp-json\/wp\/v2\/berocket_brand?post=37408"}],"curies":[{"name":"wp","href":"https:\/\/api.w.org\/{rel}","templated":true}]}}