{"id":37116,"date":"2025-01-27T20:21:39","date_gmt":"2025-01-27T20:21:39","guid":{"rendered":"https:\/\/staging2.stylingagenten.com\/sv\/produkt\/kokie-brow-mascara-tinted-eyebrow-gel-black\/"},"modified":"2025-12-18T21:50:28","modified_gmt":"2025-12-18T21:50:28","slug":"kokie-brow-mascara-tinted-eyebrow-gel-black","status":"publish","type":"product","link":"https:\/\/stylingagenten.com\/sv\/produkt\/kokie-brow-mascara-tinted-eyebrow-gel-black\/","title":{"rendered":"Kokie Brow Mascara Tinted Eyebrow Gel &#8211; Black"},"content":{"rendered":"<p id=\"isPasted\">Kokie&#8217;s Brow Mascara Tinted Eyebrow Gel &#8211; Black \u00e4r ett m\u00e5ste f\u00f6r den som vill ge sina \u00f6gonbryn definition och form. Denna formula \u00e4r l\u00e5ngvarig och enkel att applicera, vilket g\u00f6r den perfekt f\u00f6r vardagsbruk.&nbsp;<\/p>\n<p>En av de mest framtr\u00e4dande egenskaperna hos denna \u00f6gonbrynsgel \u00e4r dess penselapplicator. Pennan \u00e4r utformad f\u00f6r att j\u00e4mnt f\u00f6rdela formulan och t\u00e4cka samt t\u00e4mja \u00f6gonbrynen, s\u00e5 att du f\u00e5r perfekt formade \u00f6gonbryn varje g\u00e5ng. Den m\u00f6rka f\u00e4rgen ger en dramatisk effekt och ger \u00f6gonbrynen en intensiv, djup f\u00e4rg.<\/p>\n<p>F\u00f6rutom sina kosmetiska f\u00f6rdelar inneh\u00e5ller denna \u00f6gonbrynsmascara \u00e4ven n\u00e4ringsgivande ingredienser som hj\u00e4lper till att st\u00e4rka och mjukg\u00f6ra \u00f6gonbrynen. Formulan inneh\u00e5ller vitamin E och pantenol f\u00f6r att fr\u00e4mja h\u00e4lsosam h\u00e5rv\u00e4xt och h\u00e5lla dina \u00f6gonbryn i toppform.<\/p>\n<p>Om du vill ha en intensiv och dramatisk look p\u00e5 dina \u00f6gonbryn \u00e4r Kokie&#8217;s Brow Mascara Tinted Eyebrow Gel &#8211; Black ett utm\u00e4rkt val. S\u00e5 varf\u00f6r v\u00e4nta? Prova det sj\u00e4lv och upplev skillnaden det kan g\u00f6ra f\u00f6r dina \u00f6gonbryn!<\/p>\n<p>Resultatet blir snygga bryn med naturlig finish som h\u00e5ller hela dagen.<\/p>\n<p>Finns i Blonde, Light Brown, Medium Brown, Dark Brown, Black och Clear<\/p>\n","protected":false},"excerpt":{"rendered":"<p>Kokie&#8217;s Brow Mascara Tinted Eyebrow Gel &#8211; Black \u00e4r ett m\u00e5ste f\u00f6r den som vill ge sina \u00f6gonbryn definition och form. Denna formula \u00e4r l\u00e5ngvarig och enkel att applicera, vilket g\u00f6r den perfekt f\u00f6r vardagsbruk.&nbsp; En av de mest framtr\u00e4dande egenskaperna hos denna \u00f6gonbrynsgel \u00e4r dess penselapplicator. Pennan \u00e4r utformad f\u00f6r att j\u00e4mnt f\u00f6rdela formulan [&hellip;]<\/p>\n","protected":false},"featured_media":37114,"comment_status":"open","ping_status":"closed","template":"","meta":{"_trash_the_other_posts":false},"product_brand":[],"product_cat":[627],"product_tag":[3223],"berocket_brand":[1198],"class_list":{"0":"post-37116","1":"product","2":"type-product","3":"status-publish","4":"has-post-thumbnail","6":"product_cat-ogonbrynsgel","7":"product_tag-kokie-brow-mascara-tinted-eyebrow-gel","8":"pa_brand-kokie-cosmetics","9":"pa_variant-black","10":"berocket_brand-kokie-cosmetics","12":"first","13":"instock","14":"taxable","15":"shipping-taxable","16":"purchasable","17":"product-type-simple"},"_links":{"self":[{"href":"https:\/\/stylingagenten.com\/sv\/wp-json\/wp\/v2\/product\/37116","targetHints":{"allow":["GET"]}}],"collection":[{"href":"https:\/\/stylingagenten.com\/sv\/wp-json\/wp\/v2\/product"}],"about":[{"href":"https:\/\/stylingagenten.com\/sv\/wp-json\/wp\/v2\/types\/product"}],"replies":[{"embeddable":true,"href":"https:\/\/stylingagenten.com\/sv\/wp-json\/wp\/v2\/comments?post=37116"}],"version-history":[{"count":0,"href":"https:\/\/stylingagenten.com\/sv\/wp-json\/wp\/v2\/product\/37116\/revisions"}],"wp:featuredmedia":[{"embeddable":true,"href":"https:\/\/stylingagenten.com\/sv\/wp-json\/wp\/v2\/media\/37114"}],"wp:attachment":[{"href":"https:\/\/stylingagenten.com\/sv\/wp-json\/wp\/v2\/media?parent=37116"}],"wp:term":[{"taxonomy":"product_brand","embeddable":true,"href":"https:\/\/stylingagenten.com\/sv\/wp-json\/wp\/v2\/product_brand?post=37116"},{"taxonomy":"product_cat","embeddable":true,"href":"https:\/\/stylingagenten.com\/sv\/wp-json\/wp\/v2\/product_cat?post=37116"},{"taxonomy":"product_tag","embeddable":true,"href":"https:\/\/stylingagenten.com\/sv\/wp-json\/wp\/v2\/product_tag?post=37116"},{"taxonomy":"berocket_brand","embeddable":true,"href":"https:\/\/stylingagenten.com\/sv\/wp-json\/wp\/v2\/berocket_brand?post=37116"}],"curies":[{"name":"wp","href":"https:\/\/api.w.org\/{rel}","templated":true}]}}