{"id":36347,"date":"2025-01-27T20:19:40","date_gmt":"2025-01-27T20:19:40","guid":{"rendered":"https:\/\/staging2.stylingagenten.com\/sv\/produkt\/kokie-soft-glow-highlighter-divine\/"},"modified":"2025-12-18T21:50:55","modified_gmt":"2025-12-18T21:50:55","slug":"kokie-soft-glow-highlighter-divine","status":"publish","type":"product","link":"https:\/\/stylingagenten.com\/sv\/produkt\/kokie-soft-glow-highlighter-divine\/","title":{"rendered":"Kokie Soft Glow Highlighter &#8211; Divine"},"content":{"rendered":"<p>En unik hoppende mark\u00f8r med en silkeagtig, cremelignende applikation. Denne mark\u00f8r tilbyder en naturlig finish for en subtil, lunge gl\u00f8d. Den perfekte hverdagslige h\u00f8jdepunkt i fire forskellige nuancer. Bedst anvendt med fugtig blanding af svamp eller fugtig, t\u00e6t b\u00f8rste naturlig finish unik tekstur blandbar<\/p>\n","protected":false},"excerpt":{"rendered":"<p>En unik hoppende mark\u00f8r med en silkeagtig, cremelignende applikation. Denne mark\u00f8r tilbyder en naturlig finish for en subtil, lunge gl\u00f8d. Den perfekte hverdagslige h\u00f8jdepunkt i fire forskellige nuancer. Bedst anvendt med fugtig blanding af svamp eller fugtig, t\u00e6t b\u00f8rste naturlig finish unik tekstur blandbar<\/p>\n","protected":false},"featured_media":36337,"comment_status":"open","ping_status":"closed","template":"","meta":{"_trash_the_other_posts":false},"product_brand":[],"product_cat":[621],"product_tag":[3255],"berocket_brand":[1198],"class_list":{"0":"post-36347","1":"product","2":"type-product","3":"status-publish","4":"has-post-thumbnail","6":"product_cat-highlighter","7":"product_tag-kokie-soft-glow-highlighter","8":"pa_brand-kokie-cosmetics","9":"pa_variant-divine","10":"berocket_brand-kokie-cosmetics","12":"first","13":"instock","14":"taxable","15":"shipping-taxable","16":"purchasable","17":"product-type-simple"},"_links":{"self":[{"href":"https:\/\/stylingagenten.com\/sv\/wp-json\/wp\/v2\/product\/36347","targetHints":{"allow":["GET"]}}],"collection":[{"href":"https:\/\/stylingagenten.com\/sv\/wp-json\/wp\/v2\/product"}],"about":[{"href":"https:\/\/stylingagenten.com\/sv\/wp-json\/wp\/v2\/types\/product"}],"replies":[{"embeddable":true,"href":"https:\/\/stylingagenten.com\/sv\/wp-json\/wp\/v2\/comments?post=36347"}],"version-history":[{"count":0,"href":"https:\/\/stylingagenten.com\/sv\/wp-json\/wp\/v2\/product\/36347\/revisions"}],"wp:featuredmedia":[{"embeddable":true,"href":"https:\/\/stylingagenten.com\/sv\/wp-json\/wp\/v2\/media\/36337"}],"wp:attachment":[{"href":"https:\/\/stylingagenten.com\/sv\/wp-json\/wp\/v2\/media?parent=36347"}],"wp:term":[{"taxonomy":"product_brand","embeddable":true,"href":"https:\/\/stylingagenten.com\/sv\/wp-json\/wp\/v2\/product_brand?post=36347"},{"taxonomy":"product_cat","embeddable":true,"href":"https:\/\/stylingagenten.com\/sv\/wp-json\/wp\/v2\/product_cat?post=36347"},{"taxonomy":"product_tag","embeddable":true,"href":"https:\/\/stylingagenten.com\/sv\/wp-json\/wp\/v2\/product_tag?post=36347"},{"taxonomy":"berocket_brand","embeddable":true,"href":"https:\/\/stylingagenten.com\/sv\/wp-json\/wp\/v2\/berocket_brand?post=36347"}],"curies":[{"name":"wp","href":"https:\/\/api.w.org\/{rel}","templated":true}]}}