{"id":34701,"date":"2025-01-27T20:10:54","date_gmt":"2025-01-27T20:10:54","guid":{"rendered":"https:\/\/staging2.stylingagenten.com\/sv\/produkt\/loreal-serie-expert-silver-neutralising-cream-conditioner-200ml\/"},"modified":"2026-03-24T15:28:27","modified_gmt":"2026-03-24T15:28:27","slug":"loreal-serie-expert-silver-neutralising-cream-conditioner-200ml","status":"publish","type":"product","link":"https:\/\/stylingagenten.com\/sv\/produkt\/loreal-serie-expert-silver-neutralising-cream-conditioner-200ml\/","title":{"rendered":"L&#8217;Or\u00e9al Serie Expert Silver Neutralising Cream Conditioner 200ml"},"content":{"rendered":"<p>L&#8217;Or\u00e9al Serie Expert Silver Neutralising Cream Conditioner \u00e4r ett f\u00e4rgneutraliserande silverbalsam. Balsamet \u00e4r berikad med ceramider och Babassu-olja och \u00e4r en l\u00e4ttviktig behandling som mjukg\u00f6r och ger glans till h\u00e5ret. Formulerad med violetta och bl\u00e5 pigment, framh\u00e4ver det vita, gr\u00e5a och blonda h\u00e5ret och mots\u00e4tter sig gula undertoner. <\/p>\n","protected":false},"excerpt":{"rendered":"<p>L&#8217;Or\u00e9al Serie Expert Silver Neutralising Cream Conditioner \u00e4r ett f\u00e4rgneutraliserande silverbalsam. Balsamet \u00e4r berikad med ceramider och Babassu-olja och \u00e4r en l\u00e4ttviktig behandling som mjukg\u00f6r och ger glans till h\u00e5ret. Formulerad med violetta och bl\u00e5 pigment, framh\u00e4ver det vita, gr\u00e5a och blonda h\u00e5ret och mots\u00e4tter sig gula undertoner.<\/p>\n","protected":false},"featured_media":34697,"comment_status":"open","ping_status":"closed","template":"","meta":{"_trash_the_other_posts":false},"product_brand":[],"product_cat":[587],"product_tag":[3348],"berocket_brand":[1019],"class_list":{"0":"post-34701","1":"product","2":"type-product","3":"status-publish","4":"has-post-thumbnail","6":"product_cat-balsam","7":"product_tag-loreal-serie-expert-silver-neutralising-cream-conditioner","8":"pa_brand-loreal-paris-2","9":"pa_variant-200ml","10":"berocket_brand-loreal","12":"first","13":"instock","14":"sale","15":"taxable","16":"shipping-taxable","17":"purchasable","18":"product-type-simple"},"_links":{"self":[{"href":"https:\/\/stylingagenten.com\/sv\/wp-json\/wp\/v2\/product\/34701","targetHints":{"allow":["GET"]}}],"collection":[{"href":"https:\/\/stylingagenten.com\/sv\/wp-json\/wp\/v2\/product"}],"about":[{"href":"https:\/\/stylingagenten.com\/sv\/wp-json\/wp\/v2\/types\/product"}],"replies":[{"embeddable":true,"href":"https:\/\/stylingagenten.com\/sv\/wp-json\/wp\/v2\/comments?post=34701"}],"version-history":[{"count":0,"href":"https:\/\/stylingagenten.com\/sv\/wp-json\/wp\/v2\/product\/34701\/revisions"}],"wp:featuredmedia":[{"embeddable":true,"href":"https:\/\/stylingagenten.com\/sv\/wp-json\/wp\/v2\/media\/34697"}],"wp:attachment":[{"href":"https:\/\/stylingagenten.com\/sv\/wp-json\/wp\/v2\/media?parent=34701"}],"wp:term":[{"taxonomy":"product_brand","embeddable":true,"href":"https:\/\/stylingagenten.com\/sv\/wp-json\/wp\/v2\/product_brand?post=34701"},{"taxonomy":"product_cat","embeddable":true,"href":"https:\/\/stylingagenten.com\/sv\/wp-json\/wp\/v2\/product_cat?post=34701"},{"taxonomy":"product_tag","embeddable":true,"href":"https:\/\/stylingagenten.com\/sv\/wp-json\/wp\/v2\/product_tag?post=34701"},{"taxonomy":"berocket_brand","embeddable":true,"href":"https:\/\/stylingagenten.com\/sv\/wp-json\/wp\/v2\/berocket_brand?post=34701"}],"curies":[{"name":"wp","href":"https:\/\/api.w.org\/{rel}","templated":true}]}}