{"id":33974,"date":"2025-01-27T20:08:41","date_gmt":"2025-01-27T20:08:41","guid":{"rendered":"https:\/\/staging2.stylingagenten.com\/sv\/produkt\/brave-new-hair-color-conditioner-250ml\/"},"modified":"2026-03-11T21:55:23","modified_gmt":"2026-03-11T21:55:23","slug":"brave-new-hair-color-conditioner-250ml","status":"publish","type":"product","link":"https:\/\/stylingagenten.com\/sv\/produkt\/brave-new-hair-color-conditioner-250ml\/","title":{"rendered":"Brave. New. Hair. Color Conditioner 250ml"},"content":{"rendered":"<p id=\"isPasted\" style=\"margin-top:0cm;margin-right:0cm;margin-bottom:7.5pt;margin-left:0cm;background:white\">Color Conditioner fr\u00e5n Brave New Hair \u00e4r ett h\u00e5rbalsam f\u00f6r f\u00e4rgbevaring och glans med quinoa, UV-filter, fruktsyror och valn\u00f6tsextrakt.<\/p>\n<p style=\"margin-top:0cm;margin-right:0cm;margin-bottom:7.5pt;margin-left:0cm;background:white\">10 f\u00f6rdelar:<br \/>\u2014 Bibeh\u00e5ller f\u00e4rgen och nyansen i ditt h\u00e5r<br \/>\u2014 F\u00f6rb\u00e4ttrar h\u00e5rets ljusstyrka p\u00e5 grund av en anti-kalkbel\u00e4ggningseffekt<br \/>\u2014 Skyddar mot milj\u00f6f\u00f6roreningar<br \/>\u2014 Ger l\u00e5ngsiktigt skydd mot fria radikaler<br \/>\u2014 Underl\u00e4ttar styling<br \/>\u2014 F\u00f6rb\u00e4ttrar h\u00e5rets utseende och framh\u00e4ver h\u00e5rets glans<br \/>\u2014 \u00d6kar upptaget av pigment i h\u00e5ret efter omf\u00e4rgning<\/p>\n<p style=\"margin-top:0cm;margin-right:0cm;margin-bottom:7.5pt;margin-left:0cm;background:white\">Anv\u00e4ndning: Efter schamponering med det f\u00e4rgbevarande schampot i samma serie, applicera en gener\u00f6s m\u00e4ngd h\u00e5rbalsam. Arbeta f\u00f6rsiktigt balsamet genom h\u00e5ret, se till att det t\u00e4cker \u00e4nda ut i topparna. V\u00e4nta i tre minuter, sk\u00f6lj sedan noggrant.<\/p>\n<p style=\"margin-top:0cm;margin-right:0cm;margin-bottom:7.5pt;margin-left:0cm;background:white\">Fri fr\u00e5n:<br \/>&nbsp;Sulfater<br \/>&nbsp;Silikoner<br \/>&nbsp;Tillsatt salt<br \/>&nbsp;Ingredienser av animaliskt ursprung<br \/>&nbsp;Petrolatum<\/p>\n<p style=\"margin-top:0cm;margin-right:0cm;margin-bottom:7.5pt;margin-left:0cm;background:white\"><\/p>\n","protected":false},"excerpt":{"rendered":"<p>Color Conditioner fr\u00e5n Brave New Hair \u00e4r ett h\u00e5rbalsam f\u00f6r f\u00e4rgbevaring och glans med quinoa, UV-filter, fruktsyror och valn\u00f6tsextrakt. 10 f\u00f6rdelar:\u2014 Bibeh\u00e5ller f\u00e4rgen och nyansen i ditt h\u00e5r\u2014 F\u00f6rb\u00e4ttrar h\u00e5rets ljusstyrka p\u00e5 grund av en anti-kalkbel\u00e4ggningseffekt\u2014 Skyddar mot milj\u00f6f\u00f6roreningar\u2014 Ger l\u00e5ngsiktigt skydd mot fria radikaler\u2014 Underl\u00e4ttar styling\u2014 F\u00f6rb\u00e4ttrar h\u00e5rets utseende och framh\u00e4ver h\u00e5rets glans\u2014 \u00d6kar [&hellip;]<\/p>\n","protected":false},"featured_media":33968,"comment_status":"open","ping_status":"closed","template":"","meta":{"_trash_the_other_posts":false},"product_brand":[],"product_cat":[587],"product_tag":[],"berocket_brand":[1211],"class_list":{"0":"post-33974","1":"product","2":"type-product","3":"status-publish","4":"has-post-thumbnail","6":"product_cat-balsam","7":"pa_brand-brave-new-hair","8":"berocket_brand-brave-new-hair","10":"first","11":"instock","12":"taxable","13":"shipping-taxable","14":"purchasable","15":"product-type-simple"},"_links":{"self":[{"href":"https:\/\/stylingagenten.com\/sv\/wp-json\/wp\/v2\/product\/33974","targetHints":{"allow":["GET"]}}],"collection":[{"href":"https:\/\/stylingagenten.com\/sv\/wp-json\/wp\/v2\/product"}],"about":[{"href":"https:\/\/stylingagenten.com\/sv\/wp-json\/wp\/v2\/types\/product"}],"replies":[{"embeddable":true,"href":"https:\/\/stylingagenten.com\/sv\/wp-json\/wp\/v2\/comments?post=33974"}],"version-history":[{"count":0,"href":"https:\/\/stylingagenten.com\/sv\/wp-json\/wp\/v2\/product\/33974\/revisions"}],"wp:featuredmedia":[{"embeddable":true,"href":"https:\/\/stylingagenten.com\/sv\/wp-json\/wp\/v2\/media\/33968"}],"wp:attachment":[{"href":"https:\/\/stylingagenten.com\/sv\/wp-json\/wp\/v2\/media?parent=33974"}],"wp:term":[{"taxonomy":"product_brand","embeddable":true,"href":"https:\/\/stylingagenten.com\/sv\/wp-json\/wp\/v2\/product_brand?post=33974"},{"taxonomy":"product_cat","embeddable":true,"href":"https:\/\/stylingagenten.com\/sv\/wp-json\/wp\/v2\/product_cat?post=33974"},{"taxonomy":"product_tag","embeddable":true,"href":"https:\/\/stylingagenten.com\/sv\/wp-json\/wp\/v2\/product_tag?post=33974"},{"taxonomy":"berocket_brand","embeddable":true,"href":"https:\/\/stylingagenten.com\/sv\/wp-json\/wp\/v2\/berocket_brand?post=33974"}],"curies":[{"name":"wp","href":"https:\/\/api.w.org\/{rel}","templated":true}]}}