{"id":31461,"date":"2025-01-27T19:51:30","date_gmt":"2025-01-27T19:51:30","guid":{"rendered":"https:\/\/staging2.stylingagenten.com\/sv\/produkt\/loreal-true-match-foundation-4d4w-golden-natural-30ml\/"},"modified":"2026-03-23T08:17:23","modified_gmt":"2026-03-23T08:17:23","slug":"loreal-true-match-foundation-4d4w-golden-natural-30ml","status":"publish","type":"product","link":"https:\/\/stylingagenten.com\/sv\/produkt\/loreal-true-match-foundation-4d4w-golden-natural-30ml\/","title":{"rendered":"L&#8217;Or\u00e9al True Match Foundation 4D4W Golden Natural 30ml"},"content":{"rendered":"<p>L&#8217;Or\u00e9al True Match Foundation ger ett naturligt och t\u00e4ckande resultat som sm\u00e4lter samman med huden. Denna foundation passar alla hudtyper men framf\u00f6r allt den som har torr hy. Inneh\u00e5ller E-vitamin och glycerol som \u00e4r starkt fuktgivande och g\u00f6r huden behagligt mjuk hela dagen. <\/p>\n","protected":false},"excerpt":{"rendered":"<p>L&#8217;Or\u00e9al True Match Foundation ger ett naturligt och t\u00e4ckande resultat som sm\u00e4lter samman med huden. Denna foundation passar alla hudtyper men framf\u00f6r allt den som har torr hy. Inneh\u00e5ller E-vitamin och glycerol som \u00e4r starkt fuktgivande och g\u00f6r huden behagligt mjuk hela dagen.<\/p>\n","protected":false},"featured_media":31456,"comment_status":"open","ping_status":"closed","template":"","meta":{"_trash_the_other_posts":false},"product_brand":[],"product_cat":[579],"product_tag":[3353],"berocket_brand":[1019],"class_list":{"0":"post-31461","1":"product","2":"type-product","3":"status-publish","4":"has-post-thumbnail","6":"product_cat-foundation","7":"product_tag-loreal-true-match-foundation-30ml","8":"pa_brand-loreal-paris-2","9":"pa_variant-4d4w-golden-natural","10":"berocket_brand-loreal","12":"first","13":"outofstock","14":"sale","15":"taxable","16":"shipping-taxable","17":"purchasable","18":"product-type-simple"},"_links":{"self":[{"href":"https:\/\/stylingagenten.com\/sv\/wp-json\/wp\/v2\/product\/31461","targetHints":{"allow":["GET"]}}],"collection":[{"href":"https:\/\/stylingagenten.com\/sv\/wp-json\/wp\/v2\/product"}],"about":[{"href":"https:\/\/stylingagenten.com\/sv\/wp-json\/wp\/v2\/types\/product"}],"replies":[{"embeddable":true,"href":"https:\/\/stylingagenten.com\/sv\/wp-json\/wp\/v2\/comments?post=31461"}],"version-history":[{"count":0,"href":"https:\/\/stylingagenten.com\/sv\/wp-json\/wp\/v2\/product\/31461\/revisions"}],"wp:featuredmedia":[{"embeddable":true,"href":"https:\/\/stylingagenten.com\/sv\/wp-json\/wp\/v2\/media\/31456"}],"wp:attachment":[{"href":"https:\/\/stylingagenten.com\/sv\/wp-json\/wp\/v2\/media?parent=31461"}],"wp:term":[{"taxonomy":"product_brand","embeddable":true,"href":"https:\/\/stylingagenten.com\/sv\/wp-json\/wp\/v2\/product_brand?post=31461"},{"taxonomy":"product_cat","embeddable":true,"href":"https:\/\/stylingagenten.com\/sv\/wp-json\/wp\/v2\/product_cat?post=31461"},{"taxonomy":"product_tag","embeddable":true,"href":"https:\/\/stylingagenten.com\/sv\/wp-json\/wp\/v2\/product_tag?post=31461"},{"taxonomy":"berocket_brand","embeddable":true,"href":"https:\/\/stylingagenten.com\/sv\/wp-json\/wp\/v2\/berocket_brand?post=31461"}],"curies":[{"name":"wp","href":"https:\/\/api.w.org\/{rel}","templated":true}]}}