{"id":31366,"date":"2025-01-27T19:51:08","date_gmt":"2025-01-27T19:51:08","guid":{"rendered":"https:\/\/staging2.stylingagenten.com\/sv\/produkt\/max-factor-panstik-013-nouveau-beige\/"},"modified":"2026-04-13T09:38:38","modified_gmt":"2026-04-13T09:38:38","slug":"max-factor-panstik-013-nouveau-beige","status":"publish","type":"product","link":"https:\/\/stylingagenten.com\/sv\/produkt\/max-factor-panstik-013-nouveau-beige\/","title":{"rendered":"Max Factor Panstik 013 Nouveau Beige"},"content":{"rendered":"<p>Max Factor Panstik \u00e4r en foundation som ger maximal t\u00e4ckning och d\u00f6ljer oj\u00e4mnheter s\u00e5som pigmentfl\u00e4ckar. Dessutom minimeras fina linjer och rynkor. En bekv\u00e4m stick-applikator och kr\u00e4mig formula som ger en mjuk finish.<\/p>\n","protected":false},"excerpt":{"rendered":"<p>Max Factor Panstik \u00e4r en foundation som ger maximal t\u00e4ckning och d\u00f6ljer oj\u00e4mnheter s\u00e5som pigmentfl\u00e4ckar. Dessutom minimeras fina linjer och rynkor. En bekv\u00e4m stick-applikator och kr\u00e4mig formula som ger en mjuk finish.<\/p>\n","protected":false},"featured_media":31355,"comment_status":"open","ping_status":"closed","template":"","meta":{"_trash_the_other_posts":false},"product_brand":[],"product_cat":[579],"product_tag":[3600],"berocket_brand":[1013],"class_list":{"0":"post-31366","1":"product","2":"type-product","3":"status-publish","4":"has-post-thumbnail","6":"product_cat-foundation","7":"product_tag-max-factor-panstik","8":"pa_brand-max-factor","9":"pa_variant-013-nouveau-beige","10":"berocket_brand-max-factor","12":"first","13":"instock","14":"sale","15":"taxable","16":"shipping-taxable","17":"purchasable","18":"product-type-simple"},"_links":{"self":[{"href":"https:\/\/stylingagenten.com\/sv\/wp-json\/wp\/v2\/product\/31366","targetHints":{"allow":["GET"]}}],"collection":[{"href":"https:\/\/stylingagenten.com\/sv\/wp-json\/wp\/v2\/product"}],"about":[{"href":"https:\/\/stylingagenten.com\/sv\/wp-json\/wp\/v2\/types\/product"}],"replies":[{"embeddable":true,"href":"https:\/\/stylingagenten.com\/sv\/wp-json\/wp\/v2\/comments?post=31366"}],"version-history":[{"count":0,"href":"https:\/\/stylingagenten.com\/sv\/wp-json\/wp\/v2\/product\/31366\/revisions"}],"wp:featuredmedia":[{"embeddable":true,"href":"https:\/\/stylingagenten.com\/sv\/wp-json\/wp\/v2\/media\/31355"}],"wp:attachment":[{"href":"https:\/\/stylingagenten.com\/sv\/wp-json\/wp\/v2\/media?parent=31366"}],"wp:term":[{"taxonomy":"product_brand","embeddable":true,"href":"https:\/\/stylingagenten.com\/sv\/wp-json\/wp\/v2\/product_brand?post=31366"},{"taxonomy":"product_cat","embeddable":true,"href":"https:\/\/stylingagenten.com\/sv\/wp-json\/wp\/v2\/product_cat?post=31366"},{"taxonomy":"product_tag","embeddable":true,"href":"https:\/\/stylingagenten.com\/sv\/wp-json\/wp\/v2\/product_tag?post=31366"},{"taxonomy":"berocket_brand","embeddable":true,"href":"https:\/\/stylingagenten.com\/sv\/wp-json\/wp\/v2\/berocket_brand?post=31366"}],"curies":[{"name":"wp","href":"https:\/\/api.w.org\/{rel}","templated":true}]}}