{"id":30871,"date":"2025-01-27T19:49:00","date_gmt":"2025-01-27T19:49:00","guid":{"rendered":"https:\/\/staging2.stylingagenten.com\/sv\/produkt\/davidoff-cool-water-woman-edt-30ml\/"},"modified":"2026-04-07T19:48:40","modified_gmt":"2026-04-07T19:48:40","slug":"davidoff-cool-water-woman-edt-30ml","status":"publish","type":"product","link":"https:\/\/stylingagenten.com\/sv\/produkt\/davidoff-cool-water-woman-edt-30ml\/","title":{"rendered":"Davidoff Cool Water Woman Edt 30ml"},"content":{"rendered":"<p>Davidoff Cool Water Woman \u00e4r en fr\u00e4sch doft som f\u00f6rst\u00e4rker kvinnans sj\u00e4lvs\u00e4kra och naturliga sk\u00f6nhet. Uppt\u00e4ck denna gnistrande, fr\u00e4scha och sensuella k\u00e4nsla.<\/p>\n<p><strong>Doftnoter:<\/strong> ozonic notes, citrus, ananas, svarta vinb\u00e4r, honungsmelon, lotus, n\u00e4ckros, majros , jasmine, muguet, iris, vetiver, sandeltr\u00e4, persika &amp; mullb\u00e4r.<\/p>\n","protected":false},"excerpt":{"rendered":"<p>Davidoff Cool Water Woman \u00e4r en fr\u00e4sch doft som f\u00f6rst\u00e4rker kvinnans sj\u00e4lvs\u00e4kra och naturliga sk\u00f6nhet. Uppt\u00e4ck denna gnistrande, fr\u00e4scha och sensuella k\u00e4nsla. Doftnoter: ozonic notes, citrus, ananas, svarta vinb\u00e4r, honungsmelon, lotus, n\u00e4ckros, majros , jasmine, muguet, iris, vetiver, sandeltr\u00e4, persika &amp; mullb\u00e4r.<\/p>\n","protected":false},"featured_media":30869,"comment_status":"open","ping_status":"closed","template":"","meta":{"_trash_the_other_posts":false},"product_brand":[],"product_cat":[823,707,735,999,1006],"product_tag":[2810],"berocket_brand":[1282],"class_list":{"0":"post-30871","1":"product","2":"type-product","3":"status-publish","4":"has-post-thumbnail","6":"product_cat-davidoff-cool-water-woman","7":"product_cat-eau-de-toilette-dam","8":"product_cat-kampanj","9":"product_cat-kampanj-for-henne","10":"product_cat-kampanjpris","11":"product_tag-davidoff-cool-water-woman-edt","12":"pa_brand-davidoff","13":"pa_variant-30ml","14":"berocket_brand-davidoff","16":"first","17":"instock","18":"sale","19":"taxable","20":"shipping-taxable","21":"purchasable","22":"product-type-simple"},"_links":{"self":[{"href":"https:\/\/stylingagenten.com\/sv\/wp-json\/wp\/v2\/product\/30871","targetHints":{"allow":["GET"]}}],"collection":[{"href":"https:\/\/stylingagenten.com\/sv\/wp-json\/wp\/v2\/product"}],"about":[{"href":"https:\/\/stylingagenten.com\/sv\/wp-json\/wp\/v2\/types\/product"}],"replies":[{"embeddable":true,"href":"https:\/\/stylingagenten.com\/sv\/wp-json\/wp\/v2\/comments?post=30871"}],"version-history":[{"count":0,"href":"https:\/\/stylingagenten.com\/sv\/wp-json\/wp\/v2\/product\/30871\/revisions"}],"wp:featuredmedia":[{"embeddable":true,"href":"https:\/\/stylingagenten.com\/sv\/wp-json\/wp\/v2\/media\/30869"}],"wp:attachment":[{"href":"https:\/\/stylingagenten.com\/sv\/wp-json\/wp\/v2\/media?parent=30871"}],"wp:term":[{"taxonomy":"product_brand","embeddable":true,"href":"https:\/\/stylingagenten.com\/sv\/wp-json\/wp\/v2\/product_brand?post=30871"},{"taxonomy":"product_cat","embeddable":true,"href":"https:\/\/stylingagenten.com\/sv\/wp-json\/wp\/v2\/product_cat?post=30871"},{"taxonomy":"product_tag","embeddable":true,"href":"https:\/\/stylingagenten.com\/sv\/wp-json\/wp\/v2\/product_tag?post=30871"},{"taxonomy":"berocket_brand","embeddable":true,"href":"https:\/\/stylingagenten.com\/sv\/wp-json\/wp\/v2\/berocket_brand?post=30871"}],"curies":[{"name":"wp","href":"https:\/\/api.w.org\/{rel}","templated":true}]}}