{"id":29158,"date":"2025-01-27T12:55:05","date_gmt":"2025-01-27T12:55:05","guid":{"rendered":"https:\/\/staging2.stylingagenten.com\/sv\/produkt\/juicy-couture-viva-la-juicy-edp-50ml\/"},"modified":"2026-04-01T22:28:34","modified_gmt":"2026-04-01T22:28:34","slug":"juicy-couture-viva-la-juicy-edp-50ml","status":"publish","type":"product","link":"https:\/\/stylingagenten.com\/sv\/produkt\/juicy-couture-viva-la-juicy-edp-50ml\/","title":{"rendered":"Juicy Couture Viva La Juicy Edp 50ml"},"content":{"rendered":"<p>Juicy Couture Viva La Juicy Edp 50ml \u00e4r en fr\u00e4sch, kul och flirtig doft som \u00e4r sammansatt av en underbar blandning av mandarin, vilda b\u00e4r, kaprifol, gardenia och kr\u00e4mig ambra.<\/p>\n<p><strong>Doftnoter:<\/strong> vilda b\u00e4r, saftig mandarin, kaprifol, gardenia, jasmin, amber, kola, vanilj, sandeltr\u00e4 &amp; praliner. <\/p>\n","protected":false},"excerpt":{"rendered":"<p>Juicy Couture Viva La Juicy Edp 50ml \u00e4r en fr\u00e4sch, kul och flirtig doft som \u00e4r sammansatt av en underbar blandning av mandarin, vilda b\u00e4r, kaprifol, gardenia och kr\u00e4mig ambra. Doftnoter: vilda b\u00e4r, saftig mandarin, kaprifol, gardenia, jasmin, amber, kola, vanilj, sandeltr\u00e4 &amp; praliner.<\/p>\n","protected":false},"featured_media":29154,"comment_status":"open","ping_status":"closed","template":"","meta":{"_trash_the_other_posts":false},"product_brand":[],"product_cat":[706,918,735,999,1006],"product_tag":[3147],"berocket_brand":[1067],"class_list":{"0":"post-29158","1":"product","2":"type-product","3":"status-publish","4":"has-post-thumbnail","6":"product_cat-eau-de-parfum-dam","7":"product_cat-juicy-couture-viva-la-juicy","8":"product_cat-kampanj","9":"product_cat-kampanj-for-henne","10":"product_cat-kampanjpris","11":"product_tag-juicy-couture-viva-la-juicy-edp","12":"pa_brand-juicy-couture","13":"pa_variant-50ml","14":"berocket_brand-juicy-couture","16":"first","17":"instock","18":"sale","19":"taxable","20":"shipping-taxable","21":"purchasable","22":"product-type-simple"},"_links":{"self":[{"href":"https:\/\/stylingagenten.com\/sv\/wp-json\/wp\/v2\/product\/29158","targetHints":{"allow":["GET"]}}],"collection":[{"href":"https:\/\/stylingagenten.com\/sv\/wp-json\/wp\/v2\/product"}],"about":[{"href":"https:\/\/stylingagenten.com\/sv\/wp-json\/wp\/v2\/types\/product"}],"replies":[{"embeddable":true,"href":"https:\/\/stylingagenten.com\/sv\/wp-json\/wp\/v2\/comments?post=29158"}],"version-history":[{"count":0,"href":"https:\/\/stylingagenten.com\/sv\/wp-json\/wp\/v2\/product\/29158\/revisions"}],"wp:featuredmedia":[{"embeddable":true,"href":"https:\/\/stylingagenten.com\/sv\/wp-json\/wp\/v2\/media\/29154"}],"wp:attachment":[{"href":"https:\/\/stylingagenten.com\/sv\/wp-json\/wp\/v2\/media?parent=29158"}],"wp:term":[{"taxonomy":"product_brand","embeddable":true,"href":"https:\/\/stylingagenten.com\/sv\/wp-json\/wp\/v2\/product_brand?post=29158"},{"taxonomy":"product_cat","embeddable":true,"href":"https:\/\/stylingagenten.com\/sv\/wp-json\/wp\/v2\/product_cat?post=29158"},{"taxonomy":"product_tag","embeddable":true,"href":"https:\/\/stylingagenten.com\/sv\/wp-json\/wp\/v2\/product_tag?post=29158"},{"taxonomy":"berocket_brand","embeddable":true,"href":"https:\/\/stylingagenten.com\/sv\/wp-json\/wp\/v2\/berocket_brand?post=29158"}],"curies":[{"name":"wp","href":"https:\/\/api.w.org\/{rel}","templated":true}]}}