{"id":29153,"date":"2025-01-27T12:55:02","date_gmt":"2025-01-27T12:55:02","guid":{"rendered":"https:\/\/staging2.stylingagenten.com\/sv\/produkt\/paris-hilton-dazzle-edp-125ml\/"},"modified":"2026-03-25T14:28:54","modified_gmt":"2026-03-25T14:28:54","slug":"paris-hilton-dazzle-edp-125ml","status":"publish","type":"product","link":"https:\/\/stylingagenten.com\/sv\/produkt\/paris-hilton-dazzle-edp-125ml\/","title":{"rendered":"Paris Hilton Dazzle Edp 125ml"},"content":{"rendered":"<p>Paris Hilton Dazzle Edp 125ml \u00e4r en s\u00f6t och fruktig doft. Parfymen lanserades 2012.<\/p>\n<p><strong>Doftnoter:<\/strong> pink lade \u00e4pple, k\u00f6rsb\u00e4r, persika, violnektar, orchide, apelsin, vanilj, rosa champagne, vit patchouli och mysk.<\/p>\n","protected":false},"excerpt":{"rendered":"<p>Paris Hilton Dazzle Edp 125ml \u00e4r en s\u00f6t och fruktig doft. Parfymen lanserades 2012. Doftnoter: pink lade \u00e4pple, k\u00f6rsb\u00e4r, persika, violnektar, orchide, apelsin, vanilj, rosa champagne, vit patchouli och mysk.<\/p>\n","protected":false},"featured_media":29151,"comment_status":"open","ping_status":"closed","template":"","meta":{"_trash_the_other_posts":false},"product_brand":[],"product_cat":[706,735,999],"product_tag":[],"berocket_brand":[1051],"class_list":{"0":"post-29153","1":"product","2":"type-product","3":"status-publish","4":"has-post-thumbnail","6":"product_cat-eau-de-parfum-dam","7":"product_cat-kampanj","8":"product_cat-kampanj-for-henne","9":"pa_brand-paris-hilton","10":"berocket_brand-paris-hilton","12":"first","13":"instock","14":"sale","15":"taxable","16":"shipping-taxable","17":"purchasable","18":"product-type-simple"},"_links":{"self":[{"href":"https:\/\/stylingagenten.com\/sv\/wp-json\/wp\/v2\/product\/29153","targetHints":{"allow":["GET"]}}],"collection":[{"href":"https:\/\/stylingagenten.com\/sv\/wp-json\/wp\/v2\/product"}],"about":[{"href":"https:\/\/stylingagenten.com\/sv\/wp-json\/wp\/v2\/types\/product"}],"replies":[{"embeddable":true,"href":"https:\/\/stylingagenten.com\/sv\/wp-json\/wp\/v2\/comments?post=29153"}],"version-history":[{"count":0,"href":"https:\/\/stylingagenten.com\/sv\/wp-json\/wp\/v2\/product\/29153\/revisions"}],"wp:featuredmedia":[{"embeddable":true,"href":"https:\/\/stylingagenten.com\/sv\/wp-json\/wp\/v2\/media\/29151"}],"wp:attachment":[{"href":"https:\/\/stylingagenten.com\/sv\/wp-json\/wp\/v2\/media?parent=29153"}],"wp:term":[{"taxonomy":"product_brand","embeddable":true,"href":"https:\/\/stylingagenten.com\/sv\/wp-json\/wp\/v2\/product_brand?post=29153"},{"taxonomy":"product_cat","embeddable":true,"href":"https:\/\/stylingagenten.com\/sv\/wp-json\/wp\/v2\/product_cat?post=29153"},{"taxonomy":"product_tag","embeddable":true,"href":"https:\/\/stylingagenten.com\/sv\/wp-json\/wp\/v2\/product_tag?post=29153"},{"taxonomy":"berocket_brand","embeddable":true,"href":"https:\/\/stylingagenten.com\/sv\/wp-json\/wp\/v2\/berocket_brand?post=29153"}],"curies":[{"name":"wp","href":"https:\/\/api.w.org\/{rel}","templated":true}]}}