{"id":28604,"date":"2025-01-27T12:51:45","date_gmt":"2025-01-27T12:51:45","guid":{"rendered":"https:\/\/staging2.stylingagenten.com\/sv\/produkt\/beauty-uk-twist-eye-liner-pencil-dark-brown\/"},"modified":"2026-03-15T16:38:01","modified_gmt":"2026-03-15T16:38:01","slug":"beauty-uk-twist-eye-liner-pencil-dark-brown","status":"publish","type":"product","link":"https:\/\/stylingagenten.com\/sv\/produkt\/beauty-uk-twist-eye-liner-pencil-dark-brown\/","title":{"rendered":"Beauty UK Twist Eye Liner Pencil &#8211; Dark Brown"},"content":{"rendered":"<p>Beauty UK Twist Eye Liner Pencil &#8211; Dark Brown. Med en integrerad v\u00e4ssare f\u00f6r att h\u00e5lla \u00f6gonpennan perfekt hela tiden. Denna l\u00e5ngvariga, intensivt pigmenterade, \u00f6gonpenna ger full kontroll och maximal definition som inte bleknar n\u00e4r du beh\u00f6ver det som mest.<\/p>\n","protected":false},"excerpt":{"rendered":"<p>Beauty UK Twist Eye Liner Pencil &#8211; Dark Brown. Med en integrerad v\u00e4ssare f\u00f6r att h\u00e5lla \u00f6gonpennan perfekt hela tiden. Denna l\u00e5ngvariga, intensivt pigmenterade, \u00f6gonpenna ger full kontroll och maximal definition som inte bleknar n\u00e4r du beh\u00f6ver det som mest.<\/p>\n","protected":false},"featured_media":28602,"comment_status":"open","ping_status":"closed","template":"","meta":{"_trash_the_other_posts":false},"product_brand":[],"product_cat":[568],"product_tag":[2526],"berocket_brand":[1059],"class_list":{"0":"post-28604","1":"product","2":"type-product","3":"status-publish","4":"has-post-thumbnail","6":"product_cat-eyeliner-kajal","7":"product_tag-beauty-uk-twist-eye-liner-pencil","8":"pa_brand-beautyuk","9":"pa_variant-dark-brown","10":"berocket_brand-beautyuk","12":"first","13":"instock","14":"sale","15":"taxable","16":"shipping-taxable","17":"purchasable","18":"product-type-simple"},"_links":{"self":[{"href":"https:\/\/stylingagenten.com\/sv\/wp-json\/wp\/v2\/product\/28604","targetHints":{"allow":["GET"]}}],"collection":[{"href":"https:\/\/stylingagenten.com\/sv\/wp-json\/wp\/v2\/product"}],"about":[{"href":"https:\/\/stylingagenten.com\/sv\/wp-json\/wp\/v2\/types\/product"}],"replies":[{"embeddable":true,"href":"https:\/\/stylingagenten.com\/sv\/wp-json\/wp\/v2\/comments?post=28604"}],"version-history":[{"count":0,"href":"https:\/\/stylingagenten.com\/sv\/wp-json\/wp\/v2\/product\/28604\/revisions"}],"wp:featuredmedia":[{"embeddable":true,"href":"https:\/\/stylingagenten.com\/sv\/wp-json\/wp\/v2\/media\/28602"}],"wp:attachment":[{"href":"https:\/\/stylingagenten.com\/sv\/wp-json\/wp\/v2\/media?parent=28604"}],"wp:term":[{"taxonomy":"product_brand","embeddable":true,"href":"https:\/\/stylingagenten.com\/sv\/wp-json\/wp\/v2\/product_brand?post=28604"},{"taxonomy":"product_cat","embeddable":true,"href":"https:\/\/stylingagenten.com\/sv\/wp-json\/wp\/v2\/product_cat?post=28604"},{"taxonomy":"product_tag","embeddable":true,"href":"https:\/\/stylingagenten.com\/sv\/wp-json\/wp\/v2\/product_tag?post=28604"},{"taxonomy":"berocket_brand","embeddable":true,"href":"https:\/\/stylingagenten.com\/sv\/wp-json\/wp\/v2\/berocket_brand?post=28604"}],"curies":[{"name":"wp","href":"https:\/\/api.w.org\/{rel}","templated":true}]}}