{"id":26538,"date":"2025-01-27T12:40:26","date_gmt":"2025-01-27T12:40:26","guid":{"rendered":"https:\/\/staging2.stylingagenten.com\/sv\/produkt\/giftset-hugo-boss-bottled-edt-100ml-shower-gel-100ml-deo-spray-150ml\/"},"modified":"2026-03-17T15:28:47","modified_gmt":"2026-03-17T15:28:47","slug":"giftset-hugo-boss-bottled-edt-100ml-shower-gel-100ml-deo-spray-150ml","status":"publish","type":"product","link":"https:\/\/stylingagenten.com\/sv\/produkt\/giftset-hugo-boss-bottled-edt-100ml-shower-gel-100ml-deo-spray-150ml\/","title":{"rendered":"Giftset Hugo Boss Bottled Edt 100ml + Shower Gel 100ml + Deo Spray 150ml"},"content":{"rendered":"<p>Hugo Boss Bottled Edt \u00e4r en frisk doft med en mix av \u00e4pple, kryddor och sensuella tr\u00e4noter. En riktig klassiker f\u00f6r den moderna mannen.<\/p>\n<p>Doftnoter: bergamott, \u00e4pple, kanel, tagetes, kryddnejlika, cedertr\u00e4, sandelstr\u00e4, patchouli, amber, vetiver &amp; olivtr\u00e4.<\/p>\n<p><strong>Inneh\u00e5ller:&nbsp;<\/strong><br \/>Hugo Boss Bottled Edt 100ml<br \/>Hugo Boss Bottled Deodorant Spray 150ml<br \/>Hugo Boss Bottled Shower Gel 100ml<\/p>\n<p><\/p>\n","protected":false},"excerpt":{"rendered":"<p>Hugo Boss Bottled Edt \u00e4r en frisk doft med en mix av \u00e4pple, kryddor och sensuella tr\u00e4noter. En riktig klassiker f\u00f6r den moderna mannen. Doftnoter: bergamott, \u00e4pple, kanel, tagetes, kryddnejlika, cedertr\u00e4, sandelstr\u00e4, patchouli, amber, vetiver &amp; olivtr\u00e4. Inneh\u00e5ller:&nbsp;Hugo Boss Bottled Edt 100mlHugo Boss Bottled Deodorant Spray 150mlHugo Boss Bottled Shower Gel 100ml<\/p>\n","protected":false},"featured_media":26537,"comment_status":"open","ping_status":"closed","template":"","meta":{"_trash_the_other_posts":false},"product_brand":[],"product_cat":[548,735,1000],"product_tag":[],"berocket_brand":[1339],"class_list":{"0":"post-26538","1":"product","2":"type-product","3":"status-publish","4":"has-post-thumbnail","6":"product_cat-giftset-parfym-herr","7":"product_cat-kampanj","8":"product_cat-kampanj-for-honom","9":"pa_brand-hugo-boss","10":"berocket_brand-hugo-boss","12":"first","13":"instock","14":"sale","15":"taxable","16":"shipping-taxable","17":"purchasable","18":"product-type-simple"},"_links":{"self":[{"href":"https:\/\/stylingagenten.com\/sv\/wp-json\/wp\/v2\/product\/26538","targetHints":{"allow":["GET"]}}],"collection":[{"href":"https:\/\/stylingagenten.com\/sv\/wp-json\/wp\/v2\/product"}],"about":[{"href":"https:\/\/stylingagenten.com\/sv\/wp-json\/wp\/v2\/types\/product"}],"replies":[{"embeddable":true,"href":"https:\/\/stylingagenten.com\/sv\/wp-json\/wp\/v2\/comments?post=26538"}],"version-history":[{"count":0,"href":"https:\/\/stylingagenten.com\/sv\/wp-json\/wp\/v2\/product\/26538\/revisions"}],"wp:featuredmedia":[{"embeddable":true,"href":"https:\/\/stylingagenten.com\/sv\/wp-json\/wp\/v2\/media\/26537"}],"wp:attachment":[{"href":"https:\/\/stylingagenten.com\/sv\/wp-json\/wp\/v2\/media?parent=26538"}],"wp:term":[{"taxonomy":"product_brand","embeddable":true,"href":"https:\/\/stylingagenten.com\/sv\/wp-json\/wp\/v2\/product_brand?post=26538"},{"taxonomy":"product_cat","embeddable":true,"href":"https:\/\/stylingagenten.com\/sv\/wp-json\/wp\/v2\/product_cat?post=26538"},{"taxonomy":"product_tag","embeddable":true,"href":"https:\/\/stylingagenten.com\/sv\/wp-json\/wp\/v2\/product_tag?post=26538"},{"taxonomy":"berocket_brand","embeddable":true,"href":"https:\/\/stylingagenten.com\/sv\/wp-json\/wp\/v2\/berocket_brand?post=26538"}],"curies":[{"name":"wp","href":"https:\/\/api.w.org\/{rel}","templated":true}]}}