{"id":26007,"date":"2025-01-27T12:35:34","date_gmt":"2025-01-27T12:35:34","guid":{"rendered":"https:\/\/staging2.stylingagenten.com\/sv\/produkt\/nyx-prof-makeup-micro-brow-pencil-auburn\/"},"modified":"2025-12-18T21:55:15","modified_gmt":"2025-12-18T21:55:15","slug":"nyx-prof-makeup-micro-brow-pencil-auburn","status":"publish","type":"product","link":"https:\/\/stylingagenten.com\/sv\/produkt\/nyx-prof-makeup-micro-brow-pencil-auburn\/","title":{"rendered":"NYX PROF. MAKEUP Micro Brow Pencil &#8211; Auburn"},"content":{"rendered":"<p>Anv\u00e4nd NYX PROFESSIONAL MAKEUP Micro Brow Pencil &#8211; Auburn f\u00f6r att f\u00e5 definierade och fylliga bryn! Denna ljuvliga \u00f6gonbrynspenna har en h\u00e4rlig formula som glider p\u00e5 dina \u00f6gonbryn, och dess tunna spets g\u00f6r det enkelt att definiera och forma dina bryn som du vill ha dem. Denna brynpenna g\u00f6r det enkelt att f\u00e5 ett precist resultat med en snygg och naturlig finish! Pennan har dessutom en borste p\u00e5 ena sidan.<\/p>\n<p>Inneh\u00e5ll: 0,09 g<\/p><\/p>\n","protected":false},"excerpt":{"rendered":"<p>Anv\u00e4nd NYX PROFESSIONAL MAKEUP Micro Brow Pencil &#8211; Auburn f\u00f6r att f\u00e5 definierade och fylliga bryn! Denna ljuvliga \u00f6gonbrynspenna har en h\u00e4rlig formula som glider p\u00e5 dina \u00f6gonbryn, och dess tunna spets g\u00f6r det enkelt att definiera och forma dina bryn som du vill ha dem. Denna brynpenna g\u00f6r det enkelt att f\u00e5 ett precist [&hellip;]<\/p>\n","protected":false},"featured_media":26003,"comment_status":"open","ping_status":"closed","template":"","meta":{"_trash_the_other_posts":false},"product_brand":[],"product_cat":[625],"product_tag":[3813],"berocket_brand":[1025],"class_list":{"0":"post-26007","1":"product","2":"type-product","3":"status-publish","4":"has-post-thumbnail","6":"product_cat-ogonbrynspenna","7":"product_tag-nyx-prof-makeup-micro-brow-pencil","8":"pa_brand-nyx","9":"pa_variant-auburn","10":"berocket_brand-nyx","12":"first","13":"instock","14":"sale","15":"taxable","16":"shipping-taxable","17":"purchasable","18":"product-type-simple"},"_links":{"self":[{"href":"https:\/\/stylingagenten.com\/sv\/wp-json\/wp\/v2\/product\/26007","targetHints":{"allow":["GET"]}}],"collection":[{"href":"https:\/\/stylingagenten.com\/sv\/wp-json\/wp\/v2\/product"}],"about":[{"href":"https:\/\/stylingagenten.com\/sv\/wp-json\/wp\/v2\/types\/product"}],"replies":[{"embeddable":true,"href":"https:\/\/stylingagenten.com\/sv\/wp-json\/wp\/v2\/comments?post=26007"}],"version-history":[{"count":0,"href":"https:\/\/stylingagenten.com\/sv\/wp-json\/wp\/v2\/product\/26007\/revisions"}],"wp:featuredmedia":[{"embeddable":true,"href":"https:\/\/stylingagenten.com\/sv\/wp-json\/wp\/v2\/media\/26003"}],"wp:attachment":[{"href":"https:\/\/stylingagenten.com\/sv\/wp-json\/wp\/v2\/media?parent=26007"}],"wp:term":[{"taxonomy":"product_brand","embeddable":true,"href":"https:\/\/stylingagenten.com\/sv\/wp-json\/wp\/v2\/product_brand?post=26007"},{"taxonomy":"product_cat","embeddable":true,"href":"https:\/\/stylingagenten.com\/sv\/wp-json\/wp\/v2\/product_cat?post=26007"},{"taxonomy":"product_tag","embeddable":true,"href":"https:\/\/stylingagenten.com\/sv\/wp-json\/wp\/v2\/product_tag?post=26007"},{"taxonomy":"berocket_brand","embeddable":true,"href":"https:\/\/stylingagenten.com\/sv\/wp-json\/wp\/v2\/berocket_brand?post=26007"}],"curies":[{"name":"wp","href":"https:\/\/api.w.org\/{rel}","templated":true}]}}