{"id":25787,"date":"2025-01-27T12:34:58","date_gmt":"2025-01-27T12:34:58","guid":{"rendered":"https:\/\/staging2.stylingagenten.com\/sv\/produkt\/victorias-secret-strawberries-and-champagne-fragrance-lotion-236ml\/"},"modified":"2026-03-30T07:29:24","modified_gmt":"2026-03-30T07:29:24","slug":"victorias-secret-strawberries-and-champagne-fragrance-lotion-236ml","status":"publish","type":"product","link":"https:\/\/stylingagenten.com\/sv\/produkt\/victorias-secret-strawberries-and-champagne-fragrance-lotion-236ml\/","title":{"rendered":"Victoria&#8217;s Secret Strawberries And Champagne Fragrance Lotion 236ml"},"content":{"rendered":"<p>Strawberries &amp; Champagne fr\u00e5n Victoria\u00b4s Secret \u00e4r en s\u00f6t och bubblig doft. Den bjuder p\u00e5 en h\u00e4rlig mix av s\u00f6ta jordgubbar och champagne.\u00a0<\/p>\n","protected":false},"excerpt":{"rendered":"<p>Strawberries &amp; Champagne fr\u00e5n Victoria\u00b4s Secret \u00e4r en s\u00f6t och bubblig doft. Den bjuder p\u00e5 en h\u00e4rlig mix av s\u00f6ta jordgubbar och champagne.\u00a0<\/p>\n","protected":false},"featured_media":4456765228,"comment_status":"open","ping_status":"closed","template":"","meta":{"_trash_the_other_posts":false},"product_brand":[],"product_cat":[572],"product_tag":[],"berocket_brand":[1160],"class_list":{"0":"post-25787","1":"product","2":"type-product","3":"status-publish","4":"has-post-thumbnail","6":"product_cat-bodylotion","7":"pa_brand-victorias-secret","8":"berocket_brand-victorias-secret","10":"first","11":"instock","12":"sale","13":"taxable","14":"shipping-taxable","15":"purchasable","16":"product-type-simple"},"_links":{"self":[{"href":"https:\/\/stylingagenten.com\/sv\/wp-json\/wp\/v2\/product\/25787","targetHints":{"allow":["GET"]}}],"collection":[{"href":"https:\/\/stylingagenten.com\/sv\/wp-json\/wp\/v2\/product"}],"about":[{"href":"https:\/\/stylingagenten.com\/sv\/wp-json\/wp\/v2\/types\/product"}],"replies":[{"embeddable":true,"href":"https:\/\/stylingagenten.com\/sv\/wp-json\/wp\/v2\/comments?post=25787"}],"version-history":[{"count":0,"href":"https:\/\/stylingagenten.com\/sv\/wp-json\/wp\/v2\/product\/25787\/revisions"}],"wp:featuredmedia":[{"embeddable":true,"href":"https:\/\/stylingagenten.com\/sv\/wp-json\/wp\/v2\/media\/4456765228"}],"wp:attachment":[{"href":"https:\/\/stylingagenten.com\/sv\/wp-json\/wp\/v2\/media?parent=25787"}],"wp:term":[{"taxonomy":"product_brand","embeddable":true,"href":"https:\/\/stylingagenten.com\/sv\/wp-json\/wp\/v2\/product_brand?post=25787"},{"taxonomy":"product_cat","embeddable":true,"href":"https:\/\/stylingagenten.com\/sv\/wp-json\/wp\/v2\/product_cat?post=25787"},{"taxonomy":"product_tag","embeddable":true,"href":"https:\/\/stylingagenten.com\/sv\/wp-json\/wp\/v2\/product_tag?post=25787"},{"taxonomy":"berocket_brand","embeddable":true,"href":"https:\/\/stylingagenten.com\/sv\/wp-json\/wp\/v2\/berocket_brand?post=25787"}],"curies":[{"name":"wp","href":"https:\/\/api.w.org\/{rel}","templated":true}]}}