{"id":25767,"date":"2025-01-27T12:34:55","date_gmt":"2025-01-27T12:34:55","guid":{"rendered":"https:\/\/staging2.stylingagenten.com\/sv\/produkt\/vera-wang-embrace-body-mist-periwinkle-and-iris-240ml\/"},"modified":"2026-04-11T08:38:28","modified_gmt":"2026-04-11T08:38:28","slug":"vera-wang-embrace-body-mist-periwinkle-and-iris-240ml","status":"publish","type":"product","link":"https:\/\/stylingagenten.com\/sv\/produkt\/vera-wang-embrace-body-mist-periwinkle-and-iris-240ml\/","title":{"rendered":"Vera Wang Embrace Body Mist Periwinkle And Iris 240ml"},"content":{"rendered":"<p>Embrace Periwinkle &amp; Iris av Vera Wang \u00e4r en b\u00e4rnstensblommig doft f\u00f6r kvinnor. Toppnoter: Bergamott och Mandarin Hj\u00e4rtnoter: Iris, Viol, Periwinkle och Jasmin Basnoter: Vispad gr\u00e4dde, socker, vanilj och bensoin.<\/p>\n","protected":false},"excerpt":{"rendered":"<p>Embrace Periwinkle &amp; Iris av Vera Wang \u00e4r en b\u00e4rnstensblommig doft f\u00f6r kvinnor. Toppnoter: Bergamott och Mandarin Hj\u00e4rtnoter: Iris, Viol, Periwinkle och Jasmin Basnoter: Vispad gr\u00e4dde, socker, vanilj och bensoin.<\/p>\n","protected":false},"featured_media":25765,"comment_status":"open","ping_status":"closed","template":"","meta":{"_trash_the_other_posts":false},"product_brand":[],"product_cat":[585,735,999],"product_tag":[],"berocket_brand":[1078],"class_list":{"0":"post-25767","1":"product","2":"type-product","3":"status-publish","4":"has-post-thumbnail","6":"product_cat-bodymist-dam","7":"product_cat-kampanj","8":"product_cat-kampanj-for-henne","9":"pa_brand-vera-wang","10":"berocket_brand-vera-wang","12":"first","13":"instock","14":"sale","15":"taxable","16":"shipping-taxable","17":"purchasable","18":"product-type-simple"},"_links":{"self":[{"href":"https:\/\/stylingagenten.com\/sv\/wp-json\/wp\/v2\/product\/25767","targetHints":{"allow":["GET"]}}],"collection":[{"href":"https:\/\/stylingagenten.com\/sv\/wp-json\/wp\/v2\/product"}],"about":[{"href":"https:\/\/stylingagenten.com\/sv\/wp-json\/wp\/v2\/types\/product"}],"replies":[{"embeddable":true,"href":"https:\/\/stylingagenten.com\/sv\/wp-json\/wp\/v2\/comments?post=25767"}],"version-history":[{"count":0,"href":"https:\/\/stylingagenten.com\/sv\/wp-json\/wp\/v2\/product\/25767\/revisions"}],"wp:featuredmedia":[{"embeddable":true,"href":"https:\/\/stylingagenten.com\/sv\/wp-json\/wp\/v2\/media\/25765"}],"wp:attachment":[{"href":"https:\/\/stylingagenten.com\/sv\/wp-json\/wp\/v2\/media?parent=25767"}],"wp:term":[{"taxonomy":"product_brand","embeddable":true,"href":"https:\/\/stylingagenten.com\/sv\/wp-json\/wp\/v2\/product_brand?post=25767"},{"taxonomy":"product_cat","embeddable":true,"href":"https:\/\/stylingagenten.com\/sv\/wp-json\/wp\/v2\/product_cat?post=25767"},{"taxonomy":"product_tag","embeddable":true,"href":"https:\/\/stylingagenten.com\/sv\/wp-json\/wp\/v2\/product_tag?post=25767"},{"taxonomy":"berocket_brand","embeddable":true,"href":"https:\/\/stylingagenten.com\/sv\/wp-json\/wp\/v2\/berocket_brand?post=25767"}],"curies":[{"name":"wp","href":"https:\/\/api.w.org\/{rel}","templated":true}]}}